{"id":11769,"date":"2025-04-08T02:58:01","date_gmt":"2025-04-08T02:58:01","guid":{"rendered":"https:\/\/toprisesafety.com\/?post_type=product&#038;p=11769"},"modified":"2025-04-14T05:13:14","modified_gmt":"2025-04-14T05:13:14","slug":"cotton-liner-pvc-sandy-coated-gloves","status":"publish","type":"product","link":"https:\/\/toprisesafety.com\/de\/product\/cotton-liner-pvc-sandy-coated-gloves\/","title":{"rendered":"Cotton Liner PVC Sandy Coated Handschuhe"},"content":{"rendered":"<h2>Cotton Liner PVC Sandy Coated Handschuhe<\/h2>\n<table>\n<tbody>\n<tr>\n<td width=\"284\">ART NO.<\/td>\n<td width=\"335\">PVC06<\/td>\n<\/tr>\n<tr>\n<td width=\"284\">Material<\/td>\n<td width=\"335\">27CM PVC sandgestrichene Handschuhe .<\/td>\n<\/tr>\n<tr>\n<td width=\"284\">Oberfl\u00e4che<\/td>\n<td width=\"335\">PVC sandfarben beschichtet<\/td>\n<\/tr>\n<tr>\n<td width=\"284\">Gewicht<\/td>\n<td width=\"335\">\u00dcber145g\/Paar<\/td>\n<\/tr>\n<tr>\n<td width=\"284\">Gr\u00f6\u00dfe<\/td>\n<td width=\"335\">27CM oder kundenspezifische Gr\u00f6\u00dfe.<\/td>\n<\/tr>\n<tr>\n<td width=\"284\">Qualit\u00e4tsstandard<\/td>\n<td width=\"335\">CE EN388<\/td>\n<\/tr>\n<tr>\n<td width=\"284\">Logo<\/td>\n<td width=\"335\">Siebdruck, Thermotransferdruck zur Auswahl.<\/td>\n<\/tr>\n<tr>\n<td width=\"284\">Farbe<\/td>\n<td width=\"335\">Kundenspezifische Unterst\u00fctzung<\/td>\n<\/tr>\n<tr>\n<td width=\"284\">MOQ<\/td>\n<td width=\"335\">500 DUTZEND (6000 PAARE)<\/td>\n<\/tr>\n<tr>\n<td width=\"284\">Verpacken<\/td>\n<td width=\"335\">12 Paar pro Polybeutel, 120 Paar pro Karton oder kundenspezifisch<\/td>\n<\/tr>\n<tr>\n<td width=\"284\">Anmeldung<\/td>\n<td width=\"335\">Mechanische Montage, Arbeiten im Freien, Forstwirtschaft, Bergbau, Baustellen, Lagerhaltung, Be- und Entladen, Wartung usw.<\/td>\n<\/tr>\n<\/tbody>\n<\/table>\n<p>Sind die H\u00e4nde anf\u00e4llig f\u00fcr Chemikalien oder \u00d6l?<\/p>\n<p>\u2192 Die PVC-impr\u00e4gnierte Schicht hat gute Anti-\u00d6l-, Anti-S\u00e4ure- und Anti-Alkali-Eigenschaften und eignet sich f\u00fcr die Petrochemie, die mechanische Verarbeitung, die Reinigung und andere Arbeitsumgebungen und sch\u00fctzt die H\u00e4nde effektiv vor Sch\u00e4den.<\/p>\n<p>Sind normale Handschuhe zu rutschig, um Werkzeuge zu greifen?<\/p>\n<p>\u2192 Die mattierte Handoberfl\u00e4che verbessert die Reibung, sorgt f\u00fcr besseren Halt, verringert die Gefahr des Abrutschens des Werkzeugs und verbessert die Arbeitseffizienz und Sicherheit.<\/p>\n<p>Tragen Sie es lange Zeit?<\/p>\n<p>\u2192 Baumwoll-Woll-Futter, weich und atmungsaktiv, bequem zu absorbieren Schwei\u00df, geeignet f\u00fcr langfristige tragen, nicht leicht zu ersticken H\u00e4nde oder produzieren Haut Beschwerden.<\/p>\n<p>Zu kurze Handschuhe, Handgelenk leicht nass oder schmutzig?<\/p>\n<p>\u2192 27CM verl\u00e4ngertes Design, deckt effektiv das Handgelenk oben, verbessert den Schutzbereich, geeignet f\u00fcr Autow\u00e4sche, Reinigung, gro\u00df angelegte Operationen und andere Szenen.<\/p>\n<p>Die Produkte m\u00fcssen mit einem individuellen LOGO versehen werden, um die Markendarstellung zu verbessern.<\/p>\n<p>\u2192 Unterst\u00fctzung des kundenspezifischen Firmenlogos, Unterst\u00fctzung der Markenwerbung, besonders geeignet f\u00fcr Gruppenk\u00e4ufe, Firmengeschenke und die Verteilung von Personalausstattung.<\/p>\n<p>Sie kaufen in gro\u00dfen Mengen und sind besorgt, dass die Verpackung nicht den Anforderungen entspricht?<\/p>\n<p>\u2192 Kann nach den Anforderungen des Kunden verpackt werden, um die Spezifikationen und Ausstellungsanforderungen einer Vielzahl von Exporten, E-Commerce, Superm\u00e4rkten und anderen Vertriebskan\u00e4len zu erf\u00fcllen.<\/p>\n<p>Sind Sie besorgt, dass das Produkt nicht haltbar oder leicht zu brechen ist?<\/p>\n<p>\u2192 Hochwertige PVC-impr\u00e4gnierte Schicht + Baumwollgewebesubstrat, Verschlei\u00df- und Rei\u00dffestigkeit, verbesserte Lebensdauer und geringere Austauschh\u00e4ufigkeit.<\/p>\n<p>&nbsp;<\/p>\n<p>TOPRISE unterst\u00fctzt verschiedene Arten der Anpassung von PVC-Tauchhandschuhen; zum Anklicken <a href=\"https:\/\/toprisesafety.com\/de\/product-category\/personal-protective-equipment\/hand-protection\/pvc-gloves\/\">weitere Modelle von PVC-beschichteten Handschuhen ansehen.<\/a><\/p>\n<p>Wenn Sie die ben\u00f6tigten PVC-beschichteten Handschuhe nicht finden, <a href=\"https:\/\/toprisesafety.com\/de\/contact-us\/\">Kontaktieren Sie uns<\/a>; wir unterst\u00fctzen spezielle Anpassungen.<\/p>","protected":false},"excerpt":{"rendered":"<p>Art-Nr.: PVC06<\/p>\n<p>Material: 27CM PVC beschichtete Handschuhe mit Chips.<\/p>\n<p>Gewicht: \u00fcber 145g\/Paar<\/p>\n<p>Gr\u00f6\u00dfe: 27CM oder kundenspezifische Gr\u00f6\u00dfe.<\/p>\n<p>Qualit\u00e4tsstandard: CE EN388<\/p>\n<p>ST\u00dcCKZAHL: 1000 DZ (12000 PAARE)<\/p>","protected":false},"featured_media":11770,"template":"","meta":{"_acf_changed":false},"product_brand":[],"product_cat":[350,345],"product_tag":[],"class_list":{"0":"post-11769","1":"product","2":"type-product","3":"status-publish","4":"has-post-thumbnail","6":"product_cat-pvc-gloves","7":"product_cat-hand-protection","9":"first","10":"instock","11":"shipping-taxable","12":"product-type-simple"},"acf":[],"_links":{"self":[{"href":"https:\/\/toprisesafety.com\/de\/wp-json\/wp\/v2\/product\/11769"}],"collection":[{"href":"https:\/\/toprisesafety.com\/de\/wp-json\/wp\/v2\/product"}],"about":[{"href":"https:\/\/toprisesafety.com\/de\/wp-json\/wp\/v2\/types\/product"}],"wp:featuredmedia":[{"embeddable":true,"href":"https:\/\/toprisesafety.com\/de\/wp-json\/wp\/v2\/media\/11770"}],"wp:attachment":[{"href":"https:\/\/toprisesafety.com\/de\/wp-json\/wp\/v2\/media?parent=11769"}],"wp:term":[{"taxonomy":"product_brand","embeddable":true,"href":"https:\/\/toprisesafety.com\/de\/wp-json\/wp\/v2\/product_brand?post=11769"},{"taxonomy":"product_cat","embeddable":true,"href":"https:\/\/toprisesafety.com\/de\/wp-json\/wp\/v2\/product_cat?post=11769"},{"taxonomy":"product_tag","embeddable":true,"href":"https:\/\/toprisesafety.com\/de\/wp-json\/wp\/v2\/product_tag?post=11769"}],"curies":[{"name":"wp","href":"https:\/\/api.w.org\/{rel}","templated":true}]}}