{"id":11764,"date":"2025-04-08T02:43:05","date_gmt":"2025-04-08T02:43:05","guid":{"rendered":"https:\/\/toprisesafety.com\/?post_type=product&#038;p=11764"},"modified":"2025-04-14T05:14:19","modified_gmt":"2025-04-14T05:14:19","slug":"orange-pvc-coated-work-gloves","status":"publish","type":"product","link":"https:\/\/toprisesafety.com\/de\/product\/orange-pvc-coated-work-gloves\/","title":{"rendered":"Orangefarbene PVC-beschichtete Arbeitshandschuhe"},"content":{"rendered":"<h2>Orangefarbene PVC-beschichtete Arbeitshandschuhe<\/h2>\n<ul>\n<li>Sehr verschlei\u00dffest, geeignet f\u00fcr hochbeanspruchte Arbeiten wie mechanische Montage und Baustellen;<\/li>\n<li>Wasserdicht, \u00f6lbest\u00e4ndig und zum Schutz der H\u00e4nde vor Verunreinigungen durch Chemikalien oder Fl\u00fcssigkeiten;<\/li>\n<li>Atmungsaktives Design sorgt f\u00fcr Komfort, geeignet f\u00fcr langes Tragen.<\/li>\n<li>Die lange Haltbarkeit verl\u00e4ngert die Lebensdauer und reduziert die H\u00e4ufigkeit des Austauschs.<\/li>\n<li>Unterst\u00fctzung der Anpassung: Kunden k\u00f6nnen ein spezifisches LOGO hinzuf\u00fcgen, um die Bed\u00fcrfnisse der Marke zu erf\u00fcllen.<\/li>\n<\/ul>\n<table>\n<tbody>\n<tr>\n<td width=\"284\">ART NO.<\/td>\n<td width=\"335\">PVC03<\/td>\n<\/tr>\n<tr>\n<td width=\"284\">Material<\/td>\n<td width=\"335\">13 Gauge Polyestergestrick mit PVC-Beschichtung<\/p>\n<p>&nbsp;<\/td>\n<\/tr>\n<tr>\n<td width=\"284\">Oberfl\u00e4che<\/td>\n<td width=\"335\">PVC-beschichtet<\/td>\n<\/tr>\n<tr>\n<td width=\"284\">Gewicht<\/td>\n<td width=\"335\">\u00fcber 90 g\/Paar<\/td>\n<\/tr>\n<tr>\n<td width=\"284\">Gr\u00f6\u00dfe<\/td>\n<td width=\"335\">24CM oder kundenspezifische Gr\u00f6\u00dfe.<\/td>\n<\/tr>\n<tr>\n<td width=\"284\">Qualit\u00e4tsstandard<\/td>\n<td width=\"335\">CE EN388<\/td>\n<\/tr>\n<tr>\n<td width=\"284\">Logo<\/td>\n<td width=\"335\">Siebdruck, Thermotransferdruck zur Auswahl.<\/td>\n<\/tr>\n<tr>\n<td width=\"284\">Farbe<\/td>\n<td width=\"335\">Kundenspezifische Unterst\u00fctzung<\/td>\n<\/tr>\n<tr>\n<td width=\"284\">MOQ<\/td>\n<td width=\"335\">500 DUTZEND (6000 PAARE)<\/td>\n<\/tr>\n<tr>\n<td width=\"284\">Verpacken<\/td>\n<td width=\"335\">12 Paar pro Polybeutel, 120 Paar pro Karton oder kundenspezifisch<\/td>\n<\/tr>\n<tr>\n<td width=\"284\">Anmeldung<\/td>\n<td width=\"335\">Mechanische Montage, Arbeiten im Freien, Forstwirtschaft, Bergbau, Baustellen, Lagerhaltung, Be- und Entladen, Wartung usw.<\/td>\n<\/tr>\n<\/tbody>\n<\/table>\n<p>TOPRISE unterst\u00fctzt verschiedene Arten der Anpassung von PVC-Tauchhandschuhen; zum Anklicken <a href=\"https:\/\/toprisesafety.com\/de\/product-category\/personal-protective-equipment\/hand-protection\/pvc-gloves\/\">weitere Modelle von PVC-beschichteten Handschuhen ansehen.<\/a><\/p>\n<p>Wenn Sie die ben\u00f6tigten PVC-beschichteten Handschuhe nicht finden, <a href=\"https:\/\/toprisesafety.com\/de\/contact-us\/\">Kontaktieren Sie uns<\/a>; wir unterst\u00fctzen spezielle Anpassungen.<\/p>","protected":false},"excerpt":{"rendered":"<p>Art.Nr.: PVC03<\/p>\n<p>Material: 13 Guage Polyester gestrickt mit PVC beschichtet<\/p>\n<p>Gewicht: \u00fcber 90g\/Paar<\/p>\n<p>Gr\u00f6\u00dfe: 24CM oder kundenspezifische Gr\u00f6\u00dfe.<\/p>\n<p>Qualit\u00e4tsstandard: CE EN388<\/p>\n<p>ST\u00dcCKZAHL: 500 DZ (6000 PAARE)<\/p>","protected":false},"featured_media":11765,"template":"","meta":{"_acf_changed":false},"product_brand":[],"product_cat":[350,345],"product_tag":[],"class_list":{"0":"post-11764","1":"product","2":"type-product","3":"status-publish","4":"has-post-thumbnail","6":"product_cat-pvc-gloves","7":"product_cat-hand-protection","9":"first","10":"instock","11":"shipping-taxable","12":"product-type-simple"},"acf":[],"_links":{"self":[{"href":"https:\/\/toprisesafety.com\/de\/wp-json\/wp\/v2\/product\/11764"}],"collection":[{"href":"https:\/\/toprisesafety.com\/de\/wp-json\/wp\/v2\/product"}],"about":[{"href":"https:\/\/toprisesafety.com\/de\/wp-json\/wp\/v2\/types\/product"}],"wp:featuredmedia":[{"embeddable":true,"href":"https:\/\/toprisesafety.com\/de\/wp-json\/wp\/v2\/media\/11765"}],"wp:attachment":[{"href":"https:\/\/toprisesafety.com\/de\/wp-json\/wp\/v2\/media?parent=11764"}],"wp:term":[{"taxonomy":"product_brand","embeddable":true,"href":"https:\/\/toprisesafety.com\/de\/wp-json\/wp\/v2\/product_brand?post=11764"},{"taxonomy":"product_cat","embeddable":true,"href":"https:\/\/toprisesafety.com\/de\/wp-json\/wp\/v2\/product_cat?post=11764"},{"taxonomy":"product_tag","embeddable":true,"href":"https:\/\/toprisesafety.com\/de\/wp-json\/wp\/v2\/product_tag?post=11764"}],"curies":[{"name":"wp","href":"https:\/\/api.w.org\/{rel}","templated":true}]}}