{"id":11759,"date":"2025-04-08T02:28:53","date_gmt":"2025-04-08T02:28:53","guid":{"rendered":"https:\/\/toprisesafety.com\/?post_type=product&#038;p=11759"},"modified":"2025-04-14T04:18:45","modified_gmt":"2025-04-14T04:18:45","slug":"mechanical-gloves","status":"publish","type":"product","link":"https:\/\/toprisesafety.com\/de\/product\/mechanical-gloves\/","title":{"rendered":"Mechanische Handschuhe"},"content":{"rendered":"<h2>Mechanische Handschuhe<\/h2>\n<ul>\n<li data-pm-slice=\"1 1 []\">Starker Schutz: Ein 13-Gauge-Polyester-Handschuhkern in Kombination mit einer TPE-Beschichtung bietet hervorragende Sto\u00dffestigkeit und Schutz f\u00fcr hochintensive Arbeiten.<\/li>\n<li>Hohe Verschlei\u00dffestigkeit: TPE st\u00e4rkt das Design, verbessert effektiv die Verschlei\u00dffestigkeit und verl\u00e4ngert die Lebensdauer der Handschuhe.<\/li>\n<li>Bequem und atmungsaktiv: Polyester Material Atmungsaktivit\u00e4t ist gut, bequem zu tragen, und langfristige Nutzung ist nicht stickig.<\/li>\n<li>Ausgezeichneter Grip: Die TPE-Beschichtung auf der Handfl\u00e4che bietet einen hervorragenden Anti-Rutsch-Effekt und sorgt f\u00fcr einen stabilen Griff.<\/li>\n<li>Logo und Verpackungsanpassung: Unterst\u00fctzen Sie die Anpassung von Logo und Verpackung, um die Markenpr\u00e4senz zu erh\u00f6hen und individuelle Bed\u00fcrfnisse zu erf\u00fcllen.<\/li>\n<\/ul>\n<table>\n<tbody>\n<tr>\n<td width=\"284\">ART NO.<\/td>\n<td width=\"335\">MG01<\/td>\n<\/tr>\n<tr>\n<td width=\"284\">Material<\/td>\n<td width=\"335\">13 Gauge Polyestergestrick mit TPE-Beschichtung<\/td>\n<\/tr>\n<tr>\n<td width=\"284\">Oberfl\u00e4che<\/td>\n<td width=\"335\">TPE-beschichtet<\/td>\n<\/tr>\n<tr>\n<td width=\"284\">Gewicht<\/td>\n<td width=\"335\">\u00fcber 120 g\/Paar<\/td>\n<\/tr>\n<tr>\n<td width=\"284\">Gr\u00f6\u00dfe<\/td>\n<td width=\"335\">24CM oder kundenspezifische Gr\u00f6\u00dfe.<\/td>\n<\/tr>\n<tr>\n<td width=\"284\">Logo<\/td>\n<td width=\"335\">Siebdruck, Thermotransferdruck zur Auswahl.<\/td>\n<\/tr>\n<tr>\n<td width=\"284\">Farbe<\/td>\n<td width=\"335\">Kundenspezifische Unterst\u00fctzung<\/td>\n<\/tr>\n<tr>\n<td width=\"284\">MOQ<\/td>\n<td width=\"335\">1000 DUTZEND (12000 PAARE)<\/td>\n<\/tr>\n<tr>\n<td width=\"284\">Verpacken<\/td>\n<td width=\"335\">12 Paar pro Polybeutel, 120 Paar pro Karton oder kundenspezifisch<\/td>\n<\/tr>\n<tr>\n<td width=\"284\">Anmeldung<\/td>\n<td width=\"335\">Mechanische Montage, Arbeiten im Freien, Forstwirtschaft, Bergbau, Baustellen, Lagerhaltung, Be- und Entladen, Wartung usw.<\/td>\n<\/tr>\n<\/tbody>\n<\/table>\n<p>TOPRISE unterst\u00fctzt verschiedene Arten der Anpassung von Latexhandschuhen; klicken Sie zum <a href=\"https:\/\/toprisesafety.com\/de\/product-category\/personal-protective-equipment\/hand-protection\/latex-gloves\/\">weitere Modelle von Latexhandschuhen ansehen.<\/a><\/p>\n<p>Wenn Sie die ben\u00f6tigten Latexhandschuhe nicht finden, <a href=\"https:\/\/toprisesafety.com\/de\/contact-us\/\">Kontaktieren Sie uns<\/a>; wir unterst\u00fctzen spezielle Anpassungen.<\/p>","protected":false},"excerpt":{"rendered":"<p>Material: 13 Guage Polyester gestrickt mit TPE beschichtet<\/p>\n<p>Gewicht: \u00fcber 120g\/Paar<\/p>\n<p>Gr\u00f6\u00dfe: 24CM oder kundenspezifische Gr\u00f6\u00dfe.<\/p>\n<p>ST\u00dcCKZAHL: 1000 DZ (12000 PAARE)<\/p>","protected":false},"featured_media":11760,"template":"","meta":{"_acf_changed":false},"product_brand":[],"product_cat":[348,345],"product_tag":[],"class_list":{"0":"post-11759","1":"product","2":"type-product","3":"status-publish","4":"has-post-thumbnail","6":"product_cat-latex-gloves","7":"product_cat-hand-protection","9":"first","10":"instock","11":"shipping-taxable","12":"product-type-simple"},"acf":[],"_links":{"self":[{"href":"https:\/\/toprisesafety.com\/de\/wp-json\/wp\/v2\/product\/11759"}],"collection":[{"href":"https:\/\/toprisesafety.com\/de\/wp-json\/wp\/v2\/product"}],"about":[{"href":"https:\/\/toprisesafety.com\/de\/wp-json\/wp\/v2\/types\/product"}],"wp:featuredmedia":[{"embeddable":true,"href":"https:\/\/toprisesafety.com\/de\/wp-json\/wp\/v2\/media\/11760"}],"wp:attachment":[{"href":"https:\/\/toprisesafety.com\/de\/wp-json\/wp\/v2\/media?parent=11759"}],"wp:term":[{"taxonomy":"product_brand","embeddable":true,"href":"https:\/\/toprisesafety.com\/de\/wp-json\/wp\/v2\/product_brand?post=11759"},{"taxonomy":"product_cat","embeddable":true,"href":"https:\/\/toprisesafety.com\/de\/wp-json\/wp\/v2\/product_cat?post=11759"},{"taxonomy":"product_tag","embeddable":true,"href":"https:\/\/toprisesafety.com\/de\/wp-json\/wp\/v2\/product_tag?post=11759"}],"curies":[{"name":"wp","href":"https:\/\/api.w.org\/{rel}","templated":true}]}}