{"id":11735,"date":"2025-04-07T08:17:03","date_gmt":"2025-04-07T08:17:03","guid":{"rendered":"https:\/\/toprisesafety.com\/?post_type=product&#038;p=11735"},"modified":"2025-04-14T04:07:37","modified_gmt":"2025-04-14T04:07:37","slug":"heat-resistant-oven-bbq-gloves","status":"publish","type":"product","link":"https:\/\/toprisesafety.com\/de\/product\/heat-resistant-oven-bbq-gloves\/","title":{"rendered":"Hitzebest\u00e4ndige Backofen-Grillhandschuhe"},"content":{"rendered":"<h2>Hitzebest\u00e4ndige Backofen-Grillhandschuhe<\/h2>\n<ul>\n<li>Doppellagiges Gestrick, hervorragende W\u00e4rmeisolierung und W\u00e4rmeableitung<\/li>\n<li>Kann das Hakendesign erh\u00f6hen und die Lagerung bequemer machen<\/li>\n<li>Doppelseitige Spende<\/li>\n<li>Anti-Hochtemperatur-Silikon, Anti-Rutsch-Eigenschaften<\/li>\n<li>Sch\u00f6n, leicht zu reinigen, kann positiv und negativ verwendet werden, verl\u00e4ngert die Lebensdauer<\/li>\n<\/ul>\n<table>\n<tbody>\n<tr>\n<td width=\"284\">ART NO.<\/td>\n<td width=\"335\">HRG01<\/td>\n<\/tr>\n<tr>\n<td width=\"284\">Material<\/td>\n<td width=\"335\">\u00c4u\u00dfere Schicht aus neuen flammhemmenden Fasergarnen + innere Schicht aus Baumwolle + doppelseitiges Silikon (Silikonfarbe kann angepasst werden)<\/td>\n<\/tr>\n<tr>\n<td width=\"284\">Hitzebest\u00e4ndig<\/td>\n<td width=\"335\">800 Grad<\/td>\n<\/tr>\n<tr>\n<td width=\"284\">Qualit\u00e4tsstandard<\/td>\n<td width=\"335\">CE EN407, EN420<\/td>\n<\/tr>\n<tr>\n<td width=\"284\">Gr\u00f6\u00dfe<\/td>\n<td width=\"335\">32CM oder kundenspezifische Gr\u00f6\u00dfe.<\/td>\n<\/tr>\n<tr>\n<td width=\"284\">Logo<\/td>\n<td width=\"335\">PVC gepunktet<\/td>\n<\/tr>\n<tr>\n<td width=\"284\">Farbe<\/td>\n<td width=\"335\">Kundenspezifische Unterst\u00fctzung<\/td>\n<\/tr>\n<tr>\n<td width=\"284\">MOQ<\/td>\n<td width=\"335\">1000 STCK.<\/td>\n<\/tr>\n<tr>\n<td width=\"284\">Anmeldung<\/td>\n<td width=\"335\">K\u00fcche, Ofen, Ofen, hitzebest\u00e4ndige Haushaltsmikrowelle, industrielle W\u00e4rmebehandlung usw.<\/td>\n<\/tr>\n<\/tbody>\n<\/table>\n<p>TOPRISE unterst\u00fctzt verschiedene Arten der Anpassung von Baumwollgarnhandschuhen; klicken Sie hier, um <a href=\"https:\/\/toprisesafety.com\/de\/product-category\/personal-protective-equipment\/hand-protection\/cotton-gloves\/\">weitere Modelle von Baumwollhandschuhen ansehen.<\/a><\/p>\n<p>Wenn Sie die gew\u00fcnschten Baumwollgarnhandschuhe nicht finden, <a href=\"https:\/\/toprisesafety.com\/de\/contact-us\/\">Kontaktieren Sie uns<\/a>; wir unterst\u00fctzen spezielle Anpassungen.<\/p>\n<p><strong><b>\u00a0<\/b><\/strong><\/p>","protected":false},"excerpt":{"rendered":"<p>Art.Nr.: HRG01<\/p>\n<p>Material: \u00c4u\u00dfere Schicht aus neuen flammhemmenden Fasergarnen + innere Schicht aus Baumwolle + doppelseitiges Silikon (Silikonfarbe kann angepasst werden)<\/p>\n<p>Hitzebest\u00e4ndig: 800 Grad<\/p>\n<p>Gr\u00f6\u00dfe: 32CM oder kundenspezifische Gr\u00f6\u00dfe.<\/p>\n<p>MOQ: 1000 STK.<\/p>","protected":false},"featured_media":11737,"template":"","meta":{"_acf_changed":false},"product_brand":[],"product_cat":[346,345],"product_tag":[],"class_list":{"0":"post-11735","1":"product","2":"type-product","3":"status-publish","4":"has-post-thumbnail","6":"product_cat-cotton-gloves","7":"product_cat-hand-protection","9":"first","10":"instock","11":"shipping-taxable","12":"product-type-simple"},"acf":[],"_links":{"self":[{"href":"https:\/\/toprisesafety.com\/de\/wp-json\/wp\/v2\/product\/11735","targetHints":{"allow":["GET"]}}],"collection":[{"href":"https:\/\/toprisesafety.com\/de\/wp-json\/wp\/v2\/product"}],"about":[{"href":"https:\/\/toprisesafety.com\/de\/wp-json\/wp\/v2\/types\/product"}],"wp:featuredmedia":[{"embeddable":true,"href":"https:\/\/toprisesafety.com\/de\/wp-json\/wp\/v2\/media\/11737"}],"wp:attachment":[{"href":"https:\/\/toprisesafety.com\/de\/wp-json\/wp\/v2\/media?parent=11735"}],"wp:term":[{"taxonomy":"product_brand","embeddable":true,"href":"https:\/\/toprisesafety.com\/de\/wp-json\/wp\/v2\/product_brand?post=11735"},{"taxonomy":"product_cat","embeddable":true,"href":"https:\/\/toprisesafety.com\/de\/wp-json\/wp\/v2\/product_cat?post=11735"},{"taxonomy":"product_tag","embeddable":true,"href":"https:\/\/toprisesafety.com\/de\/wp-json\/wp\/v2\/product_tag?post=11735"}],"curies":[{"name":"wp","href":"https:\/\/api.w.org\/{rel}","templated":true}]}}