{"id":11727,"date":"2025-04-07T07:57:53","date_gmt":"2025-04-07T07:57:53","guid":{"rendered":"https:\/\/toprisesafety.com\/?post_type=product&#038;p=11727"},"modified":"2025-04-14T04:11:09","modified_gmt":"2025-04-14T04:11:09","slug":"nylon-knit-gloves-with-gripper-dots","status":"publish","type":"product","link":"https:\/\/toprisesafety.com\/de\/product\/nylon-knit-gloves-with-gripper-dots\/","title":{"rendered":"Nylon-Strickhandschuhe mit Gripper-Punkten"},"content":{"rendered":"<h2>Nylon-Strickhandschuhe mit Gripper-Punkten<\/h2>\n<ul>\n<li>Das Design mit PVC-Punkten erh\u00f6ht die Reibung; der Anti-Rutsch-Effekt ist gut.<\/li>\n<li>Nylon-Material ist leicht und atmungsaktiv, angenehm zu tragen und nicht stickig H\u00e4nde;<\/li>\n<li>Hochelastische Handform, flexible und pr\u00e4zise Bedienung;<\/li>\n<li>Verschlei\u00dffestigkeit und Rei\u00dffestigkeit, geeignet f\u00fcr eine Vielzahl von Arbeitsbedingungen;<\/li>\n<li>Unterst\u00fctzung von kundenspezifischen LOGO und Verpackungen zur St\u00e4rkung der Markenidentit\u00e4t.<\/li>\n<\/ul>\n<table style=\"height: 678px;\" width=\"767\">\n<tbody>\n<tr>\n<td width=\"284\">ART NO.<\/td>\n<td width=\"335\">CG04<\/td>\n<\/tr>\n<tr>\n<td width=\"284\">Material<\/td>\n<td width=\"335\">13-Gauge-Nylon gestrickt mit PVC-Punkten<\/td>\n<\/tr>\n<tr>\n<td width=\"284\">Oberfl\u00e4che<\/td>\n<td width=\"335\">PVC-Punkte<\/td>\n<\/tr>\n<tr>\n<td width=\"284\">Gewicht<\/td>\n<td width=\"335\">\u00fcber 24 g\/Paar<\/td>\n<\/tr>\n<tr>\n<td width=\"284\">Gr\u00f6\u00dfe<\/td>\n<td width=\"335\">23CM oder kundenspezifische Gr\u00f6\u00dfe.<\/td>\n<\/tr>\n<tr>\n<td width=\"284\">Logo<\/td>\n<td width=\"335\">Siebdruck, Thermotransferdruck zur Auswahl.<\/td>\n<\/tr>\n<tr>\n<td width=\"284\">Farbe<\/td>\n<td width=\"335\">Kundenspezifische Unterst\u00fctzung<\/td>\n<\/tr>\n<tr>\n<td width=\"284\">MOQ<\/td>\n<td width=\"335\">1000 DUTZEND (12000 PAARE)<\/td>\n<\/tr>\n<tr>\n<td width=\"284\">Verpacken<\/td>\n<td width=\"335\">12 Paar pro Polybeutel, 120 Paar pro Karton oder kundenspezifisch<\/td>\n<\/tr>\n<tr>\n<td width=\"284\">Anmeldung<\/td>\n<td width=\"335\">Mechanische Montage, Arbeiten im Freien, Forstwirtschaft, Bergbau, Baustellen, Lagerhaltung, Be- und Entladen, Wartung usw.<\/td>\n<\/tr>\n<\/tbody>\n<\/table>\n<p>TOPRISE unterst\u00fctzt verschiedene Arten der Anpassung von Baumwollgarnhandschuhen; klicken Sie hier, um <a href=\"https:\/\/toprisesafety.com\/de\/product-category\/personal-protective-equipment\/hand-protection\/cotton-gloves\/\">weitere Modelle von Baumwollhandschuhen ansehen.<\/a><\/p>\n<p>Wenn Sie die gew\u00fcnschten Baumwollgarnhandschuhe nicht finden, <a href=\"https:\/\/toprisesafety.com\/de\/contact-us\/\">Kontaktieren Sie uns<\/a>; wir unterst\u00fctzen spezielle Anpassungen.<\/p>","protected":false},"excerpt":{"rendered":"<p>Art.Nr.: NGP04<\/p>\n<p>Material: 13-Gauge-Nylon, gestrickt mit PVC-Punkten<\/p>\n<p>Gewicht: \u00fcber 24g\/Paar<\/p>\n<p>Gr\u00f6\u00dfe: 23CM oder kundenspezifische Gr\u00f6\u00dfe.<\/p>\n<p>ST\u00dcCKZAHL: 1000 DZ (12000 PAARE)<\/p>","protected":false},"featured_media":11729,"template":"","meta":{"_acf_changed":false},"product_brand":[],"product_cat":[346,345],"product_tag":[],"class_list":{"0":"post-11727","1":"product","2":"type-product","3":"status-publish","4":"has-post-thumbnail","6":"product_cat-cotton-gloves","7":"product_cat-hand-protection","9":"first","10":"instock","11":"shipping-taxable","12":"product-type-simple"},"acf":[],"_links":{"self":[{"href":"https:\/\/toprisesafety.com\/de\/wp-json\/wp\/v2\/product\/11727"}],"collection":[{"href":"https:\/\/toprisesafety.com\/de\/wp-json\/wp\/v2\/product"}],"about":[{"href":"https:\/\/toprisesafety.com\/de\/wp-json\/wp\/v2\/types\/product"}],"wp:featuredmedia":[{"embeddable":true,"href":"https:\/\/toprisesafety.com\/de\/wp-json\/wp\/v2\/media\/11729"}],"wp:attachment":[{"href":"https:\/\/toprisesafety.com\/de\/wp-json\/wp\/v2\/media?parent=11727"}],"wp:term":[{"taxonomy":"product_brand","embeddable":true,"href":"https:\/\/toprisesafety.com\/de\/wp-json\/wp\/v2\/product_brand?post=11727"},{"taxonomy":"product_cat","embeddable":true,"href":"https:\/\/toprisesafety.com\/de\/wp-json\/wp\/v2\/product_cat?post=11727"},{"taxonomy":"product_tag","embeddable":true,"href":"https:\/\/toprisesafety.com\/de\/wp-json\/wp\/v2\/product_tag?post=11727"}],"curies":[{"name":"wp","href":"https:\/\/api.w.org\/{rel}","templated":true}]}}