{"id":11725,"date":"2025-04-07T07:39:51","date_gmt":"2025-04-07T07:39:51","guid":{"rendered":"https:\/\/toprisesafety.com\/?post_type=product&#038;p=11725"},"modified":"2025-04-14T04:24:41","modified_gmt":"2025-04-14T04:24:41","slug":"winter-latex-coated-work-gloves","status":"publish","type":"product","link":"https:\/\/toprisesafety.com\/de\/product\/winter-latex-coated-work-gloves\/","title":{"rendered":"Winter Latex beschichtete Arbeitshandschuhe"},"content":{"rendered":"<h2>Winter Latex beschichtete Arbeitshandschuhe<\/h2>\n<ul>\n<li>F\u00fcgen Sie Samt hinzu, um warm zu halten, geeignet f\u00fcr Arbeiten im Freien im Winter;<\/li>\n<li>Handfl\u00e4che aus Latex mit Falten, starker Anti-Rutsch-Griff;<\/li>\n<li>Verschlei\u00dffestigkeit, Rei\u00dffestigkeit, verl\u00e4ngerte Nutzungsdauer;<\/li>\n<li>Hochelastischer Handr\u00fccken, angenehm zu tragen;<\/li>\n<li>Unterst\u00fctzung von kundenspezifischen LOGO und exklusiven Verpackungen; Hervorhebung des Markenimages.<\/li>\n<\/ul>\n<table style=\"height: 786px;\" width=\"857\">\n<tbody>\n<tr>\n<td width=\"284\">ART NO.<\/td>\n<td width=\"284\">LXG22<\/td>\n<\/tr>\n<tr>\n<td width=\"284\">Material<\/td>\n<td width=\"284\">Gestrickte 10-Gauge-Polyestereinlage mit Latexbeschichtung<\/td>\n<\/tr>\n<tr>\n<td width=\"284\">Oberfl\u00e4che<\/td>\n<td width=\"284\">Handfl\u00e4che und Finger falten<\/td>\n<\/tr>\n<tr>\n<td width=\"284\">Merkmal<\/td>\n<td width=\"284\">Die innere Schleifenzeichnung ist f\u00fcr den Winter geeignet<\/td>\n<\/tr>\n<tr>\n<td width=\"284\">Gewicht<\/td>\n<td width=\"284\">\u00fcber 120 g\/Paar<\/td>\n<\/tr>\n<tr>\n<td width=\"284\">Gr\u00f6\u00dfe<\/td>\n<td width=\"284\">7\u2033, 8\u2033, 9\u2033, 10\u2033, und 11\u2033 zur Auswahl<\/td>\n<\/tr>\n<tr>\n<td width=\"284\">Qualit\u00e4tsstandard<\/td>\n<td width=\"284\">CE EN388<\/td>\n<\/tr>\n<tr>\n<td width=\"284\">Logo<\/td>\n<td width=\"284\">Siebdruck, Thermotransferdruck zur Auswahl.<\/td>\n<\/tr>\n<tr>\n<td width=\"284\">Farbe<\/td>\n<td width=\"284\">Kundenspezifische Unterst\u00fctzung<\/td>\n<\/tr>\n<tr>\n<td width=\"284\">MOQ<\/td>\n<td width=\"284\">1000 DUTZEND (12000 PAARE)<\/td>\n<\/tr>\n<tr>\n<td width=\"284\">Verpacken<\/td>\n<td width=\"284\">12 Paar pro Polybeutel, 120 Paar pro Karton oder kundenspezifisch<\/td>\n<\/tr>\n<tr>\n<td width=\"284\">Anmeldung<\/td>\n<td width=\"284\">Heimwerkerarbeiten, Gartenarbeit, Industrie, Baugewerbe, mechanischer Einsatz, usw.<\/td>\n<\/tr>\n<\/tbody>\n<\/table>\n<p>TOPRISE unterst\u00fctzt verschiedene Arten der Anpassung von Latexhandschuhen; klicken Sie zum <a href=\"https:\/\/toprisesafety.com\/de\/product-category\/personal-protective-equipment\/hand-protection\/latex-gloves\/\">weitere Modelle von Latexhandschuhen ansehen.<\/a><\/p>\n<p>Wenn Sie die ben\u00f6tigten Latexhandschuhe nicht finden, <a href=\"https:\/\/toprisesafety.com\/de\/contact-us\/\">Kontaktieren Sie uns<\/a>; wir unterst\u00fctzen spezielle Anpassungen.<\/p>","protected":false},"excerpt":{"rendered":"<p>Material: 10-Gauge-Polyester-Strickfutter mit Latex-Knitterbeschichtung<\/p>\n<p>Beenden: Handfl\u00e4che und Finger faltig<\/p>\n<p>Besonderheit: Innere Schleife Zeichnung ist geeignet f\u00fcr den Winter<\/p>\n<p>Gewicht: \u00fcber 120g\/Paar<\/p>\n<p>Gr\u00f6\u00dfe: 7\u2033, 8\u2033, 9\u2033, 10\u2033, 11\u2033 zur Auswahl<\/p>\n<p>Qualit\u00e4tsstandard: CE EN388<\/p>\n<p>ST\u00dcCKZAHL: 1000 DZ (12000 PAARE)<\/p>","protected":false},"featured_media":11726,"template":"","meta":{"_acf_changed":false},"product_brand":[],"product_cat":[348,345],"product_tag":[],"class_list":{"0":"post-11725","1":"product","2":"type-product","3":"status-publish","4":"has-post-thumbnail","6":"product_cat-latex-gloves","7":"product_cat-hand-protection","9":"first","10":"instock","11":"shipping-taxable","12":"product-type-simple"},"acf":[],"_links":{"self":[{"href":"https:\/\/toprisesafety.com\/de\/wp-json\/wp\/v2\/product\/11725"}],"collection":[{"href":"https:\/\/toprisesafety.com\/de\/wp-json\/wp\/v2\/product"}],"about":[{"href":"https:\/\/toprisesafety.com\/de\/wp-json\/wp\/v2\/types\/product"}],"wp:featuredmedia":[{"embeddable":true,"href":"https:\/\/toprisesafety.com\/de\/wp-json\/wp\/v2\/media\/11726"}],"wp:attachment":[{"href":"https:\/\/toprisesafety.com\/de\/wp-json\/wp\/v2\/media?parent=11725"}],"wp:term":[{"taxonomy":"product_brand","embeddable":true,"href":"https:\/\/toprisesafety.com\/de\/wp-json\/wp\/v2\/product_brand?post=11725"},{"taxonomy":"product_cat","embeddable":true,"href":"https:\/\/toprisesafety.com\/de\/wp-json\/wp\/v2\/product_cat?post=11725"},{"taxonomy":"product_tag","embeddable":true,"href":"https:\/\/toprisesafety.com\/de\/wp-json\/wp\/v2\/product_tag?post=11725"}],"curies":[{"name":"wp","href":"https:\/\/api.w.org\/{rel}","templated":true}]}}