{"id":11663,"date":"2025-03-26T06:33:14","date_gmt":"2025-03-26T06:33:14","guid":{"rendered":"https:\/\/toprisesafety.com\/?post_type=product&#038;p=11663"},"modified":"2025-04-09T06:47:00","modified_gmt":"2025-04-09T06:47:00","slug":"anti-cut-hppe-nitrile-coated-work-gloves","status":"publish","type":"product","link":"https:\/\/toprisesafety.com\/de\/product\/anti-cut-hppe-nitrile-coated-work-gloves\/","title":{"rendered":"Schnitthemmende HPPE-Nitrilbeschichtete Arbeitshandschuhe"},"content":{"rendered":"<h2>Schnitthemmende HPPE-Nitrilbeschichtete Arbeitshandschuhe<\/h2>\n<ul>\n<li>HPPE-Material unterst\u00fctzt den 5-stufigen Schnittschutz.<\/li>\n<li>Nitril-Impr\u00e4gnierung: Erh\u00f6hte \u00d6l- und Wasserbest\u00e4ndigkeit f\u00fcr bessere Griffigkeit.<\/li>\n<li>TPR-verst\u00e4rktes Design: Verbessert die Sto\u00dffestigkeit des Handr\u00fcckens und der Finger f\u00fcr eine l\u00e4ngere Haltbarkeit.<\/li>\n<li>Bequeme Passform: Elastisches Material Design, geeignet f\u00fcr lange tragen.<\/li>\n<li>Rutschfestes Design: Die Nitrilbeschichtung sorgt f\u00fcr eine hervorragende Griffigkeit und gew\u00e4hrleistet einen sicheren Betrieb.<\/li>\n<li>Starke Haltbarkeit: geeignet f\u00fcr hochintensive Arbeitsumgebungen, verl\u00e4ngert die Nutzungsdauer.<\/li>\n<li>Unterst\u00fctzung von benutzerdefinierten LOGO: Erf\u00fcllen Sie die Anforderungen von personalisierten Marken.<\/li>\n<li>Spezielle Verpackungsoptionen: Unterst\u00fctzung kundenspezifischer Verpackungen.<\/li>\n<li>Die Manschette ist verstellbar.<\/li>\n<\/ul>\n<table>\n<tbody>\n<tr>\n<td width=\"284\">ART NO.<\/td>\n<td width=\"335\">NG09<\/td>\n<\/tr>\n<tr>\n<td width=\"284\">Material<\/td>\n<td width=\"335\">13-Gauge HPPE-Strickhandschuhe, nitrilbeschichtet, TPR-Verst\u00e4rkung.<\/p>\n<p>&nbsp;<\/td>\n<\/tr>\n<tr>\n<td width=\"284\">Eigenschaften<\/td>\n<td width=\"335\">schnittfest, rei\u00dffest, rutschfest, verschlei\u00dffest, Manschette kann angepasst werden.<\/td>\n<\/tr>\n<tr>\n<td width=\"284\">Gr\u00f6\u00dfe<\/td>\n<td width=\"335\">XS, S, M, L, XL, 2XL zur Auswahl<\/td>\n<\/tr>\n<tr>\n<td width=\"284\">Qualit\u00e4tsstandard<\/td>\n<td width=\"335\">CE EN388<\/td>\n<\/tr>\n<tr>\n<td width=\"284\">Logo<\/td>\n<td width=\"335\">Siebdruck, Thermotransferdruck zur Auswahl.<\/td>\n<\/tr>\n<tr>\n<td width=\"284\">Farbe<\/td>\n<td width=\"335\">Kundenspezifische Unterst\u00fctzung<\/td>\n<\/tr>\n<tr>\n<td width=\"284\">MOQ<\/td>\n<td width=\"335\">500 DUTZEND (6000 PAARE)<\/td>\n<\/tr>\n<tr>\n<td width=\"284\">Verpacken<\/td>\n<td width=\"335\">12 Paar pro Polybeutel, 120 Paar pro Karton oder kundenspezifisch<\/td>\n<\/tr>\n<tr>\n<td width=\"284\">Anmeldung<\/td>\n<td width=\"335\">Herstellung von Schneidemaschinen, Schneiden von Kleidung, Schneiden im Maschinenbau, Zerteilen von Fleisch, Fischerei und anderen Branchen.<\/td>\n<\/tr>\n<\/tbody>\n<\/table>\n<p>TOPRISE unterst\u00fctzt verschiedene Arten der Anpassung von Nitrilhandschuhen; klicken Sie zum <a href=\"https:\/\/toprisesafety.com\/de\/product-category\/personal-protective-equipment\/hand-protection\/nitrile-gloves\/\">Weitere Modelle von nitrilbeschichteten Handschuhen anzeigen.<\/a><br \/>\nWenn Sie die ben\u00f6tigten Nitrilhandschuhe nicht finden,<a href=\"https:\/\/toprisesafety.com\/de\/contact-us\/\"> kontaktieren Sie uns;<\/a> wir unterst\u00fctzen spezielle Anpassungen.<\/p>","protected":false},"excerpt":{"rendered":"<p>Art.Nr.: NG09<\/p>\n<p>Material: 13-Guage-HPPE-Strickhandschuhe, nitrilbeschichtet, TPR-Verst\u00e4rkung.<\/p>\n<p>Eigenschaften: schnitt- und rei\u00dffest, rutschfest, verschlei\u00dffest, Manschette verstellbar.<\/p>\n<p>Gr\u00f6\u00dfe: XS, S, M, L, XL, 2XL zur Auswahl<\/p>\n<p>Qualit\u00e4tsstandard: CE EN388<\/p>\n<p>ST\u00dcCKZAHL: 500 DZ (6000 PAARE)<\/p>","protected":false},"featured_media":11664,"template":"","meta":{"_acf_changed":false},"product_brand":[],"product_cat":[349,345],"product_tag":[],"class_list":{"0":"post-11663","1":"product","2":"type-product","3":"status-publish","4":"has-post-thumbnail","6":"product_cat-nitrile-gloves","7":"product_cat-hand-protection","9":"first","10":"instock","11":"shipping-taxable","12":"product-type-simple"},"acf":[],"_links":{"self":[{"href":"https:\/\/toprisesafety.com\/de\/wp-json\/wp\/v2\/product\/11663"}],"collection":[{"href":"https:\/\/toprisesafety.com\/de\/wp-json\/wp\/v2\/product"}],"about":[{"href":"https:\/\/toprisesafety.com\/de\/wp-json\/wp\/v2\/types\/product"}],"wp:featuredmedia":[{"embeddable":true,"href":"https:\/\/toprisesafety.com\/de\/wp-json\/wp\/v2\/media\/11664"}],"wp:attachment":[{"href":"https:\/\/toprisesafety.com\/de\/wp-json\/wp\/v2\/media?parent=11663"}],"wp:term":[{"taxonomy":"product_brand","embeddable":true,"href":"https:\/\/toprisesafety.com\/de\/wp-json\/wp\/v2\/product_brand?post=11663"},{"taxonomy":"product_cat","embeddable":true,"href":"https:\/\/toprisesafety.com\/de\/wp-json\/wp\/v2\/product_cat?post=11663"},{"taxonomy":"product_tag","embeddable":true,"href":"https:\/\/toprisesafety.com\/de\/wp-json\/wp\/v2\/product_tag?post=11663"}],"curies":[{"name":"wp","href":"https:\/\/api.w.org\/{rel}","templated":true}]}}