{"id":11658,"date":"2025-03-26T06:14:22","date_gmt":"2025-03-26T06:14:22","guid":{"rendered":"https:\/\/toprisesafety.com\/?post_type=product&#038;p=11658"},"modified":"2025-04-09T06:48:47","modified_gmt":"2025-04-09T06:48:47","slug":"nitrile-coated-work-gloves","status":"publish","type":"product","link":"https:\/\/toprisesafety.com\/de\/product\/nitrile-coated-work-gloves\/","title":{"rendered":"Nitrilbeschichtete Arbeitshandschuhe"},"content":{"rendered":"<h2>Nitrilbeschichtete Arbeitshandschuhe<\/h2>\n<ul>\n<li>Das Nitril-Tauchdesign bietet eine hohe Wasser- und \u00d6lbest\u00e4ndigkeit;<\/li>\n<li>Glatte Oberfl\u00e4che, schmutzabweisend und leicht zu reinigen;<\/li>\n<li>Rippendesign, verhindert das Eindringen von Fremdk\u00f6rpern und h\u00e4lt die H\u00e4nde sauber;<\/li>\n<li>Wahlweise Strickstoff oder Wattebausch, um unterschiedlichen Bed\u00fcrfnissen gerecht zu werden;<\/li>\n<li>Geeignet f\u00fcr das Baugewerbe, den Gartenbau, die Petrochemie, den Farbdruck und andere Branchen;<\/li>\n<li>Hervorragende Leistung in der Maschinenindustrie, die Komfort und Haltbarkeit bietet;<\/li>\n<li>Bietet guten Halt und verbessert die Arbeitseffizienz;<\/li>\n<li>EN388-Zertifizierung, die den internationalen Sicherheitsstandards entspricht.<\/li>\n<\/ul>\n<table>\n<tbody>\n<tr>\n<td width=\"284\">ART NO.<\/td>\n<td width=\"335\">NG07<\/td>\n<\/tr>\n<tr>\n<td width=\"284\">Material<\/td>\n<td width=\"335\">Nitrilvollbeschichtung, Strickbund, Interlock-Futter oder Jersey-Futter zur Auswahl.<\/td>\n<\/tr>\n<tr>\n<td width=\"284\">Oberfl\u00e4che<\/td>\n<td width=\"335\">Glatte Oberfl\u00e4che<\/td>\n<\/tr>\n<tr>\n<td width=\"284\">Gewicht<\/td>\n<td width=\"335\">\u00fcber 100g\/Paar<\/td>\n<\/tr>\n<tr>\n<td width=\"284\">Gr\u00f6\u00dfe<\/td>\n<td width=\"335\">7\u2033,8\u2033,9\u2033,10\u2033,11\u2033 zur Auswahl<\/td>\n<\/tr>\n<tr>\n<td width=\"284\">Qualit\u00e4tsstandard<\/td>\n<td width=\"335\">CE EN388<\/td>\n<\/tr>\n<tr>\n<td width=\"284\">Logo<\/td>\n<td width=\"335\">Siebdruck, Thermotransferdruck zur Auswahl.<\/td>\n<\/tr>\n<tr>\n<td width=\"284\">Farbe<\/td>\n<td width=\"335\">Kundenspezifische Unterst\u00fctzung<\/td>\n<\/tr>\n<tr>\n<td width=\"284\">MOQ<\/td>\n<td width=\"335\">500 DUTZEND (6000 PAARE)<\/td>\n<\/tr>\n<tr>\n<td width=\"284\">Verpacken<\/td>\n<td width=\"335\">12 Paar pro Polybeutel, 120 Paar pro Karton oder kundenspezifisch<\/td>\n<\/tr>\n<tr>\n<td width=\"284\">Anmeldung<\/td>\n<td width=\"335\">Allgemeine Arbeiten, Bauwesen, Gartenbau, Petrochemie, Farbdruck, Wartungsindustrie, Maschinenindustrie usw.<\/td>\n<\/tr>\n<\/tbody>\n<\/table>\n<p>TOPRISE unterst\u00fctzt verschiedene Arten der Anpassung von Nitrilhandschuhen; klicken Sie zum <a href=\"https:\/\/toprisesafety.com\/de\/product-category\/personal-protective-equipment\/hand-protection\/nitrile-gloves\/\">Weitere Modelle von nitrilbeschichteten Handschuhen anzeigen.<\/a><br \/>\nWenn Sie die ben\u00f6tigten Nitrilhandschuhe nicht finden,<a href=\"https:\/\/toprisesafety.com\/de\/contact-us\/\"> kontaktieren Sie uns;<\/a> wir unterst\u00fctzen spezielle Anpassungen.<\/p>","protected":false},"excerpt":{"rendered":"<p>Art.Nr.: NG07<\/p>\n<p>Material: Vollbeschichtetes Nitril, Strickbund, Interlock-Futter oder Jersey-Futter nach Wahl.<\/p>\n<p>Gewicht: \u00fcber 100g\/Paar<\/p>\n<p>Gr\u00f6\u00dfe: 7\u2033, 8\u2033, 9\u2033, 10\u2033, 11\u2033 zur Auswahl<\/p>\n<p>Qualit\u00e4tsstandard: CE EN388<\/p>\n<p>ST\u00dcCKZAHL: 500 DZ (6000 PAARE)<\/p>","protected":false},"featured_media":11659,"template":"","meta":{"_acf_changed":false},"product_brand":[],"product_cat":[349,345],"product_tag":[],"class_list":{"0":"post-11658","1":"product","2":"type-product","3":"status-publish","4":"has-post-thumbnail","6":"product_cat-nitrile-gloves","7":"product_cat-hand-protection","9":"first","10":"instock","11":"shipping-taxable","12":"product-type-simple"},"acf":[],"_links":{"self":[{"href":"https:\/\/toprisesafety.com\/de\/wp-json\/wp\/v2\/product\/11658","targetHints":{"allow":["GET"]}}],"collection":[{"href":"https:\/\/toprisesafety.com\/de\/wp-json\/wp\/v2\/product"}],"about":[{"href":"https:\/\/toprisesafety.com\/de\/wp-json\/wp\/v2\/types\/product"}],"wp:featuredmedia":[{"embeddable":true,"href":"https:\/\/toprisesafety.com\/de\/wp-json\/wp\/v2\/media\/11659"}],"wp:attachment":[{"href":"https:\/\/toprisesafety.com\/de\/wp-json\/wp\/v2\/media?parent=11658"}],"wp:term":[{"taxonomy":"product_brand","embeddable":true,"href":"https:\/\/toprisesafety.com\/de\/wp-json\/wp\/v2\/product_brand?post=11658"},{"taxonomy":"product_cat","embeddable":true,"href":"https:\/\/toprisesafety.com\/de\/wp-json\/wp\/v2\/product_cat?post=11658"},{"taxonomy":"product_tag","embeddable":true,"href":"https:\/\/toprisesafety.com\/de\/wp-json\/wp\/v2\/product_tag?post=11658"}],"curies":[{"name":"wp","href":"https:\/\/api.w.org\/{rel}","templated":true}]}}