{"id":11645,"date":"2025-03-26T04:28:36","date_gmt":"2025-03-26T04:28:36","guid":{"rendered":"https:\/\/toprisesafety.com\/?post_type=product&#038;p=11645"},"modified":"2025-04-09T06:49:42","modified_gmt":"2025-04-09T06:49:42","slug":"claw-garden-latex-gloves","status":"publish","type":"product","link":"https:\/\/toprisesafety.com\/de\/product\/claw-garden-latex-gloves\/","title":{"rendered":"Claw Garden Latex-Handschuhe"},"content":{"rendered":"<h2>Claw Garden Latex-Handschuhe<\/h2>\n<ul>\n<li>Die faltige Oberfl\u00e4che aus Latex, die verbesserte Griffigkeit und der Anti-Rutsch-Effekt sind gut.<\/li>\n<li>13-Nadel-Polyester-Gewebe, bequem und langlebig;<\/li>\n<li>Mit ABS-Hartschalendesign f\u00fcr zus\u00e4tzlichen Schutz und Greiff\u00e4higkeit;<\/li>\n<li>Speziell f\u00fcr die Gartenarbeit, geeignet f\u00fcr alle Arten von Arbeiten im Freien;<\/li>\n<li>Unterst\u00fctzung von OEM-Logo und Verpackung.<\/li>\n<\/ul>\n<table>\n<tbody>\n<tr>\n<td width=\"284\">ART NO.<\/td>\n<td width=\"335\">LXG19<\/td>\n<\/tr>\n<tr>\n<td width=\"284\">Material<\/td>\n<td width=\"335\">13-Gauge-Polyester-Strickfutter mit latexbeschichteter ABS-Kralle<\/td>\n<\/tr>\n<tr>\n<td width=\"284\">Oberfl\u00e4che<\/td>\n<td width=\"335\">Handfl\u00e4che und Finger in Falten legen, 3\/4 Latex getaucht.<\/td>\n<\/tr>\n<tr>\n<td width=\"284\">Merkmal<\/td>\n<td width=\"335\">ABS-Kralle<\/td>\n<\/tr>\n<tr>\n<td width=\"284\">Gewicht<\/td>\n<td width=\"335\">\u00fcber 75g\/Paar<\/td>\n<\/tr>\n<tr>\n<td width=\"284\">Gr\u00f6\u00dfe<\/td>\n<td width=\"335\">Durchschnittliche Gr\u00f6\u00dfe, \u00fcber 13* 25 cm.<\/td>\n<\/tr>\n<tr>\n<td width=\"284\">Qualit\u00e4tsstandard<\/td>\n<td width=\"335\">CE EN388<\/td>\n<\/tr>\n<tr>\n<td width=\"284\">Logo<\/td>\n<td width=\"335\">Siebdruck, Thermotransferdruck zur Auswahl.<\/td>\n<\/tr>\n<tr>\n<td width=\"284\">Farbe<\/td>\n<td width=\"335\">Kundenspezifische Unterst\u00fctzung<\/td>\n<\/tr>\n<tr>\n<td width=\"284\">MOQ<\/td>\n<td width=\"335\">1000 DUTZEND (12000 PAARE)<\/td>\n<\/tr>\n<tr>\n<td width=\"284\">Verpacken<\/td>\n<td width=\"335\">12 Paar pro Polybeutel, 120 Paar pro Karton oder kundenspezifisch<\/td>\n<\/tr>\n<tr>\n<td width=\"284\">Anmeldung<\/td>\n<td width=\"335\">Gartenarbeit, Industrie, Bauwesen usw.<\/td>\n<\/tr>\n<\/tbody>\n<\/table>\n<p>TOPRISE unterst\u00fctzt verschiedene Arten der Anpassung von Latexhandschuhen; klicken Sie zum <a href=\"https:\/\/toprisesafety.com\/de\/product-category\/personal-protective-equipment\/hand-protection\/latex-gloves\/\">weitere Modelle von Latexhandschuhen ansehen.<\/a><\/p>\n<p>Wenn Sie die ben\u00f6tigten Latexhandschuhe nicht finden, <a href=\"https:\/\/toprisesafety.com\/de\/contact-us\/\">kontaktieren Sie uns;<\/a> wir unterst\u00fctzen spezielle Anpassungen.<\/p>","protected":false},"excerpt":{"rendered":"<p>Art.Nr.: LXG19<\/p>\n<p>Material: Gestrickter 13-Gauge-Polyester-Liner mit latexbeschichteter ABS-Kralle<\/p>\n<p>Ausf\u00fchrung: Handfl\u00e4che und Finger faltig, 3\/4 Latex getaucht.<\/p>\n<p>Gewicht: \u00fcber 79g\/Paar<\/p>\n<p>Gr\u00f6\u00dfe: durchschnittliche Gr\u00f6\u00dfe, \u00fcber 13* 25CM<\/p>\n<p>Qualit\u00e4tsstandard: CE EN388<\/p>\n<p>ST\u00dcCKZAHL: 1000 DZ (12000 PAARE)<\/p>","protected":false},"featured_media":11646,"template":"","meta":{"_acf_changed":false},"product_brand":[],"product_cat":[348,345],"product_tag":[],"class_list":{"0":"post-11645","1":"product","2":"type-product","3":"status-publish","4":"has-post-thumbnail","6":"product_cat-latex-gloves","7":"product_cat-hand-protection","9":"first","10":"instock","11":"shipping-taxable","12":"product-type-simple"},"acf":[],"_links":{"self":[{"href":"https:\/\/toprisesafety.com\/de\/wp-json\/wp\/v2\/product\/11645"}],"collection":[{"href":"https:\/\/toprisesafety.com\/de\/wp-json\/wp\/v2\/product"}],"about":[{"href":"https:\/\/toprisesafety.com\/de\/wp-json\/wp\/v2\/types\/product"}],"wp:featuredmedia":[{"embeddable":true,"href":"https:\/\/toprisesafety.com\/de\/wp-json\/wp\/v2\/media\/11646"}],"wp:attachment":[{"href":"https:\/\/toprisesafety.com\/de\/wp-json\/wp\/v2\/media?parent=11645"}],"wp:term":[{"taxonomy":"product_brand","embeddable":true,"href":"https:\/\/toprisesafety.com\/de\/wp-json\/wp\/v2\/product_brand?post=11645"},{"taxonomy":"product_cat","embeddable":true,"href":"https:\/\/toprisesafety.com\/de\/wp-json\/wp\/v2\/product_cat?post=11645"},{"taxonomy":"product_tag","embeddable":true,"href":"https:\/\/toprisesafety.com\/de\/wp-json\/wp\/v2\/product_tag?post=11645"}],"curies":[{"name":"wp","href":"https:\/\/api.w.org\/{rel}","templated":true}]}}