{"id":11641,"date":"2025-03-26T04:15:27","date_gmt":"2025-03-26T04:15:27","guid":{"rendered":"https:\/\/toprisesafety.com\/?post_type=product&#038;p=11641"},"modified":"2025-04-09T06:50:06","modified_gmt":"2025-04-09T06:50:06","slug":"best-hand-grip-sandy-finish-double-color-latex-gloves","status":"publish","type":"product","link":"https:\/\/toprisesafety.com\/de\/product\/best-hand-grip-sandy-finish-double-color-latex-gloves\/","title":{"rendered":"Best Hand Grip Sandy Finish Double Color Latex Handschuhe"},"content":{"rendered":"<h2>Best Hand Grip Sandy Finish Double Color Latex Handschuhe<\/h2>\n<ul>\n<li>Latexbeschichtete Oberfl\u00e4che f\u00fcr erh\u00f6hte Rutschfestigkeit und Griffsicherheit;<\/li>\n<li>Atmungsaktives Design, h\u00e4lt die H\u00e4nde trocken und reduziert das Gef\u00fchl der Verstopfung;<\/li>\n<li>Zweifarbiges Polyestergestrick f\u00fcr verbesserte Haltbarkeit und Komfort;<\/li>\n<li>Unterst\u00fctzung der LOGO-Anpassung und Verbesserung des Markeneinflusses.<\/li>\n<li>Ma\u00dfgeschneiderte Verpackungen f\u00fcr unterschiedliche Marktanforderungen;<\/li>\n<li>Die EN388-Zertifizierung gew\u00e4hrleistet den Sicherheitsschutz.<\/li>\n<\/ul>\n<table>\n<tbody>\n<tr>\n<td width=\"284\">ART NO.<\/td>\n<td width=\"335\">LXG16<\/td>\n<\/tr>\n<tr>\n<td width=\"284\">Material<\/td>\n<td width=\"335\">13-Gauge-Polyester-Strickfutter mit sandfarbener Latexbeschichtung<\/p>\n<p>&nbsp;<\/td>\n<\/tr>\n<tr>\n<td width=\"284\">Oberfl\u00e4che<\/td>\n<td width=\"335\">Polyestergewirke mit doppelter Farbschicht, sandfarben latexbeschichtet<\/td>\n<\/tr>\n<tr>\n<td width=\"284\">Gewicht<\/td>\n<td width=\"335\">\u00fcber 100g\/Paar<\/td>\n<\/tr>\n<tr>\n<td width=\"284\">Gr\u00f6\u00dfe<\/td>\n<td width=\"335\">7\u2033,8\u2033,9\u2033,10\u2033,11\u2033 zur Auswahl<\/td>\n<\/tr>\n<tr>\n<td width=\"284\">Qualit\u00e4tsstandard<\/td>\n<td width=\"335\">CE EN388<\/td>\n<\/tr>\n<tr>\n<td width=\"284\">Logo<\/td>\n<td width=\"335\">Siebdruck, Thermotransferdruck zur Auswahl.<\/td>\n<\/tr>\n<tr>\n<td width=\"284\">Farbe<\/td>\n<td width=\"335\">Kundenspezifische Unterst\u00fctzung<\/td>\n<\/tr>\n<tr>\n<td width=\"284\">MOQ<\/td>\n<td width=\"335\">1000 DUTZEND (12000 PAARE)<\/td>\n<\/tr>\n<tr>\n<td width=\"284\">Verpacken<\/td>\n<td width=\"335\">12 Paar pro Polybeutel, 120 Paar pro Karton oder kundenspezifisch<\/td>\n<\/tr>\n<tr>\n<td width=\"284\">Anmeldung<\/td>\n<td width=\"335\">Bauwesen, mechanische Wartung, Petrochemie, Tischlerei usw.<\/td>\n<\/tr>\n<\/tbody>\n<\/table>\n<p>TOPRISE unterst\u00fctzt verschiedene Arten der Anpassung von Latexhandschuhen; klicken Sie zum <a href=\"https:\/\/toprisesafety.com\/de\/product-category\/personal-protective-equipment\/hand-protection\/latex-gloves\/\">weitere Modelle von Latexhandschuhen ansehen.<\/a><\/p>\n<p>Wenn Sie die ben\u00f6tigten Latexhandschuhe nicht finden, <a href=\"https:\/\/toprisesafety.com\/de\/contact-us\/\">kontaktieren Sie uns;<\/a> wir unterst\u00fctzen spezielle Anpassungen.<\/p>","protected":false},"excerpt":{"rendered":"<p>Art.Nr.: LXG17<\/p>\n<p>Material: Gestrickte 13-Gauge-Polyestereinlage mit sandfarbener Latexbeschichtung<\/p>\n<p>Ausf\u00fchrung: Polyestergewirke mit doppelter Farbschicht, sandfarbenes Finish, latexbeschichtet<\/p>\n<p>Gewicht: \u00fcber 100g\/Paar<\/p>\n<p>Gr\u00f6\u00dfe: 7\u2033, 8\u2033, 9\u2033, 10\u2033, 11\u2033 zur Auswahl<\/p>\n<p>Qualit\u00e4tsstandard: CE EN388<\/p>\n<p>ST\u00dcCKZAHL: 2000 DZ (24000 PAARE)<\/p>","protected":false},"featured_media":11640,"template":"","meta":{"_acf_changed":false},"product_brand":[],"product_cat":[348,345],"product_tag":[],"class_list":{"0":"post-11641","1":"product","2":"type-product","3":"status-publish","4":"has-post-thumbnail","6":"product_cat-latex-gloves","7":"product_cat-hand-protection","9":"first","10":"instock","11":"shipping-taxable","12":"product-type-simple"},"acf":[],"_links":{"self":[{"href":"https:\/\/toprisesafety.com\/de\/wp-json\/wp\/v2\/product\/11641"}],"collection":[{"href":"https:\/\/toprisesafety.com\/de\/wp-json\/wp\/v2\/product"}],"about":[{"href":"https:\/\/toprisesafety.com\/de\/wp-json\/wp\/v2\/types\/product"}],"wp:featuredmedia":[{"embeddable":true,"href":"https:\/\/toprisesafety.com\/de\/wp-json\/wp\/v2\/media\/11640"}],"wp:attachment":[{"href":"https:\/\/toprisesafety.com\/de\/wp-json\/wp\/v2\/media?parent=11641"}],"wp:term":[{"taxonomy":"product_brand","embeddable":true,"href":"https:\/\/toprisesafety.com\/de\/wp-json\/wp\/v2\/product_brand?post=11641"},{"taxonomy":"product_cat","embeddable":true,"href":"https:\/\/toprisesafety.com\/de\/wp-json\/wp\/v2\/product_cat?post=11641"},{"taxonomy":"product_tag","embeddable":true,"href":"https:\/\/toprisesafety.com\/de\/wp-json\/wp\/v2\/product_tag?post=11641"}],"curies":[{"name":"wp","href":"https:\/\/api.w.org\/{rel}","templated":true}]}}