{"id":11636,"date":"2025-03-26T03:59:30","date_gmt":"2025-03-26T03:59:30","guid":{"rendered":"https:\/\/toprisesafety.com\/?post_type=product&#038;p=11636"},"modified":"2025-04-09T06:50:27","modified_gmt":"2025-04-09T06:50:27","slug":"waterproof-sandy-double-latex-full-coated-work-gloves","status":"publish","type":"product","link":"https:\/\/toprisesafety.com\/de\/product\/waterproof-sandy-double-latex-full-coated-work-gloves\/","title":{"rendered":"Wasserdichte Sandy Double Latex Full Coated Arbeitshandschuhe"},"content":{"rendered":"<h2>Wasserdichte Sandy Double Latex Full Coated Arbeitshandschuhe<\/h2>\n<p>15-Gauge-Polyester-Material: bietet angenehmen Tragekomfort und gute Atmungsaktivit\u00e4t.<\/p>\n<p>Wasserdichtes Latex: verhindert wirksam das Eindringen von Wasser; geeignet f\u00fcr feuchte Umgebungen.<\/p>\n<p>Doppelt getauchtes Design: Verbessert die Haltbarkeit und den Schutz der Handschuhe und verl\u00e4ngert die Lebensdauer.<\/p>\n<p>Latexbeschichtete Oberfl\u00e4che: bietet guten Halt und gew\u00e4hrleistet Stabilit\u00e4t bei verschiedenen Arbeiten.<\/p>\n<p>Geeignet f\u00fcr eine Vielzahl von Arbeitsumgebungen: geeignet f\u00fcr Gartenbau, Maschinen, Heimwerker und andere Arbeitsgelegenheiten.<\/p>\n<p>Unterst\u00fctzung von kundenspezifischen LOGOs: um die Bed\u00fcrfnisse von personalisiertem Branding zu erf\u00fcllen und das Firmenimage zu verbessern.<\/p>\n<p>Spezielle Verpackungsoptionen: Bieten Sie ma\u00dfgeschneiderte Verpackungen nach Kundenwunsch an, um die Attraktivit\u00e4t des Marktes zu erh\u00f6hen.<\/p>\n<table>\n<tbody>\n<tr>\n<td width=\"284\">ART NO.<\/td>\n<td width=\"335\">LXG16<\/td>\n<\/tr>\n<tr>\n<td width=\"284\">Material<\/td>\n<td width=\"335\">13-Gauge-Polyester-Strickfutter mit sandfarbener Doppellatexbeschichtung<\/p>\n<p>&nbsp;<\/td>\n<\/tr>\n<tr>\n<td width=\"284\">Oberfl\u00e4che<\/td>\n<td width=\"335\">Doppellagig, vollfl\u00e4chig latexiert, wasserdicht<\/td>\n<\/tr>\n<tr>\n<td width=\"284\">Gewicht<\/td>\n<td width=\"335\">\u00fcber 60-70g\/Paar<\/td>\n<\/tr>\n<tr>\n<td width=\"284\">Gr\u00f6\u00dfe<\/td>\n<td width=\"335\">7\u2033,8\u2033,9\u2033,10\u2033,11\u2033 zur Auswahl<\/td>\n<\/tr>\n<tr>\n<td width=\"284\">Qualit\u00e4tsstandard<\/td>\n<td width=\"335\">CE EN388<\/td>\n<\/tr>\n<tr>\n<td width=\"284\">Logo<\/td>\n<td width=\"335\">Siebdruck, Thermotransferdruck zur Auswahl.<\/td>\n<\/tr>\n<tr>\n<td width=\"284\">Farbe<\/td>\n<td width=\"335\">Kundenspezifische Unterst\u00fctzung<\/td>\n<\/tr>\n<tr>\n<td width=\"284\">MOQ<\/td>\n<td width=\"335\">1000 DUTZEND (12000 PAARE)<\/td>\n<\/tr>\n<tr>\n<td width=\"284\">Verpacken<\/td>\n<td width=\"335\">12 Paar pro Polybeutel, 120 Paar pro Karton oder kundenspezifisch<\/td>\n<\/tr>\n<tr>\n<td width=\"284\">Anmeldung<\/td>\n<td width=\"335\">Bauwesen, mechanische Wartung, Petrochemie, Tischlerei usw.<\/td>\n<\/tr>\n<\/tbody>\n<\/table>\n<p>TOPRISE unterst\u00fctzt verschiedene Arten der Anpassung von Latexhandschuhen; klicken Sie zum <a href=\"https:\/\/toprisesafety.com\/de\/product-category\/personal-protective-equipment\/hand-protection\/latex-gloves\/\">weitere Modelle von Latexhandschuhen ansehen.<\/a><\/p>\n<p>Wenn Sie die ben\u00f6tigten Latexhandschuhe nicht finden, <a href=\"https:\/\/toprisesafety.com\/de\/contact-us\/\">kontaktieren Sie uns;<\/a> wir unterst\u00fctzen spezielle Anpassungen.<\/p>","protected":false},"excerpt":{"rendered":"<p>Art.Nr.: LXG16<\/p>\n<p>Material: Gestrickte 13-Gauge-Polyestereinlage mit sandfarbener Doppellatexbeschichtung<\/p>\n<p>Ausf\u00fchrung: Doppellagig, vollfl\u00e4chig mit Latex getr\u00e4nkt, wasserdicht.<\/p>\n<p>Gewicht: \u00fcber 60-70g\/Paar<\/p>\n<p>Gr\u00f6\u00dfe: 7\u2033, 8\u2033, 9\u2033, 10\u2033, 11\u2033 zur Auswahl<\/p>\n<p>Qualit\u00e4tsstandard: CE EN388<\/p>\n<p>ST\u00dcCKZAHL: 1000 DZ (12000 PAARE)<\/p>","protected":false},"featured_media":11637,"template":"","meta":{"_acf_changed":false},"product_brand":[],"product_cat":[348,345],"product_tag":[],"class_list":{"0":"post-11636","1":"product","2":"type-product","3":"status-publish","4":"has-post-thumbnail","6":"product_cat-latex-gloves","7":"product_cat-hand-protection","9":"first","10":"instock","11":"shipping-taxable","12":"product-type-simple"},"acf":[],"_links":{"self":[{"href":"https:\/\/toprisesafety.com\/de\/wp-json\/wp\/v2\/product\/11636"}],"collection":[{"href":"https:\/\/toprisesafety.com\/de\/wp-json\/wp\/v2\/product"}],"about":[{"href":"https:\/\/toprisesafety.com\/de\/wp-json\/wp\/v2\/types\/product"}],"wp:featuredmedia":[{"embeddable":true,"href":"https:\/\/toprisesafety.com\/de\/wp-json\/wp\/v2\/media\/11637"}],"wp:attachment":[{"href":"https:\/\/toprisesafety.com\/de\/wp-json\/wp\/v2\/media?parent=11636"}],"wp:term":[{"taxonomy":"product_brand","embeddable":true,"href":"https:\/\/toprisesafety.com\/de\/wp-json\/wp\/v2\/product_brand?post=11636"},{"taxonomy":"product_cat","embeddable":true,"href":"https:\/\/toprisesafety.com\/de\/wp-json\/wp\/v2\/product_cat?post=11636"},{"taxonomy":"product_tag","embeddable":true,"href":"https:\/\/toprisesafety.com\/de\/wp-json\/wp\/v2\/product_tag?post=11636"}],"curies":[{"name":"wp","href":"https:\/\/api.w.org\/{rel}","templated":true}]}}