{"id":11632,"date":"2025-03-26T03:45:18","date_gmt":"2025-03-26T03:45:18","guid":{"rendered":"https:\/\/toprisesafety.com\/?post_type=product&#038;p=11632"},"modified":"2025-04-09T06:51:10","modified_gmt":"2025-04-09T06:51:10","slug":"sandy-latex-coated-work-gloves","status":"publish","type":"product","link":"https:\/\/toprisesafety.com\/de\/product\/sandy-latex-coated-work-gloves\/","title":{"rendered":"Sandy Latex beschichtete Arbeitshandschuhe"},"content":{"rendered":"<h2>Sandy Latex beschichtete Arbeitshandschuhe<\/h2>\n<ul>\n<li>Ausgezeichneter Komfort: 13-Gauge-Nylon-Strick-Design, weiches Gef\u00fchl, angenehm zu tragen.<\/li>\n<li>Guter Anti-Rutsch-Effekt: Die Oberfl\u00e4che aus gesch\u00e4umtem Latex bietet eine hervorragende Griffigkeit und ist f\u00fcr nasse Umgebungen geeignet.<\/li>\n<li>3\/4-impr\u00e4gniertes Design: bietet Schutz, ohne die Flexibilit\u00e4t zu beeintr\u00e4chtigen, f\u00fcr eine feine Handhabung.<\/li>\n<li>Starke Luftdurchl\u00e4ssigkeit: Nylonmaterial erh\u00f6ht die Luftdurchl\u00e4ssigkeit, langfristige Abnutzung ist nicht hei\u00df.<\/li>\n<li>Ma\u00dfgeschneiderte Dienstleistungen: Unterst\u00fctzung von LOGO-Anpassungen und personalisierten Verpackungen, um die Bed\u00fcrfnisse von Unternehmen zu erf\u00fcllen.<\/li>\n<li>Multifunktionale Anwendung: geeignet f\u00fcr Bauwesen, Maschinenwartung<\/li>\n<\/ul>\n<ul>\n<li>Das latexbeschichtete Design erh\u00f6ht die Rutschfestigkeit.<\/li>\n<li>Doppeltes Tauchverfahren zur Verbesserung der Haltbarkeit;<\/li>\n<li>Sie bieten ein komfortables und passendes Gef\u00fchl;<\/li>\n<li>Unterst\u00fctzung der LOGO-Anpassung an die individuellen Bed\u00fcrfnisse.<\/li>\n<li>Sonderverpackungen k\u00f6nnen je nach Bedarf angepasst werden;<\/li>\n<li>Starker Griff verbessert die Arbeitseffizienz.<\/li>\n<li>Zertifizierung nach der Norm EN388 zur Gew\u00e4hrleistung der Sicherheit.<\/li>\n<\/ul>\n<table>\n<tbody>\n<tr>\n<td width=\"284\">ART NO.<\/td>\n<td width=\"335\">LXG14<\/td>\n<\/tr>\n<tr>\n<td width=\"284\">Material<\/td>\n<td width=\"335\">15-Gauge-Polyester-Strickfutter mit sandfarbener Latexbeschichtung<\/td>\n<\/tr>\n<tr>\n<td width=\"284\">Oberfl\u00e4che<\/td>\n<td width=\"335\">Doppellagig, Faltenfinger, 3\/4 latexgetaucht.<\/td>\n<\/tr>\n<tr>\n<td width=\"284\">Gewicht<\/td>\n<td width=\"335\">\u00fcber 90g\/Paar<\/td>\n<\/tr>\n<tr>\n<td width=\"284\">Gr\u00f6\u00dfe<\/td>\n<td width=\"335\">7\u2033,8\u2033,9\u2033,10\u2033,11\u2033 zur Auswahl<\/td>\n<\/tr>\n<tr>\n<td width=\"284\">Qualit\u00e4tsstandard<\/td>\n<td width=\"335\">CE EN388<\/td>\n<\/tr>\n<tr>\n<td width=\"284\">Logo<\/td>\n<td width=\"335\">Siebdruck, Thermotransferdruck zur Auswahl.<\/td>\n<\/tr>\n<tr>\n<td width=\"284\">Farbe<\/td>\n<td width=\"335\">Kundenspezifische Unterst\u00fctzung<\/td>\n<\/tr>\n<tr>\n<td width=\"284\">MOQ<\/td>\n<td width=\"335\">1000 DUTZEND (12000 PAARE)<\/td>\n<\/tr>\n<tr>\n<td width=\"284\">Verpacken<\/td>\n<td width=\"335\">12 Paar pro Polybeutel, 120 Paar pro Karton oder kundenspezifisch<\/td>\n<\/tr>\n<tr>\n<td width=\"284\">Anmeldung<\/td>\n<td width=\"335\">Bauwesen, mechanische Wartung, Petrochemie, Tischlerei usw.<\/td>\n<\/tr>\n<\/tbody>\n<\/table>\n<p>TOPRISE unterst\u00fctzt verschiedene Arten der Anpassung von Latexhandschuhen; klicken Sie zum <a href=\"https:\/\/toprisesafety.com\/de\/product-category\/personal-protective-equipment\/hand-protection\/latex-gloves\/\">weitere Modelle von Latexhandschuhen ansehen.<\/a><\/p>\n<p>Wenn Sie die ben\u00f6tigten Latexhandschuhe nicht finden, <a href=\"https:\/\/toprisesafety.com\/de\/contact-us\/\">kontaktieren Sie uns;<\/a> wir unterst\u00fctzen spezielle Anpassungen.<\/p>","protected":false},"excerpt":{"rendered":"<p>Art.Nr.: LXG14<\/p>\n<p>Material: Gestrickte 15-Gauge-Polyestereinlage mit sandfarbener Latexbeschichtung<\/p>\n<p>Ausf\u00fchrung: Doppellagig, Faltenfinger, 3\/4 latexgetaucht.<\/p>\n<p>Gewicht: \u00fcber 90g\/Paar<\/p>\n<p>Gr\u00f6\u00dfe: 7\u2033, 8\u2033, 9\u2033, 10\u2033, 11\u2033 zur Auswahl<\/p>\n<p>Qualit\u00e4tsstandard: CE EN388<\/p>\n<p>ST\u00dcCKZAHL: 1000 DZ (12000 PAARE)<\/p>","protected":false},"featured_media":11633,"template":"","meta":{"_acf_changed":false},"product_brand":[],"product_cat":[348,345],"product_tag":[],"class_list":{"0":"post-11632","1":"product","2":"type-product","3":"status-publish","4":"has-post-thumbnail","6":"product_cat-latex-gloves","7":"product_cat-hand-protection","9":"first","10":"instock","11":"shipping-taxable","12":"product-type-simple"},"acf":[],"_links":{"self":[{"href":"https:\/\/toprisesafety.com\/de\/wp-json\/wp\/v2\/product\/11632"}],"collection":[{"href":"https:\/\/toprisesafety.com\/de\/wp-json\/wp\/v2\/product"}],"about":[{"href":"https:\/\/toprisesafety.com\/de\/wp-json\/wp\/v2\/types\/product"}],"wp:featuredmedia":[{"embeddable":true,"href":"https:\/\/toprisesafety.com\/de\/wp-json\/wp\/v2\/media\/11633"}],"wp:attachment":[{"href":"https:\/\/toprisesafety.com\/de\/wp-json\/wp\/v2\/media?parent=11632"}],"wp:term":[{"taxonomy":"product_brand","embeddable":true,"href":"https:\/\/toprisesafety.com\/de\/wp-json\/wp\/v2\/product_brand?post=11632"},{"taxonomy":"product_cat","embeddable":true,"href":"https:\/\/toprisesafety.com\/de\/wp-json\/wp\/v2\/product_cat?post=11632"},{"taxonomy":"product_tag","embeddable":true,"href":"https:\/\/toprisesafety.com\/de\/wp-json\/wp\/v2\/product_tag?post=11632"}],"curies":[{"name":"wp","href":"https:\/\/api.w.org\/{rel}","templated":true}]}}