{"id":11626,"date":"2025-03-26T03:26:44","date_gmt":"2025-03-26T03:26:44","guid":{"rendered":"https:\/\/toprisesafety.com\/?post_type=product&#038;p=11626"},"modified":"2025-04-09T07:34:38","modified_gmt":"2025-04-09T07:34:38","slug":"latex-dipped-work-gloves","status":"publish","type":"product","link":"https:\/\/toprisesafety.com\/de\/product\/latex-dipped-work-gloves\/","title":{"rendered":"Latex getauchte Arbeitshandschuhe"},"content":{"rendered":"<h2>Latex getauchte Arbeitshandschuhe<\/h2>\n<ul>\n<li>Ausgezeichneter Anti-Rutsch-Effekt: Die Latexfalte bietet eine hervorragende Griffigkeit und ist f\u00fcr nasse Umgebungen geeignet.<\/li>\n<\/ul>\n<p>&nbsp;<\/p>\n<ul>\n<li>Starke Verschlei\u00dffestigkeit: 10 Nadeln 5 Str\u00e4nge geflochten, erh\u00f6hen die Haltbarkeit, geeignet f\u00fcr langfristige Arbeit.<\/li>\n<\/ul>\n<p>&nbsp;<\/p>\n<ul>\n<li>Atmungsaktiv und komfortabel: 5 Str\u00e4nge gewebt Design, erh\u00f6hen die Luftdurchl\u00e4ssigkeit, reduzieren die Hand stickig Gef\u00fchl.<\/li>\n<\/ul>\n<p>&nbsp;<\/p>\n<ul>\n<li>3\/4-klebrige Ausf\u00fchrung: Bietet zus\u00e4tzlichen Schutz bei gleichzeitiger Flexibilit\u00e4t der Hand.<\/li>\n<\/ul>\n<p>&nbsp;<\/p>\n<ul>\n<li>Kundenspezifische Dienstleistungen: Unterst\u00fctzung von LOGO-Anpassungen und personalisierten Verpackungen zur Verbesserung des Markenimages.<\/li>\n<\/ul>\n<p>&nbsp;<\/p>\n<ul>\n<li>Breite Anwendung: Weit verbreitet in der Industrie, im Bauwesen und in anderen Bereichen zur Verbesserung der Arbeitseffizienz.<\/li>\n<\/ul>\n<table>\n<tbody>\n<tr>\n<td width=\"284\">ART NO.<\/td>\n<td width=\"335\">LXG11<\/td>\n<\/tr>\n<tr>\n<td width=\"284\">Material<\/td>\n<td width=\"335\">10-Gauge-5-Garn-Polyester-Strickfutter mit Latexbeschichtung<\/p>\n<p>&nbsp;<\/td>\n<\/tr>\n<tr>\n<td width=\"284\">Oberfl\u00e4che<\/td>\n<td width=\"335\">Handfl\u00e4che und Finger falten<\/td>\n<\/tr>\n<tr>\n<td width=\"284\">Merkmal<\/td>\n<td width=\"335\">Die innere Schleifenzeichnung ist f\u00fcr den Winter geeignet<\/td>\n<\/tr>\n<tr>\n<td width=\"284\">Gewicht<\/td>\n<td width=\"335\">\u00fcber 75g\/Paar<\/td>\n<\/tr>\n<tr>\n<td width=\"284\">Gr\u00f6\u00dfe<\/td>\n<td width=\"335\">7\u2033,8\u2033,9\u2033,10\u2033,11\u2033 zur Auswahl<\/td>\n<\/tr>\n<tr>\n<td width=\"284\">Qualit\u00e4tsstandard<\/td>\n<td width=\"335\">CE EN388<\/td>\n<\/tr>\n<tr>\n<td width=\"284\">Logo<\/td>\n<td width=\"335\">Siebdruck, Thermotransferdruck zur Auswahl.<\/td>\n<\/tr>\n<tr>\n<td width=\"284\">Farbe<\/td>\n<td width=\"335\">Kundenspezifische Unterst\u00fctzung<\/td>\n<\/tr>\n<tr>\n<td width=\"284\">MOQ<\/td>\n<td width=\"335\">1000 DUTZEND (12000 PAARE)<\/td>\n<\/tr>\n<tr>\n<td width=\"284\">Verpacken<\/td>\n<td width=\"335\">12 Paar pro Polybeutel, 120 Paar pro Karton oder kundenspezifisch<\/td>\n<\/tr>\n<tr>\n<td width=\"284\">Anmeldung<\/td>\n<td width=\"335\">Gartenarbeit, Industrie, Bauwesen usw.<\/td>\n<\/tr>\n<\/tbody>\n<\/table>\n<p>TOPRISE unterst\u00fctzt verschiedene Arten der Anpassung von Latexhandschuhen; klicken Sie zum <a href=\"https:\/\/toprisesafety.com\/de\/product-category\/personal-protective-equipment\/hand-protection\/latex-gloves\/\">weitere Modelle von Latexhandschuhen ansehen.<\/a><\/p>\n<p>Wenn Sie die ben\u00f6tigten Latexhandschuhe nicht finden, <a href=\"https:\/\/toprisesafety.com\/de\/contact-us\/\">kontaktieren Sie uns;<\/a> wir unterst\u00fctzen spezielle Anpassungen.<\/p>","protected":false},"excerpt":{"rendered":"<p>Art.Nr.: LXG11<\/p>\n<p>Material: 10 Guage 5 Garn Polyester gestrickt Liner mit Latex beschichtet<\/p>\n<p>Ausf\u00fchrung: Handfl\u00e4che und Finger faltig, 3\/4 Latex getaucht.<\/p>\n<p>Gewicht: \u00fcber 75g\/Paar<\/p>\n<p>Gr\u00f6\u00dfe: 7\u2033, 8\u2033, 9\u2033, 10\u2033, 11\u2033 zur Auswahl<\/p>\n<p>Qualit\u00e4tsstandard: CE EN388<\/p>\n<p>ST\u00dcCKZAHL: 1000 DZ (12000 PAARE)<\/p>","protected":false},"featured_media":11624,"template":"","meta":{"_acf_changed":false},"product_brand":[],"product_cat":[348,345],"product_tag":[],"class_list":{"0":"post-11626","1":"product","2":"type-product","3":"status-publish","4":"has-post-thumbnail","6":"product_cat-latex-gloves","7":"product_cat-hand-protection","9":"first","10":"instock","11":"shipping-taxable","12":"product-type-simple"},"acf":[],"_links":{"self":[{"href":"https:\/\/toprisesafety.com\/de\/wp-json\/wp\/v2\/product\/11626"}],"collection":[{"href":"https:\/\/toprisesafety.com\/de\/wp-json\/wp\/v2\/product"}],"about":[{"href":"https:\/\/toprisesafety.com\/de\/wp-json\/wp\/v2\/types\/product"}],"wp:featuredmedia":[{"embeddable":true,"href":"https:\/\/toprisesafety.com\/de\/wp-json\/wp\/v2\/media\/11624"}],"wp:attachment":[{"href":"https:\/\/toprisesafety.com\/de\/wp-json\/wp\/v2\/media?parent=11626"}],"wp:term":[{"taxonomy":"product_brand","embeddable":true,"href":"https:\/\/toprisesafety.com\/de\/wp-json\/wp\/v2\/product_brand?post=11626"},{"taxonomy":"product_cat","embeddable":true,"href":"https:\/\/toprisesafety.com\/de\/wp-json\/wp\/v2\/product_cat?post=11626"},{"taxonomy":"product_tag","embeddable":true,"href":"https:\/\/toprisesafety.com\/de\/wp-json\/wp\/v2\/product_tag?post=11626"}],"curies":[{"name":"wp","href":"https:\/\/api.w.org\/{rel}","templated":true}]}}