{"id":11619,"date":"2025-03-25T07:21:24","date_gmt":"2025-03-25T07:21:24","guid":{"rendered":"https:\/\/toprisesafety.com\/?post_type=product&#038;p=11619"},"modified":"2025-04-09T07:35:02","modified_gmt":"2025-04-09T07:35:02","slug":"winter-latex-wrinkle-gloves","status":"publish","type":"product","link":"https:\/\/toprisesafety.com\/de\/product\/winter-latex-wrinkle-gloves\/","title":{"rendered":"Winter Latex Faltenhandschuhe"},"content":{"rendered":"<h2>Winter Latex Faltenhandschuhe<\/h2>\n<ul>\n<li>Ausgezeichnete Anti-Rutsch-Eigenschaften: Das Design mit Latexfalten sorgt f\u00fcr einen stabilen Halt in nassen oder fettigen Umgebungen.<\/li>\n<li>Hohe Verschlei\u00dffestigkeit: durchsto\u00dffest, langlebig, geeignet f\u00fcr eine hochintensive Arbeitsumgebung.<\/li>\n<li>Gute Luftdurchl\u00e4ssigkeit: 7guage Polyester gestrickt Schleife Zeichnung Design reduziert das Unbehagen des Tragens f\u00fcr eine lange Zeit.<\/li>\n<li>Komfort: Weiches Material, f\u00fchlt sich bequem an, geeignet f\u00fcr den Langzeitgebrauch.<\/li>\n<li>Kundenspezifische Dienstleistungen: Unterst\u00fctzung von LOGO-Anpassungen und personalisierten Verpackungen, um die Bed\u00fcrfnisse verschiedener Unternehmen zu erf\u00fcllen.<\/li>\n<li>Breite Anwendung: geeignet f\u00fcr Industrie, Bauwesen und andere Bereiche; verbessert die Arbeitseffizienz.<\/li>\n<li>Doppeltes Latex-Tauchbad, wasserdicht.<\/li>\n<\/ul>\n<table style=\"height: 986px;\" width=\"817\">\n<tbody>\n<tr>\n<td width=\"284\">ART NO.<\/td>\n<td width=\"284\">LXG10<\/td>\n<\/tr>\n<tr>\n<td width=\"284\">Material<\/td>\n<td width=\"284\">Gestrickter 7-Gauge-Polyester-Liner mit Latexbeschichtung<\/td>\n<\/tr>\n<tr>\n<td width=\"284\">Oberfl\u00e4che<\/td>\n<td width=\"284\">Handfl\u00e4che und Finger falten<\/td>\n<\/tr>\n<tr>\n<td width=\"284\">Merkmal<\/td>\n<td width=\"284\">Die innere Schleifenzeichnung ist f\u00fcr den Winter geeignet<\/td>\n<\/tr>\n<tr>\n<td width=\"284\">Gewicht<\/td>\n<td width=\"284\">\u00fcber 120g\/Paar<\/td>\n<\/tr>\n<tr>\n<td width=\"284\">Gr\u00f6\u00dfe<\/td>\n<td width=\"284\">7\u2033,8\u2033,9\u2033,10\u2033,11\u2033 zur Auswahl<\/td>\n<\/tr>\n<tr>\n<td width=\"284\">Qualit\u00e4tsstandard<\/td>\n<td width=\"284\">CE EN388<\/td>\n<\/tr>\n<tr>\n<td width=\"284\">Logo<\/td>\n<td width=\"284\">Siebdruck, Thermotransferdruck zur Auswahl.<\/td>\n<\/tr>\n<tr>\n<td width=\"284\">Farbe<\/td>\n<td width=\"284\">Kundenspezifische Unterst\u00fctzung<\/td>\n<\/tr>\n<tr>\n<td width=\"284\">MOQ<\/td>\n<td width=\"284\">1000 DUTZEND (12000 PAARE)<\/td>\n<\/tr>\n<tr>\n<td width=\"284\">Verpacken<\/td>\n<td width=\"284\">12 Paar pro Polybeutel, 120 Paar pro Karton oder kundenspezifisch<\/td>\n<\/tr>\n<tr>\n<td width=\"284\">Anmeldung<\/td>\n<td width=\"284\">Gartenarbeit, Industrie, Bauwesen usw.<\/td>\n<\/tr>\n<\/tbody>\n<\/table>\n<p>TOPRISE unterst\u00fctzt verschiedene Arten der Anpassung von Latexhandschuhen; klicken Sie zum <a href=\"https:\/\/toprisesafety.com\/de\/product-category\/personal-protective-equipment\/hand-protection\/latex-gloves\/\">weitere Modelle von Latexhandschuhen ansehen.<\/a><\/p>\n<p>Wenn Sie die ben\u00f6tigten Latexhandschuhe nicht finden, <a href=\"https:\/\/toprisesafety.com\/de\/contact-us\/\">kontaktieren Sie uns;<\/a> wir unterst\u00fctzen spezielle Anpassungen.<\/p>","protected":false},"excerpt":{"rendered":"<p>Art.Nr.: LXG10<\/p>\n<p>Material: Gestrickte 7-Gauge-Polyestereinlage mit Latexbeschichtung<\/p>\n<p>Beenden: Handfl\u00e4che und Finger faltig<\/p>\n<p>Besonderheit: Innere Schleife Zeichnung ist geeignet f\u00fcr den Winter<\/p>\n<p>Gewicht: \u00fcber 120g\/Paar<\/p>\n<p>Gr\u00f6\u00dfe: 7\u2033, 8\u2033, 9\u2033, 10\u2033, 11\u2033 zur Auswahl<\/p>\n<p>Qualit\u00e4tsstandard: CE EN388<\/p>\n<p>ST\u00dcCKZAHL: 1000 DZ (12000 PAARE)<\/p>","protected":false},"featured_media":11620,"template":"","meta":{"_acf_changed":false},"product_brand":[],"product_cat":[348,345],"product_tag":[],"class_list":{"0":"post-11619","1":"product","2":"type-product","3":"status-publish","4":"has-post-thumbnail","6":"product_cat-latex-gloves","7":"product_cat-hand-protection","9":"first","10":"instock","11":"shipping-taxable","12":"product-type-simple"},"acf":[],"_links":{"self":[{"href":"https:\/\/toprisesafety.com\/de\/wp-json\/wp\/v2\/product\/11619","targetHints":{"allow":["GET"]}}],"collection":[{"href":"https:\/\/toprisesafety.com\/de\/wp-json\/wp\/v2\/product"}],"about":[{"href":"https:\/\/toprisesafety.com\/de\/wp-json\/wp\/v2\/types\/product"}],"wp:featuredmedia":[{"embeddable":true,"href":"https:\/\/toprisesafety.com\/de\/wp-json\/wp\/v2\/media\/11620"}],"wp:attachment":[{"href":"https:\/\/toprisesafety.com\/de\/wp-json\/wp\/v2\/media?parent=11619"}],"wp:term":[{"taxonomy":"product_brand","embeddable":true,"href":"https:\/\/toprisesafety.com\/de\/wp-json\/wp\/v2\/product_brand?post=11619"},{"taxonomy":"product_cat","embeddable":true,"href":"https:\/\/toprisesafety.com\/de\/wp-json\/wp\/v2\/product_cat?post=11619"},{"taxonomy":"product_tag","embeddable":true,"href":"https:\/\/toprisesafety.com\/de\/wp-json\/wp\/v2\/product_tag?post=11619"}],"curies":[{"name":"wp","href":"https:\/\/api.w.org\/{rel}","templated":true}]}}