{"id":11571,"date":"2025-03-20T04:54:31","date_gmt":"2025-03-20T04:54:31","guid":{"rendered":"https:\/\/toprisesafety.com\/?post_type=product&#038;p=11571"},"modified":"2025-03-25T04:35:41","modified_gmt":"2025-03-25T04:35:41","slug":"camouflage-rain-suit-military-raincoat","status":"publish","type":"product","link":"https:\/\/toprisesafety.com\/de\/product\/camouflage-rain-suit-military-raincoat\/","title":{"rendered":"Camouflage Regenanzug Milit\u00e4rischer Regenmantel"},"content":{"rendered":"<h2>Camouflage Regenanzug Milit\u00e4rischer Regenmantel<\/h2>\n<p>Ningbo TOPRISE wurde 2009 gegr\u00fcndet und ist ein professioneller Hersteller von Regenm\u00e4nteln, der sich der Bereitstellung hochwertiger, langlebiger und wasserdichter Regenmantelprodukte verschrieben hat. Wir unterst\u00fctzen ma\u00dfgeschneiderte Dienstleistungen, um die Bed\u00fcrfnisse der verschiedenen Kunden zu erf\u00fcllen, die rechtzeitige Lieferung zu gew\u00e4hrleisten und Kunden zu helfen, mit widrigen Wetterbedingungen zu bew\u00e4ltigen.<\/p>\n<ul>\n<li>Langlebigkeit und Schutz: Die Gewebest\u00e4rke (0,22-0,23 mm) gew\u00e4hrleistet die langfristige Nutzung des Produkts, hat eine hohe Verschlei\u00dffestigkeit, kann schlechten Wetterbedingungen wirksam widerstehen und bietet angemessenen Schutz.<\/li>\n<li>Hohe Sichtbarkeit: Reflektierende Streifen erh\u00f6hen die Sichtbarkeit des Tr\u00e4gers, auch bei schlechten Lichtverh\u00e4ltnissen, wie Nacht oder Nebel, um sicherzustellen, dass der Tr\u00e4ger deutlich gesehen wird, besonders geeignet f\u00fcr Baustellen, Stra\u00dfenbau und andere Orte, die hohe Sicherheit erfordern.<\/li>\n<li>Wasserdicht und winddicht: PU-beschichtetes Oxford-Gewebe macht diesen Regenmantel gut wasserdicht; selbst bei starkem Regen kann er Sie trocken halten, und gleichzeitig verhindert er durch seine Luftdurchl\u00e4ssigkeit das Tragen von Unbehagen.<\/li>\n<li>Leicht und bequem: Obwohl der Stoff strapazierf\u00e4hig ist, ist der Regenmantel selbst leicht und f\u00fchlt sich nicht schwer an oder schr\u00e4nkt Aktivit\u00e4ten f\u00fcr eine lange Zeit ein, so dass ein angenehmes Tragegef\u00fchl entsteht.<\/li>\n<li>Vorteile des Gewebes: 150D\/300D Oxford-Gewebe, mit extrem hoher Festigkeit und Verschlei\u00dffestigkeit, kann rauen Umgebungen und wiederholtem Gebrauch standhalten. Oxford-Gewebe ist \u00fcberragend in Bezug auf Wasser-, Wind- und UV-Best\u00e4ndigkeit und eignet sich daher f\u00fcr extreme Wetterbedingungen.<\/li>\n<li>Anpassbar: Unterst\u00fctzt die Anpassung und kann ein Logo hinzuf\u00fcgen oder die Farbe oder den Stil entsprechend den Kundenbed\u00fcrfnissen anpassen.<\/li>\n<\/ul>\n<table>\n<tbody>\n<tr>\n<td width=\"284\">ART NO.<\/td>\n<td width=\"374\">RS04<\/td>\n<\/tr>\n<tr>\n<td width=\"284\">Material<\/td>\n<td width=\"374\">170T Polyester mit PVC-Beschichtung.<\/td>\n<\/tr>\n<tr>\n<td width=\"284\">Dicke<\/td>\n<td width=\"374\">0,18 mm oder kundenspezifisch<\/td>\n<\/tr>\n<tr>\n<td width=\"284\">Farbe<\/td>\n<td width=\"374\">Camouflage or customized<\/td>\n<\/tr>\n<tr>\n<td width=\"284\">Gr\u00f6\u00dfe<\/td>\n<td width=\"374\">S-XXXL CM.<\/td>\n<\/tr>\n<tr>\n<td width=\"284\">Logo<\/td>\n<td width=\"374\">Halsetikett mit Logo oder Aufdruck auf Regenmantel und Verpackung<\/td>\n<\/tr>\n<tr>\n<td width=\"284\">Verpacken<\/td>\n<td width=\"374\">1 St\u00fcck pro gleichem Materialbeutel Verpackung<\/td>\n<\/tr>\n<tr>\n<td width=\"284\">MOQ<\/td>\n<td width=\"374\">500 SET<\/td>\n<\/tr>\n<\/tbody>\n<\/table>\n<p>TOPRISE unterst\u00fctzt verschiedene Arten der Anpassung von Regenbekleidung; klicken Sie auf <a href=\"https:\/\/toprisesafety.com\/de\/product-category\/personal-protective-equipment\/rain-wear\/\">weitere Modelle von Regenbekleidung ansehen.<\/a><\/p>\n<p>Wenn Sie die ben\u00f6tigte Regenkleidung nicht finden, <a href=\"https:\/\/toprisesafety.com\/de\/contact-us\/\">Kontaktieren Sie uns<\/a>; wir unterst\u00fctzen spezielle Anpassungen.<\/p>","protected":false},"excerpt":{"rendered":"<p>ART NO.RS04<\/p>\n<p>Material: 170T Polyester mit PVC-Beschichtung.<\/p>\n<p>Dicke: 0,18 mm Dicke oder kundenspezifisch<\/p>\n<p>Gr\u00f6\u00dfe: S-XXXL oder individuell<\/p>\n<p>MOQ :500 SETS<\/p>\n<p>Unterst\u00fctzt kundenspezifische Gr\u00f6\u00dfe, Logo und Design<\/p>","protected":false},"featured_media":11572,"template":"","meta":{"_acf_changed":false},"product_brand":[],"product_cat":[321],"product_tag":[],"class_list":{"0":"post-11571","1":"product","2":"type-product","3":"status-publish","4":"has-post-thumbnail","6":"product_cat-rain-wear","8":"first","9":"instock","10":"shipping-taxable","11":"product-type-simple"},"acf":[],"_links":{"self":[{"href":"https:\/\/toprisesafety.com\/de\/wp-json\/wp\/v2\/product\/11571"}],"collection":[{"href":"https:\/\/toprisesafety.com\/de\/wp-json\/wp\/v2\/product"}],"about":[{"href":"https:\/\/toprisesafety.com\/de\/wp-json\/wp\/v2\/types\/product"}],"wp:featuredmedia":[{"embeddable":true,"href":"https:\/\/toprisesafety.com\/de\/wp-json\/wp\/v2\/media\/11572"}],"wp:attachment":[{"href":"https:\/\/toprisesafety.com\/de\/wp-json\/wp\/v2\/media?parent=11571"}],"wp:term":[{"taxonomy":"product_brand","embeddable":true,"href":"https:\/\/toprisesafety.com\/de\/wp-json\/wp\/v2\/product_brand?post=11571"},{"taxonomy":"product_cat","embeddable":true,"href":"https:\/\/toprisesafety.com\/de\/wp-json\/wp\/v2\/product_cat?post=11571"},{"taxonomy":"product_tag","embeddable":true,"href":"https:\/\/toprisesafety.com\/de\/wp-json\/wp\/v2\/product_tag?post=11571"}],"curies":[{"name":"wp","href":"https:\/\/api.w.org\/{rel}","templated":true}]}}