{"id":11548,"date":"2025-03-18T07:54:46","date_gmt":"2025-03-18T07:54:46","guid":{"rendered":"https:\/\/toprisesafety.com\/?post_type=product&#038;p=11548"},"modified":"2025-03-25T04:38:01","modified_gmt":"2025-03-25T04:38:01","slug":"reflective-pvc-raincoat","status":"publish","type":"product","link":"https:\/\/toprisesafety.com\/de\/product\/reflective-pvc-raincoat\/","title":{"rendered":"Reflektierender PVC-Regenmantel"},"content":{"rendered":"<h2>Reflektierender PVC-Regenmantel<\/h2>\n<p>Ningbo TOPRISE wurde 2009 gegr\u00fcndet und ist ein professioneller Hersteller von Regenm\u00e4nteln, der sich der Bereitstellung hochwertiger, langlebiger und wasserdichter Regenmantelprodukte verschrieben hat. Wir unterst\u00fctzen ma\u00dfgeschneiderte Dienstleistungen, um die Bed\u00fcrfnisse der verschiedenen Kunden zu erf\u00fcllen, die rechtzeitige Lieferung zu gew\u00e4hrleisten und Kunden zu helfen, mit widrigen Wetterbedingungen zu bew\u00e4ltigen.<\/p>\n<ul>\n<li>Hohe Wasserbest\u00e4ndigkeit und Langlebigkeit: 0,28 mm, 0,30 mm und 0,32 mm dickes Design, das eine ausgezeichnete Wasserbest\u00e4ndigkeit und Verschlei\u00dffestigkeit bietet und f\u00fcr den langfristigen Au\u00dfeneinsatz geeignet ist.<\/li>\n<li>Doppeltes Aufkleberdesign: verbessert die Abdichtung und verhindert effektiv das Eindringen von Regenwasser.<\/li>\n<li>Reflektierende Streifen: Die Verwendung des Hei\u00dfpressverfahrens zur Anbringung von Reflexionsstreifen verbessert die Sichtbarkeit bei Nacht, um die Sicherheit der Benutzer zu gew\u00e4hrleisten.<\/li>\n<li>S\u00e4ure- und Alkalibest\u00e4ndigkeit: Anpassung an raue Umgebungen, besonders geeignet f\u00fcr industrielle und chemische Verarbeitungsprozesse.<\/li>\n<li>Langlebig und bequem: Durch exquisite Handwerkskunst wird eine hohe Haltbarkeit und ein angenehmes Tragegef\u00fchl gew\u00e4hrleistet.<\/li>\n<\/ul>\n<table>\n<tbody>\n<tr>\n<td width=\"284\">ART NO.<\/td>\n<td width=\"374\">RC09<\/td>\n<\/tr>\n<tr>\n<td width=\"284\">Material<\/td>\n<td width=\"374\">PVC\/Polyester oder PVC\/Polyester\/PVC<\/td>\n<\/tr>\n<tr>\n<td width=\"284\">Dicke<\/td>\n<td width=\"374\">0,28\/0,30\/0,32\/0,35 mm oder kundenspezifisch<\/td>\n<\/tr>\n<tr>\n<td width=\"284\">Farbe<\/td>\n<td width=\"374\">Gelb\/Gr\u00fcn\/Blau oder individuell<\/td>\n<\/tr>\n<tr>\n<td width=\"284\">Reflektierendes Band<\/td>\n<td width=\"374\">3CM\/5 CM zur Auswahl<\/td>\n<\/tr>\n<tr>\n<td width=\"284\">Gr\u00f6\u00dfe<\/td>\n<td width=\"374\">S-XXXL oder nach Ma\u00df<\/td>\n<\/tr>\n<tr>\n<td width=\"284\">Logo<\/td>\n<td width=\"374\">Halsetikett mit Logo oder Aufdruck auf Regenmantel und Verpackung<\/td>\n<\/tr>\n<tr>\n<td width=\"284\">Verpacken<\/td>\n<td width=\"374\">1 St\u00fcck pro gleichem Materialbeutel Verpackung<\/td>\n<\/tr>\n<tr>\n<td width=\"284\">MOQ<\/td>\n<td width=\"374\">500 STCK.<\/td>\n<\/tr>\n<\/tbody>\n<\/table>\n<p>TOPRISE unterst\u00fctzt verschiedene Arten der Anpassung von Regenbekleidung; klicken Sie auf <a href=\"https:\/\/toprisesafety.com\/de\/product-category\/personal-protective-equipment\/rain-wear\/\">weitere Modelle von Regenbekleidung ansehen.<\/a><\/p>\n<p>Wenn Sie die ben\u00f6tigte Regenkleidung nicht finden, <a href=\"https:\/\/toprisesafety.com\/de\/contact-us\/\">Kontaktieren Sie uns<\/a>; wir unterst\u00fctzen spezielle Anpassungen.<\/p>","protected":false},"excerpt":{"rendered":"<p>ART NO.RC09<\/p>\n<p>Material: PVC\/Polyester oder PVC\/Polyester\/PVC<\/p>\n<p>Dicke: 0,28\/0,30\/0,32\/0,35 mm oder kundenspezifisch<\/p>\n<p>Reflektierendes Band: 5 cm Gurtband oder T\/C-Band reflektierend.<\/p>\n<p>Gr\u00f6\u00dfe : S- XXXL oder individuell<\/p>\n<p>MOQ :500 PCS<\/p>\n<p>Unterst\u00fctzt kundenspezifische Gr\u00f6\u00dfe, Logo und Design<\/p>","protected":false},"featured_media":11549,"template":"","meta":{"_acf_changed":false},"product_brand":[],"product_cat":[321],"product_tag":[],"class_list":{"0":"post-11548","1":"product","2":"type-product","3":"status-publish","4":"has-post-thumbnail","6":"product_cat-rain-wear","8":"first","9":"instock","10":"shipping-taxable","11":"product-type-simple"},"acf":[],"_links":{"self":[{"href":"https:\/\/toprisesafety.com\/de\/wp-json\/wp\/v2\/product\/11548"}],"collection":[{"href":"https:\/\/toprisesafety.com\/de\/wp-json\/wp\/v2\/product"}],"about":[{"href":"https:\/\/toprisesafety.com\/de\/wp-json\/wp\/v2\/types\/product"}],"wp:featuredmedia":[{"embeddable":true,"href":"https:\/\/toprisesafety.com\/de\/wp-json\/wp\/v2\/media\/11549"}],"wp:attachment":[{"href":"https:\/\/toprisesafety.com\/de\/wp-json\/wp\/v2\/media?parent=11548"}],"wp:term":[{"taxonomy":"product_brand","embeddable":true,"href":"https:\/\/toprisesafety.com\/de\/wp-json\/wp\/v2\/product_brand?post=11548"},{"taxonomy":"product_cat","embeddable":true,"href":"https:\/\/toprisesafety.com\/de\/wp-json\/wp\/v2\/product_cat?post=11548"},{"taxonomy":"product_tag","embeddable":true,"href":"https:\/\/toprisesafety.com\/de\/wp-json\/wp\/v2\/product_tag?post=11548"}],"curies":[{"name":"wp","href":"https:\/\/api.w.org\/{rel}","templated":true}]}}