{"id":11526,"date":"2025-03-18T06:44:22","date_gmt":"2025-03-18T06:44:22","guid":{"rendered":"https:\/\/toprisesafety.com\/?post_type=product&#038;p=11526"},"modified":"2025-03-25T04:39:18","modified_gmt":"2025-03-25T04:39:18","slug":"camouflage-poncho-rain-gear","status":"publish","type":"product","link":"https:\/\/toprisesafety.com\/de\/product\/camouflage-poncho-rain-gear\/","title":{"rendered":"Camouflage Poncho Regenbekleidung"},"content":{"rendered":"<h2>Camouflage Poncho Regenbekleidung<\/h2>\n<p>Ningbo TOPRISE wurde 2009 gegr\u00fcndet und ist ein professioneller Hersteller von Regenm\u00e4nteln, der sich der Bereitstellung hochwertiger, langlebiger und wasserdichter Regenmantelprodukte verschrieben hat. Wir unterst\u00fctzen ma\u00dfgeschneiderte Dienstleistungen, um die Bed\u00fcrfnisse der verschiedenen Kunden zu erf\u00fcllen, die rechtzeitige Lieferung zu gew\u00e4hrleisten und Kunden zu helfen, mit widrigen Wetterbedingungen zu bew\u00e4ltigen.<\/p>\n<ul>\n<li>Hochwertiges Gewebe: 170T-Polyester-PVC-Beschichtung sorgt f\u00fcr Wasserfestigkeit und Haltbarkeit.<\/li>\n<li>Multifunktionales Design: 3-in-1-Stil, kann als Regenmantel, Umhang oder Sonnenschirm verwendet werden, um sich an verschiedene Situationen anzupassen.<\/li>\n<li>Auswahl der Dicke: Standarddicke 0,18MM, kann nach den Bed\u00fcrfnissen der verschiedenen Dicke angepasst werden.<\/li>\n<li>Farb- und LOGO-Anpassung: Camouflage und einfarbige Optionen sind verf\u00fcgbar, um Farben und Logos an individuelle Bed\u00fcrfnisse anzupassen.<\/li>\n<li>Starke Wasserbest\u00e4ndigkeit: verhindert effektiv das Eindringen von Regen, h\u00e4lt trocken und passt sich dem schlechten Wetter im Freien an.<\/li>\n<li>Leicht und langlebig: Das Design ist leicht und einfach zu tragen, geeignet f\u00fcr eine Vielzahl von Outdoor-Aktivit\u00e4ten, wie Erkundung und milit\u00e4rische Operationen.<\/li>\n<\/ul>\n<table>\n<tbody>\n<tr>\n<td width=\"284\">ART NO.<\/td>\n<td width=\"374\">RC05<\/td>\n<\/tr>\n<tr>\n<td width=\"284\">Material<\/td>\n<td width=\"374\">170T Polyester mit PVC-Beschichtung.<\/td>\n<\/tr>\n<tr>\n<td width=\"284\">Dicke<\/td>\n<td width=\"374\">0,18 mm oder kundenspezifisch<\/td>\n<\/tr>\n<tr>\n<td width=\"284\">Farbe<\/td>\n<td width=\"374\">Marineblau, schwarz, camouflage oder individuell<\/td>\n<\/tr>\n<tr>\n<td width=\"284\">Eigenschaften<\/td>\n<td width=\"374\">3 in 1, multifunktional.<\/td>\n<\/tr>\n<tr>\n<td width=\"284\">Gr\u00f6\u00dfe<\/td>\n<td width=\"374\">140 * 200 CM.<\/td>\n<\/tr>\n<tr>\n<td width=\"284\">Logo<\/td>\n<td width=\"374\">Halsetikett mit Logo oder Aufdruck auf Regenmantel und Verpackung<\/td>\n<\/tr>\n<tr>\n<td width=\"284\">Verpacken<\/td>\n<td width=\"374\">1 St\u00fcck pro gleichem Materialbeutel Verpackung<\/td>\n<\/tr>\n<tr>\n<td width=\"284\">MOQ<\/td>\n<td width=\"374\">500 STCK.<\/td>\n<\/tr>\n<\/tbody>\n<\/table>\n<p>TOPRISE unterst\u00fctzt verschiedene Arten der Anpassung von Regenbekleidung; klicken Sie auf <a href=\"https:\/\/toprisesafety.com\/de\/product-category\/personal-protective-equipment\/rain-wear\/\">weitere Modelle von Regenbekleidung ansehen.<\/a><\/p>\n<p>Wenn Sie die ben\u00f6tigte Regenkleidung nicht finden, <a href=\"https:\/\/toprisesafety.com\/de\/contact-us\/\">Kontaktieren Sie uns<\/a>; wir unterst\u00fctzen spezielle Anpassungen.<\/p>","protected":false},"excerpt":{"rendered":"<p>ART NO.RC05<\/p>\n<p>Material: 170T Polyester mit PVC-Beschichtung.<\/p>\n<p>Dicke: 0,18 mm Dicke oder kundenspezifisch<\/p>\n<p>Gr\u00f6\u00dfe: 140*200CM oder kundenspezifisch<\/p>\n<p>MOQ :500 PCS<\/p>\n<p>Unterst\u00fctzt kundenspezifische Gr\u00f6\u00dfe, Logo und Design<\/p>","protected":false},"featured_media":11530,"template":"","meta":{"_acf_changed":false},"product_brand":[],"product_cat":[321],"product_tag":[],"class_list":{"0":"post-11526","1":"product","2":"type-product","3":"status-publish","4":"has-post-thumbnail","6":"product_cat-rain-wear","8":"first","9":"instock","10":"shipping-taxable","11":"product-type-simple"},"acf":[],"_links":{"self":[{"href":"https:\/\/toprisesafety.com\/de\/wp-json\/wp\/v2\/product\/11526"}],"collection":[{"href":"https:\/\/toprisesafety.com\/de\/wp-json\/wp\/v2\/product"}],"about":[{"href":"https:\/\/toprisesafety.com\/de\/wp-json\/wp\/v2\/types\/product"}],"wp:featuredmedia":[{"embeddable":true,"href":"https:\/\/toprisesafety.com\/de\/wp-json\/wp\/v2\/media\/11530"}],"wp:attachment":[{"href":"https:\/\/toprisesafety.com\/de\/wp-json\/wp\/v2\/media?parent=11526"}],"wp:term":[{"taxonomy":"product_brand","embeddable":true,"href":"https:\/\/toprisesafety.com\/de\/wp-json\/wp\/v2\/product_brand?post=11526"},{"taxonomy":"product_cat","embeddable":true,"href":"https:\/\/toprisesafety.com\/de\/wp-json\/wp\/v2\/product_cat?post=11526"},{"taxonomy":"product_tag","embeddable":true,"href":"https:\/\/toprisesafety.com\/de\/wp-json\/wp\/v2\/product_tag?post=11526"}],"curies":[{"name":"wp","href":"https:\/\/api.w.org\/{rel}","templated":true}]}}