{"id":11521,"date":"2025-03-18T06:08:18","date_gmt":"2025-03-18T06:08:18","guid":{"rendered":"https:\/\/toprisesafety.com\/?post_type=product&#038;p=11521"},"modified":"2025-03-25T04:40:16","modified_gmt":"2025-03-25T04:40:16","slug":"long-reflective-rain-jacket","status":"publish","type":"product","link":"https:\/\/toprisesafety.com\/de\/product\/long-reflective-rain-jacket\/","title":{"rendered":"Lange, reflektierende Regenjacke"},"content":{"rendered":"<h2>Lange, reflektierende Regenjacke<\/h2>\n<p>Ningbo TOPRISE wurde 2009 gegr\u00fcndet und ist ein professioneller Hersteller von Regenm\u00e4nteln, der sich der Bereitstellung hochwertiger, langlebiger und wasserdichter Regenmantelprodukte verschrieben hat. Wir unterst\u00fctzen ma\u00dfgeschneiderte Dienstleistungen, um die Bed\u00fcrfnisse der verschiedenen Kunden zu erf\u00fcllen, die rechtzeitige Lieferung zu gew\u00e4hrleisten und Kunden zu helfen, mit widrigen Wetterbedingungen zu bew\u00e4ltigen.<\/p>\n<ul>\n<li>Quality fabric: 150D\/300D Oxford cloth with PU or PVC coating ensures water resistance and durability.<\/li>\n<li>Strong water resistance: effectively prevent rain penetration, keep the body dry, and adapt to bad weather.<\/li>\n<li>Thickness selection: Standard thickness is 0.22 MM; customers can choose other thicknesses according to demand, providing more flexible choices.<\/li>\n<li>Customization service: Support customized LOGO and style to meet individual needs and enhance brand image.<\/li>\n<li>Reflective strip design: Enhanced visibility at night to ensure user safety in low-light environments.<\/li>\n<li>Mesh cloth inner: provides air permeability, enhances comfort, and reduces the stuffy feeling of long-term wear.<\/li>\n<li><\/li>\n<li>\n<table>\n<tbody>\n<tr>\n<td width=\"284\">ART NO.<\/td>\n<td width=\"374\">RC03<\/td>\n<\/tr>\n<tr>\n<td width=\"284\">Material<\/td>\n<td width=\"374\">150D\/300D oxford with PVC\/PU coated<\/td>\n<\/tr>\n<tr>\n<td width=\"284\">Auskleidung<\/td>\n<td width=\"374\">Add mesh lining<\/td>\n<\/tr>\n<tr>\n<td width=\"284\">Dicke<\/td>\n<td width=\"374\">0.22 mm or customized<\/td>\n<\/tr>\n<tr>\n<td width=\"284\">Farbe<\/td>\n<td width=\"374\">Navy blue, orange, fluorecent green, pink, black or customized<\/td>\n<\/tr>\n<tr>\n<td width=\"284\">Reflektierendes Band<\/td>\n<td width=\"374\">3CM\/5 CM zur Auswahl<\/td>\n<\/tr>\n<tr>\n<td width=\"284\">Gr\u00f6\u00dfe<\/td>\n<td width=\"374\">S-XXXL oder nach Ma\u00df<\/td>\n<\/tr>\n<tr>\n<td width=\"284\">Logo<\/td>\n<td width=\"374\">Halsetikett mit Logo oder Aufdruck auf Regenmantel und Verpackung<\/td>\n<\/tr>\n<tr>\n<td width=\"284\">Verpacken<\/td>\n<td width=\"374\">1 St\u00fcck pro gleichem Materialbeutel Verpackung<\/td>\n<\/tr>\n<tr>\n<td width=\"284\">MOQ<\/td>\n<td width=\"374\">500 STCK.<\/td>\n<\/tr>\n<\/tbody>\n<\/table>\n<\/li>\n<li>TOPRISE unterst\u00fctzt verschiedene Arten der Anpassung von Regenbekleidung; klicken Sie auf <a href=\"https:\/\/toprisesafety.com\/de\/product-category\/personal-protective-equipment\/rain-wear\/\">weitere Modelle von Regenbekleidung ansehen.<\/a>\n<p>Wenn Sie die ben\u00f6tigte Regenkleidung nicht finden, <a href=\"https:\/\/toprisesafety.com\/de\/contact-us\/\">Kontaktieren Sie uns<\/a>; wir unterst\u00fctzen spezielle Anpassungen.<\/li>\n<\/ul>","protected":false},"excerpt":{"rendered":"<p>ART NO.RC03<\/p>\n<p>Material :150 D\/300D\u00a0oxford with PVC\/PU\u00a0coated, 0.22 mm thickness or customized<\/p>\n<p>Gr\u00f6\u00dfe : S- XXXL oder individuell<\/p>\n<p>MOQ :500 PCS<\/p>\n<p>Unterst\u00fctzt kundenspezifische Gr\u00f6\u00dfe, Logo und Design<\/p>","protected":false},"featured_media":11523,"template":"","meta":{"_acf_changed":false},"product_brand":[],"product_cat":[321],"product_tag":[],"class_list":{"0":"post-11521","1":"product","2":"type-product","3":"status-publish","4":"has-post-thumbnail","6":"product_cat-rain-wear","8":"first","9":"instock","10":"shipping-taxable","11":"product-type-simple"},"acf":[],"_links":{"self":[{"href":"https:\/\/toprisesafety.com\/de\/wp-json\/wp\/v2\/product\/11521"}],"collection":[{"href":"https:\/\/toprisesafety.com\/de\/wp-json\/wp\/v2\/product"}],"about":[{"href":"https:\/\/toprisesafety.com\/de\/wp-json\/wp\/v2\/types\/product"}],"wp:featuredmedia":[{"embeddable":true,"href":"https:\/\/toprisesafety.com\/de\/wp-json\/wp\/v2\/media\/11523"}],"wp:attachment":[{"href":"https:\/\/toprisesafety.com\/de\/wp-json\/wp\/v2\/media?parent=11521"}],"wp:term":[{"taxonomy":"product_brand","embeddable":true,"href":"https:\/\/toprisesafety.com\/de\/wp-json\/wp\/v2\/product_brand?post=11521"},{"taxonomy":"product_cat","embeddable":true,"href":"https:\/\/toprisesafety.com\/de\/wp-json\/wp\/v2\/product_cat?post=11521"},{"taxonomy":"product_tag","embeddable":true,"href":"https:\/\/toprisesafety.com\/de\/wp-json\/wp\/v2\/product_tag?post=11521"}],"curies":[{"name":"wp","href":"https:\/\/api.w.org\/{rel}","templated":true}]}}