{"id":11510,"date":"2025-03-18T05:47:02","date_gmt":"2025-03-18T05:47:02","guid":{"rendered":"https:\/\/toprisesafety.com\/?post_type=product&#038;p=11510"},"modified":"2025-03-25T04:41:48","modified_gmt":"2025-03-25T04:41:48","slug":"camouflage-long-raincoat","status":"publish","type":"product","link":"https:\/\/toprisesafety.com\/de\/product\/camouflage-long-raincoat\/","title":{"rendered":"Tarnfarbener langer Regenmantel"},"content":{"rendered":"<h2>Tarnfarbener langer Regenmantel<\/h2>\n<p>Ningbo TOPRISE wurde 2009 gegr\u00fcndet und ist ein professioneller Hersteller von Regenm\u00e4nteln, der sich der Bereitstellung hochwertiger, langlebiger und wasserdichter Regenmantelprodukte verschrieben hat. Wir unterst\u00fctzen ma\u00dfgeschneiderte Dienstleistungen, um die Bed\u00fcrfnisse der verschiedenen Kunden zu erf\u00fcllen, die rechtzeitige Lieferung zu gew\u00e4hrleisten und Kunden zu helfen, mit widrigen Wetterbedingungen zu bew\u00e4ltigen.<\/p>\n<ul>\n<li>Camouflage polyester gingham material: High quality polyester gingham, durable and waterproof, suitable for all kinds of outdoor activities.<\/li>\n<li>Thickness 0.1MM: thin and light design, easy to carry and store, suitable for long-term wear.<\/li>\n<li>Strong water resistance: effectively prevent rain penetration, keep dry, adapt to different weather environments.<\/li>\n<li>Support custom LOGO: can customize the LOGO according to customer needs, enhance the brand publicity effect.<\/li>\n<li>Packaging customization: Provide packaging customization services to meet the individual needs of customers.<\/li>\n<li>Camouflage design: Unique camouflage pattern, suitable for military, field activities and other scenarios.<\/li>\n<\/ul>\n<table style=\"height: 526px;\" width=\"694\">\n<tbody>\n<tr>\n<td width=\"284\">ART NO.<\/td>\n<td width=\"323\">RC01<\/td>\n<\/tr>\n<tr>\n<td width=\"284\">Material<\/td>\n<td width=\"323\">210T polyester with PU coated<\/td>\n<\/tr>\n<tr>\n<td width=\"284\">Dicke<\/td>\n<td width=\"323\">0.10mm or customized<\/td>\n<\/tr>\n<tr>\n<td width=\"284\">Farbe<\/td>\n<td width=\"323\">Camouflage or customized<\/td>\n<\/tr>\n<tr>\n<td width=\"284\">Gr\u00f6\u00dfe<\/td>\n<td width=\"323\">S-XXXL oder nach Ma\u00df<\/td>\n<\/tr>\n<tr>\n<td width=\"284\">Logo<\/td>\n<td width=\"323\">Halsetikett mit Logo oder Aufdruck auf Regenmantel und Verpackung<\/td>\n<\/tr>\n<tr>\n<td width=\"284\">Verpacken<\/td>\n<td width=\"323\">1 St\u00fcck pro gleichem Materialbeutel Verpackung<\/td>\n<\/tr>\n<tr>\n<td width=\"284\">MOQ<\/td>\n<td width=\"323\">500 STCK.<\/td>\n<\/tr>\n<\/tbody>\n<\/table>\n<p>TOPRISE unterst\u00fctzt verschiedene Arten der Anpassung von Regenbekleidung; klicken Sie auf <a href=\"https:\/\/toprisesafety.com\/de\/product-category\/personal-protective-equipment\/rain-wear\/\">weitere Modelle von Regenbekleidung ansehen.<\/a><\/p>\n<p>Wenn Sie die ben\u00f6tigte Regenkleidung nicht finden, <a href=\"https:\/\/toprisesafety.com\/de\/contact-us\/\">Kontaktieren Sie uns<\/a>; wir unterst\u00fctzen spezielle Anpassungen.<\/p>","protected":false},"excerpt":{"rendered":"<p>ART NO.RC01<\/p>\n<p>Material :\u00a0210T polyester with PU coated or customized<\/p>\n<p>Gr\u00f6\u00dfe : S- XXXL oder individuell<\/p>\n<p>MOQ :500 PCS<\/p>\n<p>Unterst\u00fctzt kundenspezifische Gr\u00f6\u00dfe, Logo und Design<\/p>","protected":false},"featured_media":11515,"template":"","meta":{"_acf_changed":false},"product_brand":[],"product_cat":[321],"product_tag":[],"class_list":{"0":"post-11510","1":"product","2":"type-product","3":"status-publish","4":"has-post-thumbnail","6":"product_cat-rain-wear","8":"first","9":"instock","10":"shipping-taxable","11":"product-type-simple"},"acf":[],"_links":{"self":[{"href":"https:\/\/toprisesafety.com\/de\/wp-json\/wp\/v2\/product\/11510"}],"collection":[{"href":"https:\/\/toprisesafety.com\/de\/wp-json\/wp\/v2\/product"}],"about":[{"href":"https:\/\/toprisesafety.com\/de\/wp-json\/wp\/v2\/types\/product"}],"wp:featuredmedia":[{"embeddable":true,"href":"https:\/\/toprisesafety.com\/de\/wp-json\/wp\/v2\/media\/11515"}],"wp:attachment":[{"href":"https:\/\/toprisesafety.com\/de\/wp-json\/wp\/v2\/media?parent=11510"}],"wp:term":[{"taxonomy":"product_brand","embeddable":true,"href":"https:\/\/toprisesafety.com\/de\/wp-json\/wp\/v2\/product_brand?post=11510"},{"taxonomy":"product_cat","embeddable":true,"href":"https:\/\/toprisesafety.com\/de\/wp-json\/wp\/v2\/product_cat?post=11510"},{"taxonomy":"product_tag","embeddable":true,"href":"https:\/\/toprisesafety.com\/de\/wp-json\/wp\/v2\/product_tag?post=11510"}],"curies":[{"name":"wp","href":"https:\/\/api.w.org\/{rel}","templated":true}]}}