{"id":11393,"date":"2025-03-13T07:55:19","date_gmt":"2025-03-13T07:55:19","guid":{"rendered":"https:\/\/toprisesafety.com\/?post_type=product&#038;p=11393"},"modified":"2025-03-24T07:55:16","modified_gmt":"2025-03-24T07:55:16","slug":"working-jumpsuit","status":"publish","type":"product","link":"https:\/\/toprisesafety.com\/de\/product\/working-jumpsuit\/","title":{"rendered":"Arbeits-Overall"},"content":{"rendered":"<h2>Arbeits-Overall<\/h2>\n<p>\u200b<\/p>\n<table style=\"height: 840px;\" width=\"1276\">\n<tbody>\n<tr>\n<td colspan=\"2\" width=\"748\"><strong><b>Stoff-Serie<\/b><\/strong><\/td>\n<\/tr>\n<tr>\n<td width=\"105\">Zusammensetzung des Gewebes<\/td>\n<td width=\"643\">100umwolle, 150g\/170g\/200g\/240g\/260g\/280g\/310g\/330g\/360g\/400g\/420g zur Auswahl<\/td>\n<\/tr>\n<tr>\n<td width=\"105\"><\/td>\n<td width=\"643\">100umwolle, 150g\/170g\/200g\/240g\/260g\/280g\/310g\/330g\/360g\/400g\/420g zur Auswahl<\/td>\n<\/tr>\n<tr>\n<td width=\"105\"><\/td>\n<td width=\"643\">Polyester\/Baumwollgewebe (80\/20 oder 65\/35 oder 90\/10), 150g\/170g\/200g\/240g\/260g\/280g\/310g\/330g\/360g\/400g\/420g zur Auswahl<\/td>\n<\/tr>\n<tr>\n<td width=\"105\"><\/td>\n<td width=\"643\">Aramid fiber,120g\/150g\/180g\/210g\/260g\/300g<\/td>\n<\/tr>\n<tr>\n<td width=\"105\">Verschiedene Farben zur Auswahl<\/td>\n<td width=\"643\"><img fetchpriority=\"high\" decoding=\"async\" class=\"alignnone wp-image-11245\" src=\"https:\/\/toprisesafety.com\/wp-content\/uploads\/2025\/03\/COLORS-1-300x26.png\" alt=\"\" width=\"946\" height=\"82\" srcset=\"https:\/\/toprisesafety.com\/wp-content\/uploads\/2025\/03\/COLORS-1-300x26.png 300w, https:\/\/toprisesafety.com\/wp-content\/uploads\/2025\/03\/COLORS-1-768x66.png 768w, https:\/\/toprisesafety.com\/wp-content\/uploads\/2025\/03\/COLORS-1-600x52.png 600w, https:\/\/toprisesafety.com\/wp-content\/uploads\/2025\/03\/COLORS-1.png 931w\" sizes=\"(max-width: 946px) 100vw, 946px\" \/><\/td>\n<\/tr>\n<tr>\n<td colspan=\"2\" width=\"748\"><strong><b>Arbeitskleidung Serie<\/b><\/strong><\/td>\n<\/tr>\n<tr>\n<td width=\"105\">Hauptreihe<\/td>\n<td width=\"643\">Flammhemmende Kleidung, antistatische Kleidung, Schwei\u00dferkleidung, Brandschutzkleidung, Notfallkleidung, S\u00e4ure- und Laugenschutzkleidung und Multifunktionskleidung. Unterst\u00fctzung der Anpassung.<\/td>\n<\/tr>\n<tr>\n<td width=\"105\">Wichtigste Funktionen<\/td>\n<td width=\"643\">Flammhemmend, antistatisch, \u00f6l- und s\u00e4urebest\u00e4ndig, alkalibest\u00e4ndig, m\u00fcckenhemmend, UV-best\u00e4ndig<\/td>\n<\/tr>\n<tr>\n<td width=\"105\">Anwendungsbereiche<\/td>\n<td width=\"643\">Waldbrandschutz, Petrochemie, Erdgas, Autoreparatur, Stromerzeugung, Bergbau, Schwei\u00dfen und andere Industrien<\/td>\n<\/tr>\n<tr>\n<td width=\"105\">Exportmarkt<\/td>\n<td width=\"643\">Europa, Nordamerika, Afrika, S\u00fcdafrika, S\u00fcdamerika<\/td>\n<\/tr>\n<\/tbody>\n<\/table>\n<p>TOPRISE unterst\u00fctzt verschiedene Arten der individuellen Gestaltung von Arbeitskleidung; klicken Sie hier, um<a href=\"https:\/\/toprisesafety.com\/de\/product-category\/personal-protective-equipment\/work-wear\/\"> weitere Modelle von Arbeitskleidung sehen.<\/a><\/p>\n<p>NINGBO TOPRISE unterst\u00fctzt die individuelle Anpassung von verschiedenen Stoffen und Stilen. Es unterst\u00fctzt auch die Anpassung von Kleinserien, um die Bed\u00fcrfnisse der verschiedenen Kunden zu erf\u00fcllen.\u00a0<a href=\"https:\/\/toprisesafety.com\/de\/contact-us\/\">Bitte kontaktieren Sie uns f\u00fcr eine individuelle Anpassung<\/a>.<\/p>","protected":false},"excerpt":{"rendered":"<p>Art.-Nr. WC05<\/p>\n<p>Material: 100%Cotton, T\/C 80\/20, T\/C 65\/35, 100%Polyester, Aramidfaser<\/p>\n<p>Gewicht: 120-420G\/SQM oder kundenspezifisch<\/p>\n<p>Farbe: verschiedene Farben zur Auswahl.<\/p>\n<p>Gr\u00f6\u00dfe: S-XXXL ( Unterst\u00fctzung Anpassung\uff09<\/p>\n<p>ST\u00dcCKZAHL: 500-1000 ST\u00dcCK.<\/p>","protected":false},"featured_media":11394,"template":"","meta":{"_acf_changed":false},"product_brand":[],"product_cat":[330],"product_tag":[],"class_list":{"0":"post-11393","1":"product","2":"type-product","3":"status-publish","4":"has-post-thumbnail","6":"product_cat-work-wear","8":"first","9":"instock","10":"shipping-taxable","11":"product-type-simple"},"acf":[],"_links":{"self":[{"href":"https:\/\/toprisesafety.com\/de\/wp-json\/wp\/v2\/product\/11393"}],"collection":[{"href":"https:\/\/toprisesafety.com\/de\/wp-json\/wp\/v2\/product"}],"about":[{"href":"https:\/\/toprisesafety.com\/de\/wp-json\/wp\/v2\/types\/product"}],"wp:featuredmedia":[{"embeddable":true,"href":"https:\/\/toprisesafety.com\/de\/wp-json\/wp\/v2\/media\/11394"}],"wp:attachment":[{"href":"https:\/\/toprisesafety.com\/de\/wp-json\/wp\/v2\/media?parent=11393"}],"wp:term":[{"taxonomy":"product_brand","embeddable":true,"href":"https:\/\/toprisesafety.com\/de\/wp-json\/wp\/v2\/product_brand?post=11393"},{"taxonomy":"product_cat","embeddable":true,"href":"https:\/\/toprisesafety.com\/de\/wp-json\/wp\/v2\/product_cat?post=11393"},{"taxonomy":"product_tag","embeddable":true,"href":"https:\/\/toprisesafety.com\/de\/wp-json\/wp\/v2\/product_tag?post=11393"}],"curies":[{"name":"wp","href":"https:\/\/api.w.org\/{rel}","templated":true}]}}