{"id":11354,"date":"2025-03-13T07:00:41","date_gmt":"2025-03-13T07:00:41","guid":{"rendered":"https:\/\/toprisesafety.com\/?post_type=product&#038;p=11354"},"modified":"2025-03-17T04:24:31","modified_gmt":"2025-03-17T04:24:31","slug":"sanitary-pvc-white-boots","status":"publish","type":"product","link":"https:\/\/toprisesafety.com\/de\/product\/sanitary-pvc-white-boots\/","title":{"rendered":"Sanit\u00e4r PVC Wei\u00df Stiefel"},"content":{"rendered":"<h2>Sanit\u00e4r PVC Wei\u00df Stiefel<\/h2>\n<ul>\n<li>High quality PVC material: waterproof, wear-resistant, suitable for wet and wet environment, keep feet dry.<\/li>\n<li>Food grade safety: Especially suitable for food processing, high hygiene requirements of the environment, to ensure safety and harmless.<\/li>\n<li>Comfort: Lightweight design, comfortable to wear, suitable for long periods of standing and working.<\/li>\n<li>Easy to clean: Smooth surfaces are easy to clean, maintain hygiene and reduce bacterial growth.<\/li>\n<li>Durability: PVC material has good durability and can withstand high strength use.<\/li>\n<li>Non-slip design: Sole non-slip texture to ensure stability in slippery environments.<\/li>\n<\/ul>\n<table>\n<tbody>\n<tr>\n<td width=\"284\">Art Nr.<\/td>\n<td width=\"284\">RB08<\/td>\n<\/tr>\n<tr>\n<td width=\"284\">Stil<\/td>\n<td width=\"284\">Sanit\u00e4r PVC Wei\u00df Stiefel<\/td>\n<\/tr>\n<tr>\n<td width=\"284\">Material<\/td>\n<td width=\"284\">PVC + leicht trocknendes Gewebefutter<\/td>\n<\/tr>\n<tr>\n<td width=\"284\">Eigenschaften<\/td>\n<td width=\"284\">200J Stahlkappe, Zwischensohle aus Stahl f\u00fcr die Wahl<\/td>\n<\/tr>\n<tr>\n<td width=\"284\">Farbe<\/td>\n<td width=\"284\">White or custom-made<\/td>\n<\/tr>\n<tr>\n<td width=\"284\">Gr\u00f6\u00dfe<\/td>\n<td width=\"284\">36-46 for choice<\/td>\n<\/tr>\n<tr>\n<td width=\"284\">MOQ<\/td>\n<td width=\"284\">500 Paare<\/td>\n<\/tr>\n<tr>\n<td width=\"284\">Vorteil<\/td>\n<td width=\"284\">Unterst\u00fctzung der Anpassung<\/td>\n<\/tr>\n<\/tbody>\n<\/table>\n<p>TOPRISE unterst\u00fctzt verschiedene Arten der Anpassung von PVC-Stiefeln und Gummistiefeln; klicken Sie, um <a href=\"https:\/\/toprisesafety.com\/de\/product-category\/personal-protective-equipment\/foot-protection\/pvc-boots\/\">Weitere Modelle von PVC-Stiefeln und Gummistiefeln anzeigen.<\/a><\/p>\n<p>Wenn Sie Ihre gew\u00fcnschten PVC-Stiefel &amp; Gummistiefel nicht finden k\u00f6nnen <a href=\"https:\/\/toprisesafety.com\/de\/contact-us\/\">Kontaktieren Sie uns<\/a>; wir unterst\u00fctzen spezielle Anpassungen.<\/p>","protected":false},"excerpt":{"rendered":"<p>Art No.: RB08<\/p>\n<p>Size: EUR: 36-46<\/p>\n<p>Material: PVC+ leicht trocknendes Gewebefutter<\/p>\n<p>Height : 38 CM<\/p>\n<p>Color: White or custom-made<\/p>\n<p>MOQ: 500PRS<\/p>","protected":false},"featured_media":11355,"template":"","meta":{"_acf_changed":false},"product_brand":[],"product_cat":[344,342],"product_tag":[],"class_list":{"0":"post-11354","1":"product","2":"type-product","3":"status-publish","4":"has-post-thumbnail","6":"product_cat-pvc-boots","7":"product_cat-foot-protection","9":"first","10":"instock","11":"shipping-taxable","12":"product-type-simple"},"acf":[],"_links":{"self":[{"href":"https:\/\/toprisesafety.com\/de\/wp-json\/wp\/v2\/product\/11354"}],"collection":[{"href":"https:\/\/toprisesafety.com\/de\/wp-json\/wp\/v2\/product"}],"about":[{"href":"https:\/\/toprisesafety.com\/de\/wp-json\/wp\/v2\/types\/product"}],"wp:featuredmedia":[{"embeddable":true,"href":"https:\/\/toprisesafety.com\/de\/wp-json\/wp\/v2\/media\/11355"}],"wp:attachment":[{"href":"https:\/\/toprisesafety.com\/de\/wp-json\/wp\/v2\/media?parent=11354"}],"wp:term":[{"taxonomy":"product_brand","embeddable":true,"href":"https:\/\/toprisesafety.com\/de\/wp-json\/wp\/v2\/product_brand?post=11354"},{"taxonomy":"product_cat","embeddable":true,"href":"https:\/\/toprisesafety.com\/de\/wp-json\/wp\/v2\/product_cat?post=11354"},{"taxonomy":"product_tag","embeddable":true,"href":"https:\/\/toprisesafety.com\/de\/wp-json\/wp\/v2\/product_tag?post=11354"}],"curies":[{"name":"wp","href":"https:\/\/api.w.org\/{rel}","templated":true}]}}