{"id":11340,"date":"2025-03-13T06:32:06","date_gmt":"2025-03-13T06:32:06","guid":{"rendered":"https:\/\/toprisesafety.com\/?post_type=product&#038;p=11340"},"modified":"2025-03-17T04:34:50","modified_gmt":"2025-03-17T04:34:50","slug":"safety-toe-reflective-rubber-boots","status":"publish","type":"product","link":"https:\/\/toprisesafety.com\/de\/product\/safety-toe-reflective-rubber-boots\/","title":{"rendered":"Reflektierende Gummistiefel mit Sicherheitszehen"},"content":{"rendered":"<h2>Reflektierende Gummistiefel mit Sicherheitszehen<\/h2>\n<ul>\n<li>Stahlkappe und Stahlzwischensohle: Sch\u00fctzt den Fu\u00df wirksam vor starkem Druck und scharfen Gegenst\u00e4nden.<\/li>\n<li>Reflektierendes Streifendesign: Verbessert die Sichtbarkeit und Sicherheit bei Nacht oder in schwach beleuchteten Umgebungen.<\/li>\n<li>Elastischer G\u00fcrtel: einfaches An- und Ausziehen, sorgt f\u00fcr einen bequemen Sitz und verbessert den Tragekomfort.<\/li>\n<li>Gummimaterial: wasserdicht, verschlei\u00dffest, s\u00e4ure- und laugenbest\u00e4ndig, passt sich an verschiedene komplexe Umgebungen an und bietet Schutz bei jedem Wetter.<\/li>\n<li>Komfort: Er ist auch nach l\u00e4ngerer Zeit noch bequem zu tragen und eignet sich f\u00fcr Arbeitspl\u00e4tze wie Baustellen und Lagerhallen.<\/li>\n<li>Einsatzort: Geeignet f\u00fcr Baustellen, Lagerhallen, Chemieanlagen, Landwirtschaft, G\u00e4rten und andere Orte, die Schutz und eine komfortable Arbeitsumgebung ben\u00f6tigen.<\/li>\n<\/ul>\n<table>\n<tbody>\n<tr>\n<td width=\"284\">Art Nr.<\/td>\n<td width=\"284\">RB07<\/td>\n<\/tr>\n<tr>\n<td width=\"284\">Stil<\/td>\n<td width=\"284\">Strapazierf\u00e4hige Gummistiefel<\/td>\n<\/tr>\n<tr>\n<td width=\"284\">Material<\/td>\n<td width=\"284\">Gummi + leicht trocknendes Stofffutter<\/td>\n<\/tr>\n<tr>\n<td width=\"284\">Eigenschaften<\/td>\n<td width=\"284\">200J Stahlkappe, Zwischensohle aus Stahl f\u00fcr die Wahl<\/td>\n<\/tr>\n<tr>\n<td width=\"284\">Farbe<\/td>\n<td width=\"284\">Schwarz oder ma\u00dfgeschneidert<\/td>\n<\/tr>\n<tr>\n<td width=\"284\">Gr\u00f6\u00dfe<\/td>\n<td width=\"284\">39-47 zur Auswahl<\/td>\n<\/tr>\n<tr>\n<td width=\"284\">MOQ<\/td>\n<td width=\"284\">500 Paare<\/td>\n<\/tr>\n<tr>\n<td width=\"284\">Vorteil<\/td>\n<td width=\"284\">Unterst\u00fctzung der Anpassung<\/td>\n<\/tr>\n<\/tbody>\n<\/table>\n<p>TOPRISE unterst\u00fctzt verschiedene Arten der Anpassung von PVC-Stiefeln und Gummistiefeln; klicken Sie, um <a href=\"https:\/\/toprisesafety.com\/de\/product-category\/personal-protective-equipment\/foot-protection\/pvc-boots\/\">Weitere Modelle von PVC-Stiefeln und Gummistiefeln anzeigen.<\/a><\/p>\n<p>Wenn Sie Ihre gew\u00fcnschten PVC-Stiefel &amp; Gummistiefel nicht finden k\u00f6nnen <a href=\"https:\/\/toprisesafety.com\/de\/contact-us\/\">Kontaktieren Sie uns<\/a>; wir unterst\u00fctzen spezielle Anpassungen.<\/p>","protected":false},"excerpt":{"rendered":"<p>Art.Nr.: RB07<\/p>\n<p>Gr\u00f6\u00dfe: EUR: 39-47<\/p>\n<p>Material: Gummi+ leicht trocknendes Stofffutter<\/p>\n<p>H\u00f6he : 36 CM<\/p>\n<p>Farbe: Schwarz oder kundenspezifisch<\/p>\n<p>Merkmale: Reflektierende B\u00e4nder hinzuf\u00fcgen<\/p>\n<p>MOQ: 500PRS<\/p>","protected":false},"featured_media":11342,"template":"","meta":{"_acf_changed":false},"product_brand":[],"product_cat":[342,344],"product_tag":[],"class_list":{"0":"post-11340","1":"product","2":"type-product","3":"status-publish","4":"has-post-thumbnail","6":"product_cat-foot-protection","7":"product_cat-pvc-boots","9":"first","10":"instock","11":"shipping-taxable","12":"product-type-simple"},"acf":[],"_links":{"self":[{"href":"https:\/\/toprisesafety.com\/de\/wp-json\/wp\/v2\/product\/11340","targetHints":{"allow":["GET"]}}],"collection":[{"href":"https:\/\/toprisesafety.com\/de\/wp-json\/wp\/v2\/product"}],"about":[{"href":"https:\/\/toprisesafety.com\/de\/wp-json\/wp\/v2\/types\/product"}],"wp:featuredmedia":[{"embeddable":true,"href":"https:\/\/toprisesafety.com\/de\/wp-json\/wp\/v2\/media\/11342"}],"wp:attachment":[{"href":"https:\/\/toprisesafety.com\/de\/wp-json\/wp\/v2\/media?parent=11340"}],"wp:term":[{"taxonomy":"product_brand","embeddable":true,"href":"https:\/\/toprisesafety.com\/de\/wp-json\/wp\/v2\/product_brand?post=11340"},{"taxonomy":"product_cat","embeddable":true,"href":"https:\/\/toprisesafety.com\/de\/wp-json\/wp\/v2\/product_cat?post=11340"},{"taxonomy":"product_tag","embeddable":true,"href":"https:\/\/toprisesafety.com\/de\/wp-json\/wp\/v2\/product_tag?post=11340"}],"curies":[{"name":"wp","href":"https:\/\/api.w.org\/{rel}","templated":true}]}}