{"id":11334,"date":"2025-03-13T06:27:11","date_gmt":"2025-03-13T06:27:11","guid":{"rendered":"https:\/\/toprisesafety.com\/?post_type=product&#038;p=11334"},"modified":"2025-03-17T04:35:35","modified_gmt":"2025-03-17T04:35:35","slug":"steel-toe-rubber-boots","status":"publish","type":"product","link":"https:\/\/toprisesafety.com\/de\/product\/steel-toe-rubber-boots\/","title":{"rendered":"Stahlkappen-Gummistiefel"},"content":{"rendered":"<h2>Stahlkappen-Gummistiefel<\/h2>\n<ul>\n<li>Standard-Stahlkappe und Stahl-Zwischensohle: wirksamer Schutz des Fu\u00dfes vor starkem Druck und scharfen Gegenst\u00e4nden.<\/li>\n<li>Anti-Rutsch-Design: Sorgt f\u00fcr stabiles Gehen in einer rutschigen Umgebung und erh\u00f6ht die Sicherheit.<\/li>\n<li>Hohe Zylinderkonstruktion: verhindert wirksam das Eintauchen in den Regen und passt sich dem schlechten Wetter an.<\/li>\n<li>Gummimaterial: Hervorragende Wasserdichtigkeit; h\u00e4lt die F\u00fc\u00dfe trocken.<\/li>\n<li>Hohe Verschlei\u00dffestigkeit: Anpassung an verschiedene komplexe Umgebungen, lange Lebensdauer.<\/li>\n<li>Flexibilit\u00e4t: Bietet gute Flexibilit\u00e4t und Komfort, reduziert das Gef\u00fchl der Erm\u00fcdung getragen f\u00fcr eine lange Zeit.<\/li>\n<li>Chemische Best\u00e4ndigkeit: Es weist eine gewisse Best\u00e4ndigkeit gegen\u00fcber den meisten chemischen Substanzen auf und ist f\u00fcr eine Vielzahl von Arbeitsumgebungen geeignet.<\/li>\n<li>Vielseitig einsetzbar: geeignet f\u00fcr verschiedene Einsatzbereiche wie Baustelle, Lager und Au\u00dfeneinsatz.<\/li>\n<li>Komfort: Es kann den Komfort f\u00fcr eine lange Zeit aufrechterhalten und ist f\u00fcr verschiedene Arbeitsumgebungen geeignet.<\/li>\n<\/ul>\n<table>\n<tbody>\n<tr>\n<td width=\"284\">Art Nr.<\/td>\n<td width=\"284\">RB06<\/td>\n<\/tr>\n<tr>\n<td width=\"284\">Stil<\/td>\n<td width=\"284\">Strapazierf\u00e4hige Gummistiefel<\/td>\n<\/tr>\n<tr>\n<td width=\"284\">Material<\/td>\n<td width=\"284\">Gummi + leicht trocknendes Stofffutter<\/td>\n<\/tr>\n<tr>\n<td width=\"284\">Eigenschaften<\/td>\n<td width=\"284\">200J Stahlkappe, Zwischensohle aus Stahl f\u00fcr die Wahl<\/td>\n<\/tr>\n<tr>\n<td width=\"284\">Farbe<\/td>\n<td width=\"284\">Gelb\/Schwarz oder Sonderanfertigung<\/td>\n<\/tr>\n<tr>\n<td width=\"284\">Gr\u00f6\u00dfe<\/td>\n<td width=\"284\">38-48 zur Auswahl<\/td>\n<\/tr>\n<tr>\n<td width=\"284\">MOQ<\/td>\n<td width=\"284\">500 Paare<\/td>\n<\/tr>\n<tr>\n<td width=\"284\">Vorteil<\/td>\n<td width=\"284\">Unterst\u00fctzung der Anpassung<\/td>\n<\/tr>\n<\/tbody>\n<\/table>\n<p>TOPRISE unterst\u00fctzt verschiedene Arten der Anpassung von PVC-Stiefeln und Gummistiefeln; klicken Sie, um <a href=\"https:\/\/toprisesafety.com\/de\/product-category\/personal-protective-equipment\/foot-protection\/pvc-boots\/\">Weitere Modelle von PVC-Stiefeln und Gummistiefeln anzeigen.<\/a><\/p>\n<p>Wenn Sie Ihre gew\u00fcnschten PVC-Stiefel &amp; Gummistiefel nicht finden k\u00f6nnen <a href=\"https:\/\/toprisesafety.com\/de\/contact-us\/\">Kontaktieren Sie uns<\/a>; wir unterst\u00fctzen spezielle Anpassungen.<\/p>","protected":false},"excerpt":{"rendered":"<p>Art.Nr.: RB06<\/p>\n<p>Gr\u00f6\u00dfe: EUR: 38-48<\/p>\n<p>Material: Gummi+ leicht trocknendes Stofffutter<\/p>\n<p>H\u00f6he : 36 CM<\/p>\n<p>Farbe: Gelb\/Schwarz oder kundenspezifisch<\/p>\n<p>MOQ: 500PRS<\/p>","protected":false},"featured_media":11336,"template":"","meta":{"_acf_changed":false},"product_brand":[],"product_cat":[344,342],"product_tag":[],"class_list":{"0":"post-11334","1":"product","2":"type-product","3":"status-publish","4":"has-post-thumbnail","6":"product_cat-pvc-boots","7":"product_cat-foot-protection","9":"first","10":"instock","11":"shipping-taxable","12":"product-type-simple"},"acf":[],"_links":{"self":[{"href":"https:\/\/toprisesafety.com\/de\/wp-json\/wp\/v2\/product\/11334"}],"collection":[{"href":"https:\/\/toprisesafety.com\/de\/wp-json\/wp\/v2\/product"}],"about":[{"href":"https:\/\/toprisesafety.com\/de\/wp-json\/wp\/v2\/types\/product"}],"wp:featuredmedia":[{"embeddable":true,"href":"https:\/\/toprisesafety.com\/de\/wp-json\/wp\/v2\/media\/11336"}],"wp:attachment":[{"href":"https:\/\/toprisesafety.com\/de\/wp-json\/wp\/v2\/media?parent=11334"}],"wp:term":[{"taxonomy":"product_brand","embeddable":true,"href":"https:\/\/toprisesafety.com\/de\/wp-json\/wp\/v2\/product_brand?post=11334"},{"taxonomy":"product_cat","embeddable":true,"href":"https:\/\/toprisesafety.com\/de\/wp-json\/wp\/v2\/product_cat?post=11334"},{"taxonomy":"product_tag","embeddable":true,"href":"https:\/\/toprisesafety.com\/de\/wp-json\/wp\/v2\/product_tag?post=11334"}],"curies":[{"name":"wp","href":"https:\/\/api.w.org\/{rel}","templated":true}]}}