{"id":11326,"date":"2025-03-13T06:21:08","date_gmt":"2025-03-13T06:21:08","guid":{"rendered":"https:\/\/toprisesafety.com\/?post_type=product&#038;p=11326"},"modified":"2025-03-17T04:36:34","modified_gmt":"2025-03-17T04:36:34","slug":"waterproof-white-steel-toe-safety-pvc-boots","status":"publish","type":"product","link":"https:\/\/toprisesafety.com\/de\/product\/waterproof-white-steel-toe-safety-pvc-boots\/","title":{"rendered":"Wasserdichte wei\u00dfe Stahlkappen-Sicherheits-PVC-Stiefel"},"content":{"rendered":"<h2>Wasserdichte wei\u00dfe Stahlkappen-Sicherheits-PVC-Stiefel<\/h2>\n<ul>\n<li>Standard-Stahlkappe und Zwischensohle: Sch\u00fctzt die F\u00fc\u00dfe wirksam vor starkem Druck und scharfen Gegenst\u00e4nden.<\/li>\n<li>Rutschfeste Sohle: sorgt f\u00fcr stabiles Gehen in nassen und rutschigen Umgebungen und erh\u00f6ht die Sicherheit.<\/li>\n<li>PVC-Material: wasserdicht, verschlei\u00dffest, geeignet f\u00fcr nasse oder schlammige Arbeitsumgebungen.<\/li>\n<li>Komfort: leichtes Design, tragen nicht m\u00fcde F\u00fc\u00dfe, geeignet f\u00fcr lange Zeit tragen.<\/li>\n<li>Vielseitig einsetzbar: Besonders geeignet f\u00fcr stark beanspruchte Arbeitsbereiche wie Baustellen, Landwirtschaft und G\u00e4rten, die einen umfassenden Fu\u00dfschutz bieten.<\/li>\n<\/ul>\n<table>\n<tbody>\n<tr>\n<td width=\"284\">Art Nr.<\/td>\n<td width=\"284\">RB05-W<\/td>\n<\/tr>\n<tr>\n<td width=\"284\">Stil<\/td>\n<td width=\"284\">Strapazierf\u00e4hige Gummistiefel<\/td>\n<\/tr>\n<tr>\n<td width=\"284\">Material<\/td>\n<td width=\"284\">PVC + leicht trocknendes Gewebefutter<\/td>\n<\/tr>\n<tr>\n<td width=\"284\">Eigenschaften<\/td>\n<td width=\"284\">200J Stahlkappe, Zwischensohle aus Stahl f\u00fcr die Wahl<\/td>\n<\/tr>\n<tr>\n<td width=\"284\">Farbe<\/td>\n<td width=\"284\">Schwarz\/rot oder nach Ma\u00df<\/td>\n<\/tr>\n<tr>\n<td width=\"284\">Gr\u00f6\u00dfe<\/td>\n<td width=\"284\">38-46 zur Auswahl<\/td>\n<\/tr>\n<tr>\n<td width=\"284\">MOQ<\/td>\n<td width=\"284\">500 Paare<\/td>\n<\/tr>\n<tr>\n<td width=\"284\">Vorteil<\/td>\n<td width=\"284\">Unterst\u00fctzung der Anpassung<\/td>\n<\/tr>\n<\/tbody>\n<\/table>\n<p>TOPRISE unterst\u00fctzt verschiedene Arten der Anpassung von PVC-Stiefeln und Gummistiefeln; klicken Sie, um <a href=\"https:\/\/toprisesafety.com\/de\/product-category\/personal-protective-equipment\/foot-protection\/pvc-boots\/\">Weitere Modelle von PVC-Stiefeln und Gummistiefeln anzeigen.<\/a><\/p>\n<p>Wenn Sie Ihre gew\u00fcnschten PVC-Stiefel &amp; Gummistiefel nicht finden k\u00f6nnen <a href=\"https:\/\/toprisesafety.com\/de\/contact-us\/\">Kontaktieren Sie uns<\/a>; wir unterst\u00fctzen spezielle Anpassungen.<\/p>","protected":false},"excerpt":{"rendered":"<p>Art.Nr.: RB05-W<\/p>\n<p>Gr\u00f6\u00dfe: EUR: 38-46<\/p>\n<p>Material: PVC+ leicht trocknendes Gewebefutter<\/p>\n<p>Farbe: Schwarz, gr\u00fcn, gelb, wei\u00df usw.<\/p>","protected":false},"featured_media":11327,"template":"","meta":{"_acf_changed":false},"product_brand":[],"product_cat":[342,344],"product_tag":[],"class_list":{"0":"post-11326","1":"product","2":"type-product","3":"status-publish","4":"has-post-thumbnail","6":"product_cat-foot-protection","7":"product_cat-pvc-boots","9":"first","10":"instock","11":"shipping-taxable","12":"product-type-simple"},"acf":[],"_links":{"self":[{"href":"https:\/\/toprisesafety.com\/de\/wp-json\/wp\/v2\/product\/11326"}],"collection":[{"href":"https:\/\/toprisesafety.com\/de\/wp-json\/wp\/v2\/product"}],"about":[{"href":"https:\/\/toprisesafety.com\/de\/wp-json\/wp\/v2\/types\/product"}],"wp:featuredmedia":[{"embeddable":true,"href":"https:\/\/toprisesafety.com\/de\/wp-json\/wp\/v2\/media\/11327"}],"wp:attachment":[{"href":"https:\/\/toprisesafety.com\/de\/wp-json\/wp\/v2\/media?parent=11326"}],"wp:term":[{"taxonomy":"product_brand","embeddable":true,"href":"https:\/\/toprisesafety.com\/de\/wp-json\/wp\/v2\/product_brand?post=11326"},{"taxonomy":"product_cat","embeddable":true,"href":"https:\/\/toprisesafety.com\/de\/wp-json\/wp\/v2\/product_cat?post=11326"},{"taxonomy":"product_tag","embeddable":true,"href":"https:\/\/toprisesafety.com\/de\/wp-json\/wp\/v2\/product_tag?post=11326"}],"curies":[{"name":"wp","href":"https:\/\/api.w.org\/{rel}","templated":true}]}}