{"id":11224,"date":"2025-03-11T06:40:38","date_gmt":"2025-03-11T06:40:38","guid":{"rendered":"https:\/\/toprisesafety.com\/?post_type=product&#038;p=11224"},"modified":"2025-03-11T07:01:05","modified_gmt":"2025-03-11T07:01:05","slug":"mens-military-tactical-work-boots","status":"publish","type":"product","link":"https:\/\/toprisesafety.com\/de\/product\/mens-military-tactical-work-boots\/","title":{"rendered":"Milit\u00e4rische taktische Arbeitsstiefel f\u00fcr M\u00e4nner"},"content":{"rendered":"<h2>Milit\u00e4rische taktische Arbeitsstiefel f\u00fcr M\u00e4nner<\/h2>\n<p>Merkmale:<\/p>\n<ul>\n<li>Hochwertiges Veloursleder: langlebig und atmungsaktiv, geeignet f\u00fcr eine Vielzahl von rauen Umgebungen.<\/li>\n<li>PU-Spritzguss-Sohle: leicht und verschlei\u00dffest, mit hervorragender Rutschhemmung.<\/li>\n<li>Komfortables D\u00e4mpfungsdesign: reduziert den Druck auf den Fu\u00df, geeignet f\u00fcr den Langzeitgebrauch.<\/li>\n<li>Modisches Camouflage-Muster: modernes Aussehen, praktisch und stilvoll.<\/li>\n<li>Unterst\u00fctzung der Anpassung: Erf\u00fcllen Sie individuelle Bed\u00fcrfnisse und passen Sie Aussehen und Funktion an.<\/li>\n<li>Multifunktionale Anwendung: geeignet f\u00fcr Milit\u00e4rpolizei, Outdoor-Aktivit\u00e4ten und andere Gelegenheiten.<\/li>\n<\/ul>\n<table>\n<tbody>\n<tr>\n<td width=\"279\">Art Nr.<\/td>\n<td width=\"280\">SB15<\/td>\n<\/tr>\n<tr>\n<td width=\"279\">Material<\/td>\n<td width=\"280\">Wildleder + PU-Sohle<\/td>\n<\/tr>\n<tr>\n<td width=\"279\">Workshop<\/td>\n<td width=\"280\">Eingespritzte PU-Sohle<\/td>\n<\/tr>\n<tr>\n<td width=\"279\">Gr\u00f6\u00dfe<\/td>\n<td width=\"280\">36-46<\/td>\n<\/tr>\n<tr>\n<td width=\"279\">Logo<\/td>\n<td width=\"280\">Kundenlogo ist verf\u00fcgbar<\/td>\n<\/tr>\n<tr>\n<td width=\"279\">Personalisierung<\/td>\n<td width=\"280\">Stahlkappe, Stahl-Zwischensohle oder Kevlar-Zwischensohle etc. zur Auswahl.<\/td>\n<\/tr>\n<tr>\n<td width=\"279\">Verpacken<\/td>\n<td width=\"280\">1PR\/Farbkarton, 10PRS\/CTN<\/td>\n<\/tr>\n<\/tbody>\n<\/table>\n<p>TOPRISE unterst\u00fctzt verschiedene Arten der Anpassung von Sicherheitsschuhen; klicken Sie, um zu sehen <a href=\"https:\/\/toprisesafety.com\/de\/product-category\/personal-protective-equipment\/foot-protection\/safety-shoes\/\">weitere Modelle von Sicherheitsschuhen<\/a>.<\/p>\n<p>Wenn Sie die von Ihnen ben\u00f6tigten Sicherheitsschuhe nicht finden, wenden Sie sich an uns; wir unterst\u00fctzen Sonderanfertigungen.<\/p>","protected":false},"excerpt":{"rendered":"<p>Art-Nr.: SB18<\/p>\n<p>Gr\u00f6\u00dfe: 36-46<\/p>\n<p>Material: Wildleder+ PU-Einspritzsohle<\/p>\n<p>Verarbeitung: PU-Injektionssohle<\/p>\n<p>MOQ:1000PRS<\/p>\n<p>Wir k\u00f6nnen verschiedene Standards von Sicherheitsstiefeln unterst\u00fctzen.<\/p>","protected":false},"featured_media":11225,"template":"","meta":{"_acf_changed":false},"product_brand":[],"product_cat":[343,342],"product_tag":[],"class_list":{"0":"post-11224","1":"product","2":"type-product","3":"status-publish","4":"has-post-thumbnail","6":"product_cat-safety-shoes","7":"product_cat-foot-protection","9":"first","10":"instock","11":"shipping-taxable","12":"product-type-simple"},"acf":[],"_links":{"self":[{"href":"https:\/\/toprisesafety.com\/de\/wp-json\/wp\/v2\/product\/11224"}],"collection":[{"href":"https:\/\/toprisesafety.com\/de\/wp-json\/wp\/v2\/product"}],"about":[{"href":"https:\/\/toprisesafety.com\/de\/wp-json\/wp\/v2\/types\/product"}],"wp:featuredmedia":[{"embeddable":true,"href":"https:\/\/toprisesafety.com\/de\/wp-json\/wp\/v2\/media\/11225"}],"wp:attachment":[{"href":"https:\/\/toprisesafety.com\/de\/wp-json\/wp\/v2\/media?parent=11224"}],"wp:term":[{"taxonomy":"product_brand","embeddable":true,"href":"https:\/\/toprisesafety.com\/de\/wp-json\/wp\/v2\/product_brand?post=11224"},{"taxonomy":"product_cat","embeddable":true,"href":"https:\/\/toprisesafety.com\/de\/wp-json\/wp\/v2\/product_cat?post=11224"},{"taxonomy":"product_tag","embeddable":true,"href":"https:\/\/toprisesafety.com\/de\/wp-json\/wp\/v2\/product_tag?post=11224"}],"curies":[{"name":"wp","href":"https:\/\/api.w.org\/{rel}","templated":true}]}}