{"id":11215,"date":"2025-03-11T06:32:30","date_gmt":"2025-03-11T06:32:30","guid":{"rendered":"https:\/\/toprisesafety.com\/?post_type=product&#038;p=11215"},"modified":"2025-03-11T07:31:03","modified_gmt":"2025-03-11T07:31:03","slug":"cowboy-boots","status":"publish","type":"product","link":"https:\/\/toprisesafety.com\/de\/product\/cowboy-boots\/","title":{"rendered":"Cowboy-Stiefel"},"content":{"rendered":"<h2>Cowboy-Stiefel<\/h2>\n<p>Merkmale dieser Cowboystiefel:<\/p>\n<ul>\n<li>Klassischer Denim-Stil: Einzigartiges Stickereidesign, stilvoll und praktisch, geeignet f\u00fcr alle Arten von l\u00e4ssigen Anl\u00e4ssen.<\/li>\n<li>Bequeme Passform: Weiches Leder f\u00fcr Komfort bei jedem Wetter.<\/li>\n<li>Abriebfeste Sohle: Die Sohle besteht aus hochfestem Gummimaterial, ist langlebig und rutschfest und gew\u00e4hrleistet ein sicheres Gehen.<\/li>\n<li>Einfaches An- und Ausziehen: einfaches Zugringdesign, einfaches An- und Ausziehen, bequem und schnell.<\/li>\n<li>Klassisch retro: Die Kombination aus traditionellen Cowboy-Elementen, modisch retro, geeignet f\u00fcr eine Vielzahl von Cowboy-Styles.<\/li>\n<li>Anwendbar f\u00fcr eine Vielzahl von Anl\u00e4ssen: Ob im Alltag oder bei Outdoor-Aktivit\u00e4ten, sie l\u00e4sst sich leicht anpassen und verleiht Pers\u00f6nlichkeit und Charme.<\/li>\n<\/ul>\n<table>\n<tbody>\n<tr>\n<td width=\"279\">Art Nr.<\/td>\n<td width=\"280\">SB15<\/td>\n<\/tr>\n<tr>\n<td width=\"279\">Material<\/td>\n<td width=\"280\">Crazy Horse Leder + PU-Sohle<\/td>\n<\/tr>\n<tr>\n<td width=\"279\">Workshop<\/td>\n<td width=\"280\">Eingespritzte PU-Sohle<\/td>\n<\/tr>\n<tr>\n<td width=\"279\">Gr\u00f6\u00dfe<\/td>\n<td width=\"280\">36-48<\/td>\n<\/tr>\n<tr>\n<td width=\"279\">Logo<\/td>\n<td width=\"280\">Kundenlogo ist verf\u00fcgbar<\/td>\n<\/tr>\n<tr>\n<td width=\"279\">Personalisierung<\/td>\n<td width=\"280\">Stahlkappe, Stahl-Zwischensohle oder Kevlar-Zwischensohle etc. zur Auswahl.<\/td>\n<\/tr>\n<tr>\n<td width=\"279\">Verpacken<\/td>\n<td width=\"280\">1PR\/Farbkarton, 10PRS\/CTN<\/td>\n<\/tr>\n<\/tbody>\n<\/table>\n<p>TOPRISE unterst\u00fctzt verschiedene Arten der Anpassung von Sicherheitsschuhen; klicken Sie, um zu sehen <a href=\"https:\/\/toprisesafety.com\/de\/product-category\/personal-protective-equipment\/foot-protection\/safety-shoes\/\">weitere Modelle von Sicherheitsschuhen<\/a>.<\/p>\n<p>Wenn Sie die von Ihnen ben\u00f6tigten Sicherheitsschuhe nicht finden, wenden Sie sich an uns; wir unterst\u00fctzen Sonderanfertigungen.<\/p>","protected":false},"excerpt":{"rendered":"<p>Art-Nr.: SB16<\/p>\n<p>Gr\u00f6\u00dfe: 36-48<\/p>\n<p>Material: Crazy Horse Leder+ Gummisohle<\/p>\n<p>Verarbeitung: geklebt<\/p>\n<p>MOQ:1000PRS<\/p>\n<p>Wir k\u00f6nnen verschiedene Standards von Sicherheitsstiefeln unterst\u00fctzen.<\/p>","protected":false},"featured_media":11216,"template":"","meta":{"_acf_changed":false},"product_brand":[],"product_cat":[342,343],"product_tag":[],"class_list":{"0":"post-11215","1":"product","2":"type-product","3":"status-publish","4":"has-post-thumbnail","6":"product_cat-foot-protection","7":"product_cat-safety-shoes","9":"first","10":"instock","11":"shipping-taxable","12":"product-type-simple"},"acf":[],"_links":{"self":[{"href":"https:\/\/toprisesafety.com\/de\/wp-json\/wp\/v2\/product\/11215"}],"collection":[{"href":"https:\/\/toprisesafety.com\/de\/wp-json\/wp\/v2\/product"}],"about":[{"href":"https:\/\/toprisesafety.com\/de\/wp-json\/wp\/v2\/types\/product"}],"wp:featuredmedia":[{"embeddable":true,"href":"https:\/\/toprisesafety.com\/de\/wp-json\/wp\/v2\/media\/11216"}],"wp:attachment":[{"href":"https:\/\/toprisesafety.com\/de\/wp-json\/wp\/v2\/media?parent=11215"}],"wp:term":[{"taxonomy":"product_brand","embeddable":true,"href":"https:\/\/toprisesafety.com\/de\/wp-json\/wp\/v2\/product_brand?post=11215"},{"taxonomy":"product_cat","embeddable":true,"href":"https:\/\/toprisesafety.com\/de\/wp-json\/wp\/v2\/product_cat?post=11215"},{"taxonomy":"product_tag","embeddable":true,"href":"https:\/\/toprisesafety.com\/de\/wp-json\/wp\/v2\/product_tag?post=11215"}],"curies":[{"name":"wp","href":"https:\/\/api.w.org\/{rel}","templated":true}]}}