{"id":11207,"date":"2025-03-11T06:21:14","date_gmt":"2025-03-11T06:21:14","guid":{"rendered":"https:\/\/toprisesafety.com\/?post_type=product&#038;p=11207"},"modified":"2025-03-11T07:31:53","modified_gmt":"2025-03-11T07:31:53","slug":"best-safety-boots","status":"publish","type":"product","link":"https:\/\/toprisesafety.com\/de\/product\/best-safety-boots\/","title":{"rendered":"Beste Sicherheitsstiefel"},"content":{"rendered":"<h2>Beste Sicherheitsstiefel Eigenschaften:<\/h2>\n<ul>\n<li>Standard-Stahlkopf: bietet starken Schutz, um zu verhindern, dass schwere Gegenst\u00e4nde auf die Zehen schlagen.<\/li>\n<li>Standard-Stahlsohle: verhindert wirksam das Eindringen scharfer Gegenst\u00e4nde in die Sohle.<\/li>\n<li>Optionale KEVLAR-Sohle: leicht und strapazierf\u00e4hig, ausgezeichnete Durchsto\u00dffestigkeit.<\/li>\n<li>Rutschfeste Sohlen: Sorgt f\u00fcr Sicherheit in einer Vielzahl von Arbeitsumgebungen.<\/li>\n<li>Erh\u00f6htes Design: Sch\u00fctzt den Kn\u00f6chel vor Verletzungen durch \u00e4u\u00dfere Einwirkungen.<\/li>\n<li>Starke Wasserdichtigkeit: Anpassung an nasse Umgebungen durch ein wasserdichtes Design.<\/li>\n<li>Vielf\u00e4ltige Anwendungsszenarien: geeignet f\u00fcr Arbeitspl\u00e4tze mit hoher Beanspruchung wie Geb\u00e4ude und Fabriken.<\/li>\n<\/ul>\n<table>\n<tbody>\n<tr>\n<td width=\"279\">Art Nr.<\/td>\n<td width=\"280\">SB15<\/td>\n<\/tr>\n<tr>\n<td width=\"279\">Material<\/td>\n<td width=\"280\">Echtes Leder + PU-Sohle<\/td>\n<\/tr>\n<tr>\n<td width=\"279\">Workshop<\/td>\n<td width=\"280\">Eingespritzte PU-Sohle<\/td>\n<\/tr>\n<tr>\n<td width=\"279\">Gr\u00f6\u00dfe<\/td>\n<td width=\"280\">36-48<\/td>\n<\/tr>\n<tr>\n<td width=\"279\">Logo<\/td>\n<td width=\"280\">Kundenlogo ist verf\u00fcgbar<\/td>\n<\/tr>\n<tr>\n<td width=\"279\">Personalisierung<\/td>\n<td width=\"280\">Stahlkappe, Stahl-Zwischensohle oder Kevlar-Zwischensohle etc. zur Auswahl.<\/td>\n<\/tr>\n<tr>\n<td width=\"279\">Verpacken<\/td>\n<td width=\"280\">1PR\/Farbkarton, 10PRS\/CTN<\/td>\n<\/tr>\n<\/tbody>\n<\/table>\n<p>TOPRISE unterst\u00fctzt verschiedene Arten der Anpassung von Sicherheitsschuhen; klicken Sie, um zu sehen <a href=\"https:\/\/toprisesafety.com\/de\/product-category\/personal-protective-equipment\/foot-protection\/safety-shoes\/\">weitere Modelle von Sicherheitsschuhen<\/a>.<\/p>\n<p>Wenn Sie die von Ihnen ben\u00f6tigten Sicherheitsschuhe nicht finden, wenden Sie sich an uns; wir unterst\u00fctzen Sonderanfertigungen.<\/p>","protected":false},"excerpt":{"rendered":"<p>Art-Nr.: SB15<\/p>\n<p>Gr\u00f6\u00dfe: 36-48<\/p>\n<p>Material: Echtes Leder+ PU-Sohle<\/p>\n<p>Verarbeitung: PU-Injektionssohle<\/p>\n<p>MOQ:1000PRS<\/p>\n<p>Wir k\u00f6nnen verschiedene Standards von Sicherheitsstiefeln unterst\u00fctzen.<\/p>","protected":false},"featured_media":11211,"template":"","meta":{"_acf_changed":false},"product_brand":[],"product_cat":[343,342],"product_tag":[],"class_list":{"0":"post-11207","1":"product","2":"type-product","3":"status-publish","4":"has-post-thumbnail","6":"product_cat-safety-shoes","7":"product_cat-foot-protection","9":"first","10":"instock","11":"shipping-taxable","12":"product-type-simple"},"acf":[],"_links":{"self":[{"href":"https:\/\/toprisesafety.com\/de\/wp-json\/wp\/v2\/product\/11207"}],"collection":[{"href":"https:\/\/toprisesafety.com\/de\/wp-json\/wp\/v2\/product"}],"about":[{"href":"https:\/\/toprisesafety.com\/de\/wp-json\/wp\/v2\/types\/product"}],"wp:featuredmedia":[{"embeddable":true,"href":"https:\/\/toprisesafety.com\/de\/wp-json\/wp\/v2\/media\/11211"}],"wp:attachment":[{"href":"https:\/\/toprisesafety.com\/de\/wp-json\/wp\/v2\/media?parent=11207"}],"wp:term":[{"taxonomy":"product_brand","embeddable":true,"href":"https:\/\/toprisesafety.com\/de\/wp-json\/wp\/v2\/product_brand?post=11207"},{"taxonomy":"product_cat","embeddable":true,"href":"https:\/\/toprisesafety.com\/de\/wp-json\/wp\/v2\/product_cat?post=11207"},{"taxonomy":"product_tag","embeddable":true,"href":"https:\/\/toprisesafety.com\/de\/wp-json\/wp\/v2\/product_tag?post=11207"}],"curies":[{"name":"wp","href":"https:\/\/api.w.org\/{rel}","templated":true}]}}