{"id":11158,"date":"2025-03-04T05:37:59","date_gmt":"2025-03-04T05:37:59","guid":{"rendered":"https:\/\/toprisesafety.com\/?post_type=product&#038;p=11158"},"modified":"2025-03-11T07:52:33","modified_gmt":"2025-03-11T07:52:33","slug":"goodyear-welt-safety-shoes","status":"publish","type":"product","link":"https:\/\/toprisesafety.com\/de\/product\/goodyear-welt-safety-shoes\/","title":{"rendered":"Goodyear Welt Sicherheitsschuhe"},"content":{"rendered":"<h2>Goodyear Welt Sicherheitsschuhe<\/h2>\n<ul>\n<li><b><\/b><strong><b>Zwei Schichten Kaurischale<\/b><\/strong>Verschlei\u00dffestigkeit, Wasserdichtigkeit, hoher Tragekomfort, Verl\u00e4ngerung der Lebensdauer der Schuhe.<\/li>\n<li><b><\/b><strong><b>Gummisohle<\/b><\/strong>: Rutschfestes Design, geeignet f\u00fcr eine Vielzahl von Arbeitsumgebungen, erh\u00f6hte Stabilit\u00e4t und Sicherheit.<\/li>\n<li><b><\/b><strong><b>Goodyear-Verfahren<\/b><\/strong>: Um sicherzustellen, dass die Schuhe haltbarer und robuster sind und sich f\u00fcr lange Zeitr\u00e4ume intensiver Nutzung eignen.<\/li>\n<li><b><\/b><strong><b>Stahlkopf Stahlboden<\/b><\/strong>: Bietet starken Schutz gegen St\u00f6\u00dfe und Druck, geeignet f\u00fcr Arbeitspl\u00e4tze mit hohem Risiko.<\/li>\n<li><b><\/b><strong><b>Unterst\u00fctzung der Anpassung<\/b><\/strong>: Individuelle Anpassung an die Anforderungen verschiedener Arbeitsumgebungen und pers\u00f6nlicher Bed\u00fcrfnisse.<\/li>\n<\/ul>\n<table>\n<tbody>\n<tr>\n<td width=\"279\">Art Nr.<\/td>\n<td width=\"280\">SB12<\/td>\n<\/tr>\n<tr>\n<td width=\"279\">Material<\/td>\n<td width=\"280\">Obermaterial Nubuk + eingespritzte PU-Sohle<\/td>\n<\/tr>\n<tr>\n<td width=\"279\">Workshop<\/td>\n<td width=\"280\">PU-Einspritzung<\/td>\n<\/tr>\n<tr>\n<td width=\"279\">Gr\u00f6\u00dfe<\/td>\n<td width=\"280\">40-46<\/td>\n<\/tr>\n<tr>\n<td width=\"279\">Qualit\u00e4tsniveau<\/td>\n<td width=\"280\">SB, SBP,S1,S2,S3<\/td>\n<\/tr>\n<tr>\n<td width=\"279\">Qualit\u00e4tsstandard<\/td>\n<td width=\"280\">CE EN 20345<\/td>\n<\/tr>\n<tr>\n<td width=\"279\">Logo<\/td>\n<td width=\"280\">Kundenlogo ist verf\u00fcgbar<\/td>\n<\/tr>\n<tr>\n<td width=\"279\">Personalisierung<\/td>\n<td width=\"280\">Stahlkappe, Stahl-Zwischensohle oder Kevlar-Zwischensohle etc. zur Auswahl.<\/td>\n<\/tr>\n<tr>\n<td width=\"279\">Verpacken<\/td>\n<td width=\"280\">1PR\/Farbkarton, 10PRS\/CTN<\/td>\n<\/tr>\n<\/tbody>\n<\/table>\n<p>TOPRISE unterst\u00fctzt verschiedene Arten der Anpassung von Sicherheitsschuhen; klicken Sie, um zu sehen <a href=\"https:\/\/toprisesafety.com\/de\/product-category\/personal-protective-equipment\/foot-protection\/safety-shoes\/\">weitere Modelle von Sicherheitsschuhen<\/a>.<\/p>\n<p>Wenn Sie die von Ihnen ben\u00f6tigten Sicherheitsschuhe nicht finden, wenden Sie sich an uns; wir unterst\u00fctzen Sonderanfertigungen.<\/p>","protected":false},"excerpt":{"rendered":"<p>Art-Nr.: SB12<\/p>\n<p>Gr\u00f6\u00dfe: 40-46<\/p>\n<p>Material:Nubukleder + Gummisohle<\/p>\n<p>Verarbeitung: Goodyear-Rahmen<\/p>\n<p>MOQ:500PRS<\/p>\n<p>Wir k\u00f6nnen verschiedene Standards f\u00fcr Sicherheitsschuhe unterst\u00fctzen<\/p>","protected":false},"featured_media":11159,"template":"","meta":{"_acf_changed":false},"product_brand":[],"product_cat":[342,343],"product_tag":[],"class_list":{"0":"post-11158","1":"product","2":"type-product","3":"status-publish","4":"has-post-thumbnail","6":"product_cat-foot-protection","7":"product_cat-safety-shoes","9":"first","10":"instock","11":"shipping-taxable","12":"product-type-simple"},"acf":[],"_links":{"self":[{"href":"https:\/\/toprisesafety.com\/de\/wp-json\/wp\/v2\/product\/11158","targetHints":{"allow":["GET"]}}],"collection":[{"href":"https:\/\/toprisesafety.com\/de\/wp-json\/wp\/v2\/product"}],"about":[{"href":"https:\/\/toprisesafety.com\/de\/wp-json\/wp\/v2\/types\/product"}],"wp:featuredmedia":[{"embeddable":true,"href":"https:\/\/toprisesafety.com\/de\/wp-json\/wp\/v2\/media\/11159"}],"wp:attachment":[{"href":"https:\/\/toprisesafety.com\/de\/wp-json\/wp\/v2\/media?parent=11158"}],"wp:term":[{"taxonomy":"product_brand","embeddable":true,"href":"https:\/\/toprisesafety.com\/de\/wp-json\/wp\/v2\/product_brand?post=11158"},{"taxonomy":"product_cat","embeddable":true,"href":"https:\/\/toprisesafety.com\/de\/wp-json\/wp\/v2\/product_cat?post=11158"},{"taxonomy":"product_tag","embeddable":true,"href":"https:\/\/toprisesafety.com\/de\/wp-json\/wp\/v2\/product_tag?post=11158"}],"curies":[{"name":"wp","href":"https:\/\/api.w.org\/{rel}","templated":true}]}}