{"id":11148,"date":"2025-03-04T04:42:36","date_gmt":"2025-03-04T04:42:36","guid":{"rendered":"https:\/\/toprisesafety.com\/?post_type=product&#038;p=11148"},"modified":"2025-03-11T07:55:27","modified_gmt":"2025-03-11T07:55:27","slug":"slip-resistant-work-shoes","status":"publish","type":"product","link":"https:\/\/toprisesafety.com\/de\/product\/slip-resistant-work-shoes\/","title":{"rendered":"Rutschhemmende Arbeitsschuhe"},"content":{"rendered":"<h2>Rutschhemmende Arbeitsschuhe<\/h2>\n<ul>\n<li><b><\/b><strong><b>Ausgezeichneter Schutz<\/b><\/strong>: Stahlkopf Anti-Smash, Stahlboden Anti-Punktur, im Einklang mit internationalen Sicherheitsstandards, um einen hervorragenden Fu\u00dfschutz zu bieten, geeignet f\u00fcr Bau, Fertigung, Logistik und andere risikoreiche Branchen.<\/li>\n<li><b><\/b><strong><b>Abriebfest und langlebig<\/b><\/strong>: Nubuk-Wildleder ist robust und verschlei\u00dffest, hat eine ausgezeichnete Rei\u00dffestigkeit und ist atmungsaktiv, um sicherzustellen, dass lange Arbeitsstunden noch bequem sind.<\/li>\n<li><b><\/b><strong><b>Leicht und gepolstert<\/b><\/strong>: PU-Injektionssohle, leicht und verschlei\u00dffest, polsternd und d\u00e4mpfend, reduziert die Erm\u00fcdung der F\u00fc\u00dfe, verbessert die Arbeitseffizienz.<\/li>\n<li><b><\/b><strong><b>Anti-Rutsch und \u00f6lbest\u00e4ndig<\/b><\/strong>: Die tief strukturierten Sohlen bieten eine hervorragende Griffigkeit, passen sich rutschigen und fettigen B\u00f6den an und verringern das Verletzungsrisiko.<\/li>\n<li><b><\/b><strong><b>Bequeme Passform<\/b><\/strong>: Nubukleder weiche Passform, gute Luftdurchl\u00e4ssigkeit, kombiniert mit ergonomischem Design, machen langfristige tragen bequemer.<\/li>\n<li><b><\/b><strong><b>Integrierte Formgebung, langlebig und zuverl\u00e4ssig<\/b><\/strong>: PU-Spritzgussverfahren, um sicherzustellen, dass die Sohle und der Schuhk\u00f6rper fest miteinander verbunden sind, nicht leicht zu l\u00f6sen, verbessern die Lebensdauer, reduzieren die Beschaffungskosten des Unternehmens.<\/li>\n<li><b><\/b><strong><b>Unterst\u00fctzung der OEM-Anpassung<\/b><\/strong>LOGO, Verpackungen usw. k\u00f6nnen individuell angepasst werden, um den Anforderungen von Unternehmen an das Branding und die Gro\u00dfbeschaffung gerecht zu werden.<\/li>\n<\/ul>\n<table>\n<tbody>\n<tr>\n<td width=\"279\">Art Nr.<\/td>\n<td width=\"280\">SB10<\/td>\n<\/tr>\n<tr>\n<td width=\"279\">Material<\/td>\n<td width=\"280\">Nubukleder + eingespritzte PU-Sohle<\/td>\n<\/tr>\n<tr>\n<td width=\"279\">Workshop<\/td>\n<td width=\"280\">PU-Einspritzung<\/td>\n<\/tr>\n<tr>\n<td width=\"279\">Gr\u00f6\u00dfe<\/td>\n<td width=\"280\">35-46<\/td>\n<\/tr>\n<tr>\n<td width=\"279\">Qualit\u00e4tsniveau<\/td>\n<td width=\"280\">SB, SBP,S1,S2,S3<\/td>\n<\/tr>\n<tr>\n<td width=\"279\">Qualit\u00e4tsstandard<\/td>\n<td width=\"280\">CE EN 20345<\/td>\n<\/tr>\n<tr>\n<td width=\"279\">Logo<\/td>\n<td width=\"280\">Kundenlogo ist verf\u00fcgbar<\/td>\n<\/tr>\n<tr>\n<td width=\"279\">Personalisierung<\/td>\n<td width=\"280\">Stahlkappe, Stahl-Zwischensohle oder Kevlar-Zwischensohle etc. zur Auswahl.<\/td>\n<\/tr>\n<tr>\n<td width=\"279\">Verpacken<\/td>\n<td width=\"280\">1PR\/Farbkarton, 10PRS\/CTN<\/td>\n<\/tr>\n<\/tbody>\n<\/table>\n<p>TOPRISE unterst\u00fctzt verschiedene Arten der Anpassung von Sicherheitsschuhen; klicken Sie, um zu sehen <a href=\"https:\/\/toprisesafety.com\/de\/product-category\/personal-protective-equipment\/foot-protection\/safety-shoes\/\">weitere Modelle von Sicherheitsschuhen<\/a>.<\/p>\n<p>Wenn Sie die von Ihnen ben\u00f6tigten Sicherheitsschuhe nicht finden, wenden Sie sich an uns; wir unterst\u00fctzen Sonderanfertigungen.<\/p>","protected":false},"excerpt":{"rendered":"<p>Art-Nr.: SB10<\/p>\n<p>Gr\u00f6\u00dfe: 35-46<\/p>\n<p>Material: Nubukleder + PU-Sohle<\/p>\n<p>Verarbeitung: PU-Injektionssohle<\/p>\n<p>MOQ:500PRS<\/p>\n<p>Wir k\u00f6nnen verschiedene Standards f\u00fcr Sicherheitsschuhe unterst\u00fctzen<\/p>","protected":false},"featured_media":11149,"template":"","meta":{"_acf_changed":false},"product_brand":[],"product_cat":[343,342],"product_tag":[],"class_list":{"0":"post-11148","1":"product","2":"type-product","3":"status-publish","4":"has-post-thumbnail","6":"product_cat-safety-shoes","7":"product_cat-foot-protection","9":"first","10":"instock","11":"shipping-taxable","12":"product-type-simple"},"acf":[],"_links":{"self":[{"href":"https:\/\/toprisesafety.com\/de\/wp-json\/wp\/v2\/product\/11148"}],"collection":[{"href":"https:\/\/toprisesafety.com\/de\/wp-json\/wp\/v2\/product"}],"about":[{"href":"https:\/\/toprisesafety.com\/de\/wp-json\/wp\/v2\/types\/product"}],"wp:featuredmedia":[{"embeddable":true,"href":"https:\/\/toprisesafety.com\/de\/wp-json\/wp\/v2\/media\/11149"}],"wp:attachment":[{"href":"https:\/\/toprisesafety.com\/de\/wp-json\/wp\/v2\/media?parent=11148"}],"wp:term":[{"taxonomy":"product_brand","embeddable":true,"href":"https:\/\/toprisesafety.com\/de\/wp-json\/wp\/v2\/product_brand?post=11148"},{"taxonomy":"product_cat","embeddable":true,"href":"https:\/\/toprisesafety.com\/de\/wp-json\/wp\/v2\/product_cat?post=11148"},{"taxonomy":"product_tag","embeddable":true,"href":"https:\/\/toprisesafety.com\/de\/wp-json\/wp\/v2\/product_tag?post=11148"}],"curies":[{"name":"wp","href":"https:\/\/api.w.org\/{rel}","templated":true}]}}