{"id":11135,"date":"2025-03-04T04:27:32","date_gmt":"2025-03-04T04:27:32","guid":{"rendered":"https:\/\/toprisesafety.com\/?post_type=product&#038;p=11135"},"modified":"2025-03-11T07:58:21","modified_gmt":"2025-03-11T07:58:21","slug":"work-safety-shoes","status":"publish","type":"product","link":"https:\/\/toprisesafety.com\/de\/product\/work-safety-shoes\/","title":{"rendered":"Arbeitssicherheitsschuhe"},"content":{"rendered":"<h2>Arbeitssicherheitsschuhe<\/h2>\n<ul>\n<li><b><\/b><strong><b>Strong durability<\/b><\/strong>: the first layer of microfiber leather, wear resistance and tear resistance, adapt to high strength working environment, reduce frequent replacement costs.<\/li>\n<li><b><\/b><strong><b>Comfortable and breathable<\/b><\/strong>: soft and breathable material, long time wearing without stifle feet, improve work efficiency.<\/li>\n<li><b><\/b><strong><b>Anti-slip and wear-resistant<\/b><\/strong>: rubber outsole strong grip, adapt to slippery, rugged ground, reduce the risk of slipping.<\/li>\n<li><b><\/b><strong><b>Solid process<\/b><\/strong>: cold bonding process to ensure that the sole is not easy to fall off, optional Goodyear process, longer service life.<\/li>\n<li><b><\/b><strong><b>Unterst\u00fctzung der Anpassung<\/b><\/strong>: can adjust the style, Logo, material according to demand, to meet the personalized procurement needs of enterprises.<\/li>\n<\/ul>\n<table>\n<tbody>\n<tr>\n<td width=\"279\">Art Nr.<\/td>\n<td width=\"280\">SB07<\/td>\n<\/tr>\n<tr>\n<td width=\"279\">Material<\/td>\n<td width=\"280\">Cow layer microfiber leather + rubber sole<\/td>\n<\/tr>\n<tr>\n<td width=\"279\">Workshop<\/td>\n<td width=\"280\">Pasted\u00a0or goodyear welt for choice.<\/td>\n<\/tr>\n<tr>\n<td width=\"279\">Gr\u00f6\u00dfe<\/td>\n<td width=\"280\">38-46<\/td>\n<\/tr>\n<tr>\n<td width=\"279\">H\u00f6he<\/td>\n<td width=\"280\">Overall 18 cm, body height 14.5cm<\/td>\n<\/tr>\n<tr>\n<td width=\"279\">Qualit\u00e4tsniveau<\/td>\n<td width=\"280\">SB, SBP,S1,S2,S3<\/td>\n<\/tr>\n<tr>\n<td width=\"279\">Qualit\u00e4tsstandard<\/td>\n<td width=\"280\">CE EN 20345<\/td>\n<\/tr>\n<tr>\n<td width=\"279\">Logo<\/td>\n<td width=\"280\">Kundenlogo ist verf\u00fcgbar<\/td>\n<\/tr>\n<tr>\n<td width=\"279\">Personalisierung<\/td>\n<td width=\"280\">Stahlkappe, Stahl-Zwischensohle oder Kevlar-Zwischensohle etc. zur Auswahl.<\/td>\n<\/tr>\n<tr>\n<td width=\"279\">Verpacken<\/td>\n<td width=\"280\">1PR\/Farbkarton, 10PRS\/CTN<\/td>\n<\/tr>\n<\/tbody>\n<\/table>\n<p>TOPRISE unterst\u00fctzt verschiedene Arten der Anpassung von Sicherheitsschuhen; klicken Sie, um zu sehen <a href=\"https:\/\/toprisesafety.com\/de\/product-category\/personal-protective-equipment\/foot-protection\/safety-shoes\/\">weitere Modelle von Sicherheitsschuhen<\/a>.<\/p>\n<p>Wenn Sie die von Ihnen ben\u00f6tigten Sicherheitsschuhe nicht finden, wenden Sie sich an uns; wir unterst\u00fctzen Sonderanfertigungen.<\/p>\n<figure id=\"attachment_11138\" aria-describedby=\"caption-attachment-11138\" style=\"width: 283px\" class=\"wp-caption alignnone\"><img fetchpriority=\"high\" decoding=\"async\" class=\"size-medium wp-image-11138\" src=\"https:\/\/toprisesafety.com\/wp-content\/uploads\/2025\/03\/safety-work-shoes-3-283x300.png\" alt=\"safety work shoes\" width=\"283\" height=\"300\" srcset=\"https:\/\/toprisesafety.com\/wp-content\/uploads\/2025\/03\/safety-work-shoes-3-283x300.png 283w, https:\/\/toprisesafety.com\/wp-content\/uploads\/2025\/03\/safety-work-shoes-3-966x1024.png 966w, https:\/\/toprisesafety.com\/wp-content\/uploads\/2025\/03\/safety-work-shoes-3-768x814.png 768w, https:\/\/toprisesafety.com\/wp-content\/uploads\/2025\/03\/safety-work-shoes-3-1449x1536.png 1449w, https:\/\/toprisesafety.com\/wp-content\/uploads\/2025\/03\/safety-work-shoes-3-1933x2048.png 1933w, https:\/\/toprisesafety.com\/wp-content\/uploads\/2025\/03\/safety-work-shoes-3-600x636.png 600w\" sizes=\"(max-width: 283px) 100vw, 283px\" \/><figcaption id=\"caption-attachment-11138\" class=\"wp-caption-text\">safety work shoes<\/figcaption><\/figure>\n<figure id=\"attachment_11139\" aria-describedby=\"caption-attachment-11139\" style=\"width: 283px\" class=\"wp-caption alignnone\"><img decoding=\"async\" class=\"size-medium wp-image-11139\" src=\"https:\/\/toprisesafety.com\/wp-content\/uploads\/2025\/03\/safety-work-shoes-4-283x300.png\" alt=\"safety work shoes \" width=\"283\" height=\"300\" srcset=\"https:\/\/toprisesafety.com\/wp-content\/uploads\/2025\/03\/safety-work-shoes-4-283x300.png 283w, https:\/\/toprisesafety.com\/wp-content\/uploads\/2025\/03\/safety-work-shoes-4-967x1024.png 967w, https:\/\/toprisesafety.com\/wp-content\/uploads\/2025\/03\/safety-work-shoes-4-768x813.png 768w, https:\/\/toprisesafety.com\/wp-content\/uploads\/2025\/03\/safety-work-shoes-4-1451x1536.png 1451w, https:\/\/toprisesafety.com\/wp-content\/uploads\/2025\/03\/safety-work-shoes-4-1935x2048.png 1935w, https:\/\/toprisesafety.com\/wp-content\/uploads\/2025\/03\/safety-work-shoes-4-600x635.png 600w\" sizes=\"(max-width: 283px) 100vw, 283px\" \/><figcaption id=\"caption-attachment-11139\" class=\"wp-caption-text\">safety work shoes<\/figcaption><\/figure>\n<p><img decoding=\"async\" class=\"alignnone size-medium wp-image-11137\" src=\"https:\/\/toprisesafety.com\/wp-content\/uploads\/2025\/03\/safety-work-shoes-1-297x300.png\" alt=\"\" width=\"297\" height=\"300\" srcset=\"https:\/\/toprisesafety.com\/wp-content\/uploads\/2025\/03\/safety-work-shoes-1-297x300.png 297w, https:\/\/toprisesafety.com\/wp-content\/uploads\/2025\/03\/safety-work-shoes-1-1012x1024.png 1012w, https:\/\/toprisesafety.com\/wp-content\/uploads\/2025\/03\/safety-work-shoes-1-768x777.png 768w, https:\/\/toprisesafety.com\/wp-content\/uploads\/2025\/03\/safety-work-shoes-1-1518x1536.png 1518w, https:\/\/toprisesafety.com\/wp-content\/uploads\/2025\/03\/safety-work-shoes-1-2025x2048.png 2025w, https:\/\/toprisesafety.com\/wp-content\/uploads\/2025\/03\/safety-work-shoes-1-600x607.png 600w, https:\/\/toprisesafety.com\/wp-content\/uploads\/2025\/03\/safety-work-shoes-1-100x100.png 100w\" sizes=\"(max-width: 297px) 100vw, 297px\" \/><\/p>","protected":false},"excerpt":{"rendered":"<p>Arbeitssicherheitsschuhe<\/p>\n<p>Art No.: SB07<\/p>\n<p>Size: 38-46<\/p>\n<p>Material:\u00a0Cow layer microfiber leather + rubber sole<\/p>\n<p>Workmanship: pasted\u00a0or goodyear welft for choice.<\/p>\n<p>MOQ:500PRS<\/p>\n<p>Wir k\u00f6nnen verschiedene Standards f\u00fcr Sicherheitsschuhe unterst\u00fctzen<\/p>","protected":false},"featured_media":11136,"template":"","meta":{"_acf_changed":false},"product_brand":[],"product_cat":[342,343],"product_tag":[],"class_list":{"0":"post-11135","1":"product","2":"type-product","3":"status-publish","4":"has-post-thumbnail","6":"product_cat-foot-protection","7":"product_cat-safety-shoes","9":"first","10":"instock","11":"shipping-taxable","12":"product-type-simple"},"acf":[],"_links":{"self":[{"href":"https:\/\/toprisesafety.com\/de\/wp-json\/wp\/v2\/product\/11135"}],"collection":[{"href":"https:\/\/toprisesafety.com\/de\/wp-json\/wp\/v2\/product"}],"about":[{"href":"https:\/\/toprisesafety.com\/de\/wp-json\/wp\/v2\/types\/product"}],"wp:featuredmedia":[{"embeddable":true,"href":"https:\/\/toprisesafety.com\/de\/wp-json\/wp\/v2\/media\/11136"}],"wp:attachment":[{"href":"https:\/\/toprisesafety.com\/de\/wp-json\/wp\/v2\/media?parent=11135"}],"wp:term":[{"taxonomy":"product_brand","embeddable":true,"href":"https:\/\/toprisesafety.com\/de\/wp-json\/wp\/v2\/product_brand?post=11135"},{"taxonomy":"product_cat","embeddable":true,"href":"https:\/\/toprisesafety.com\/de\/wp-json\/wp\/v2\/product_cat?post=11135"},{"taxonomy":"product_tag","embeddable":true,"href":"https:\/\/toprisesafety.com\/de\/wp-json\/wp\/v2\/product_tag?post=11135"}],"curies":[{"name":"wp","href":"https:\/\/api.w.org\/{rel}","templated":true}]}}