{"id":11021,"date":"2025-02-25T08:00:23","date_gmt":"2025-02-25T08:00:23","guid":{"rendered":"https:\/\/toprisesafety.com\/?post_type=product&#038;p=11021"},"modified":"2025-03-24T07:15:44","modified_gmt":"2025-03-24T07:15:44","slug":"noise-cancelling-earmuffs","status":"publish","type":"product","link":"https:\/\/toprisesafety.com\/de\/product\/noise-cancelling-earmuffs\/","title":{"rendered":"Ger\u00e4uschunterdr\u00fcckende Kapselgeh\u00f6rsch\u00fctzer"},"content":{"rendered":"<h2>Ger\u00e4uschunterdr\u00fcckende Kapselgeh\u00f6rsch\u00fctzer<\/h2>\n<ul>\n<li>Um den Hals h\u00e4ngendes Design, freie H\u00e4nde, einfacher zu tragen.<\/li>\n<li>Hocheffiziente Schalld\u00e4mmung, blockiert Umgebungsl\u00e4rm, sch\u00fctzt das Geh\u00f6r.<\/li>\n<li>Weiche Ohrpolster, die auch bei langem Tragen bequem sind.<\/li>\n<li>Verstellbares Kopfband zur Anpassung an verschiedene Kopfformen, um Stabilit\u00e4t zu gew\u00e4hrleisten.<\/li>\n<li>Leuchtend gelbes, auff\u00e4lliges Design; vermeidet Verlust.<\/li>\n<li>Langlebiges Material, widerstandsf\u00e4hig gegen St\u00fcrze, geeignet f\u00fcr den Einsatz auf Baustellen und in der Industrie.<\/li>\n<\/ul>\n<table>\n<tbody>\n<tr>\n<td width=\"284\"><strong><b>ART NO. <\/b><\/strong><\/td>\n<td width=\"334\"><strong><b>EM10<\/b><\/strong><\/td>\n<\/tr>\n<tr>\n<td width=\"284\">Material<\/td>\n<td width=\"334\">ABS-Schale und Kopfband, hochdichter Schwamm innen, Kunstleder<\/td>\n<\/tr>\n<tr>\n<td width=\"284\">Farbe<\/td>\n<td width=\"334\">Gelb oder individuell<\/td>\n<\/tr>\n<tr>\n<td width=\"284\">SNR<\/td>\n<td width=\"334\">25dB<\/td>\n<\/tr>\n<tr>\n<td width=\"284\">Verpacken<\/td>\n<td width=\"334\">Opp-Beutel\/Kunststoffkiste\/Farbkiste usw. Unterst\u00fctzung nach Ma\u00df.<\/td>\n<\/tr>\n<tr>\n<td width=\"284\">Qualit\u00e4tsstandard<\/td>\n<td width=\"334\">CE EN352<\/td>\n<\/tr>\n<tr>\n<td width=\"284\">MOQ<\/td>\n<td width=\"334\">500 STCK.<\/td>\n<\/tr>\n<\/tbody>\n<\/table>\n<p>TOPRISE unterst\u00fctzt verschiedene Arten der Anpassung von Kapselgeh\u00f6rsch\u00fctzern und Geh\u00f6rschutzst\u00f6pseln; zum Anklicken <a href=\"https:\/\/toprisesafety.com\/de\/product-category\/personal-protective-equipment\/ear-protection\/earmuff-earplug\/\">Weitere Modelle von Kapselgeh\u00f6rsch\u00fctzern und Geh\u00f6rschutzst\u00f6pseln anzeigen.<\/a><\/p>\n<p>Wenn Sie die ben\u00f6tigten Ohrensch\u00fctzer und Ohrst\u00f6psel nicht finden,<a href=\"https:\/\/toprisesafety.com\/de\/contact-us\/\"> Kontaktieren Sie uns<\/a>; wir unterst\u00fctzen spezielle Anpassungen.<\/p>","protected":false},"excerpt":{"rendered":"<p>Art-Nr.: EM10<\/p>\n<p>Material: ABS-Schale und Kopfband, hochdichter Schwamm innen, Kunstleder<\/p>\n<p>Farbe: Gelb oder individuell<\/p>\n<p>SNR:25dB<\/p>\n<p>Qualit\u00e4tsstandard: CE EN352<\/p>\n<p>MOQ:500PCS<\/p>","protected":false},"featured_media":11023,"template":"","meta":{"_acf_changed":false},"product_brand":[],"product_cat":[354,355],"product_tag":[],"class_list":{"0":"post-11021","1":"product","2":"type-product","3":"status-publish","4":"has-post-thumbnail","6":"product_cat-ear-protection","7":"product_cat-earmuff-earplug","9":"first","10":"instock","11":"shipping-taxable","12":"product-type-simple"},"acf":[],"_links":{"self":[{"href":"https:\/\/toprisesafety.com\/de\/wp-json\/wp\/v2\/product\/11021"}],"collection":[{"href":"https:\/\/toprisesafety.com\/de\/wp-json\/wp\/v2\/product"}],"about":[{"href":"https:\/\/toprisesafety.com\/de\/wp-json\/wp\/v2\/types\/product"}],"wp:featuredmedia":[{"embeddable":true,"href":"https:\/\/toprisesafety.com\/de\/wp-json\/wp\/v2\/media\/11023"}],"wp:attachment":[{"href":"https:\/\/toprisesafety.com\/de\/wp-json\/wp\/v2\/media?parent=11021"}],"wp:term":[{"taxonomy":"product_brand","embeddable":true,"href":"https:\/\/toprisesafety.com\/de\/wp-json\/wp\/v2\/product_brand?post=11021"},{"taxonomy":"product_cat","embeddable":true,"href":"https:\/\/toprisesafety.com\/de\/wp-json\/wp\/v2\/product_cat?post=11021"},{"taxonomy":"product_tag","embeddable":true,"href":"https:\/\/toprisesafety.com\/de\/wp-json\/wp\/v2\/product_tag?post=11021"}],"curies":[{"name":"wp","href":"https:\/\/api.w.org\/{rel}","templated":true}]}}