{"id":11010,"date":"2025-02-25T05:34:31","date_gmt":"2025-02-25T05:34:31","guid":{"rendered":"https:\/\/toprisesafety.com\/?post_type=product&#038;p=11010"},"modified":"2025-03-24T07:17:34","modified_gmt":"2025-03-24T07:17:34","slug":"best-noise-canceling-earmuffs","status":"publish","type":"product","link":"https:\/\/toprisesafety.com\/de\/product\/best-noise-canceling-earmuffs\/","title":{"rendered":"Beste Noise Cancelling Ohrensch\u00fctzer"},"content":{"rendered":"<h2>Beste Ncancelling-Ohrsch\u00fctzer<\/h2>\n<ul>\n<li>Doppelte Ger\u00e4uschisolierung, umfassender Geh\u00f6rschutz.<\/li>\n<li>Komfortable Ohrpolster f\u00fcr langes Tragen ohne Druck.<\/li>\n<li>Verstellbares Kopfband zur Anpassung an verschiedene Kopftypen.<\/li>\n<li>Einfach zu installieren und mit einem Schutzhelm zu verwenden.<\/li>\n<li>Effiziente Rauschunterdr\u00fcckung reduziert St\u00f6rungen durch Industriel\u00e4rm.<\/li>\n<li>Strapazierf\u00e4higes Material f\u00fcr eine langfristige Nutzung.<\/li>\n<\/ul>\n<table>\n<tbody>\n<tr>\n<td width=\"284\"><strong><b>ART NO. <\/b><\/strong><\/td>\n<td width=\"334\"><strong><b>EM07<\/b><\/strong><\/td>\n<\/tr>\n<tr>\n<td width=\"284\">Material<\/td>\n<td width=\"334\">ABS-Schale und Kopfband, hochdichter Schwamm innen, Kunstleder<\/td>\n<\/tr>\n<tr>\n<td width=\"284\">Farbe<\/td>\n<td width=\"334\">Rot, gelb oder individuell<\/td>\n<\/tr>\n<tr>\n<td width=\"284\">Verpacken<\/td>\n<td width=\"334\">Opp-Beutel\/Kunststoffkiste\/Farbkiste usw. Unterst\u00fctzung nach Ma\u00df.<\/td>\n<\/tr>\n<tr>\n<td width=\"284\">Qualit\u00e4tsstandard<\/td>\n<td width=\"334\">CE EN352 -1<\/td>\n<\/tr>\n<tr>\n<td width=\"284\">MOQ<\/td>\n<td width=\"334\">500 STCK.<\/td>\n<\/tr>\n<\/tbody>\n<\/table>\n<p>TOPRISE unterst\u00fctzt verschiedene Arten der Anpassung von Kapselgeh\u00f6rsch\u00fctzern und Geh\u00f6rschutzst\u00f6pseln; zum Anklicken <a href=\"https:\/\/toprisesafety.com\/de\/product-category\/personal-protective-equipment\/ear-protection\/earmuff-earplug\/\">Weitere Modelle von Kapselgeh\u00f6rsch\u00fctzern und Geh\u00f6rschutzst\u00f6pseln anzeigen.<\/a><\/p>\n<p>Wenn Sie die ben\u00f6tigten Ohrensch\u00fctzer und Ohrst\u00f6psel nicht finden,<a href=\"https:\/\/toprisesafety.com\/de\/contact-us\/\"> Kontaktieren Sie uns<\/a>; wir unterst\u00fctzen spezielle Anpassungen.<\/p>","protected":false},"excerpt":{"rendered":"<p>Art.-Nr.: EM07<\/p>\n<p>Material: ABS-Schale und Kopfband, hochdichter Schwamm innen, Kunstleder<\/p>\n<p>Farbe: Rot, gelb oder kundenspezifisch<\/p>\n<p>SNR: 36dB<\/p>\n<p>Qualit\u00e4tsstandard: CE EN352-1<\/p>\n<p>MOQ: 500PCS<\/p>","protected":false},"featured_media":11011,"template":"","meta":{"_acf_changed":false},"product_brand":[],"product_cat":[354,355],"product_tag":[],"class_list":{"0":"post-11010","1":"product","2":"type-product","3":"status-publish","4":"has-post-thumbnail","6":"product_cat-ear-protection","7":"product_cat-earmuff-earplug","9":"first","10":"instock","11":"shipping-taxable","12":"product-type-simple"},"acf":[],"_links":{"self":[{"href":"https:\/\/toprisesafety.com\/de\/wp-json\/wp\/v2\/product\/11010"}],"collection":[{"href":"https:\/\/toprisesafety.com\/de\/wp-json\/wp\/v2\/product"}],"about":[{"href":"https:\/\/toprisesafety.com\/de\/wp-json\/wp\/v2\/types\/product"}],"wp:featuredmedia":[{"embeddable":true,"href":"https:\/\/toprisesafety.com\/de\/wp-json\/wp\/v2\/media\/11011"}],"wp:attachment":[{"href":"https:\/\/toprisesafety.com\/de\/wp-json\/wp\/v2\/media?parent=11010"}],"wp:term":[{"taxonomy":"product_brand","embeddable":true,"href":"https:\/\/toprisesafety.com\/de\/wp-json\/wp\/v2\/product_brand?post=11010"},{"taxonomy":"product_cat","embeddable":true,"href":"https:\/\/toprisesafety.com\/de\/wp-json\/wp\/v2\/product_cat?post=11010"},{"taxonomy":"product_tag","embeddable":true,"href":"https:\/\/toprisesafety.com\/de\/wp-json\/wp\/v2\/product_tag?post=11010"}],"curies":[{"name":"wp","href":"https:\/\/api.w.org\/{rel}","templated":true}]}}