{"id":10986,"date":"2025-02-25T03:24:15","date_gmt":"2025-02-25T03:24:15","guid":{"rendered":"https:\/\/toprisesafety.com\/?post_type=product&#038;p=10986"},"modified":"2025-03-24T07:20:07","modified_gmt":"2025-03-24T07:20:07","slug":"best-foam-earplugs","status":"publish","type":"product","link":"https:\/\/toprisesafety.com\/de\/product\/best-foam-earplugs\/","title":{"rendered":"Beste Schaumstoff-Ohrst\u00f6psel"},"content":{"rendered":"<h2>Beste Schaumstoff-Ohrst\u00f6psel<\/h2>\n<ul>\n<li style=\"list-style-type: none;\">\n<ul>\n<li><span data-spm-anchor-id=\"a2700.details.pronpeci14.i3.14c64f29Dud9E2\">EN352-1 : 2003 CE\u00a0 SNR 37dB\u00a0 best foam earplugs.<\/span><\/li>\n<\/ul>\n<\/li>\n<\/ul>\n<ul>\n<li style=\"list-style-type: none;\">\n<ul>\n<li>Sicher und bequem zu tragen.<\/li>\n<\/ul>\n<\/li>\n<\/ul>\n<ul>\n<li style=\"list-style-type: none;\">\n<ul>\n<li><span data-spm-anchor-id=\"a2700.details.pronpeci14.i0.14c64f29Dud9E2\">Jedes Paar ist separat in einem Polybeutel verpackt, um die Hygiene zu gew\u00e4hrleisten.<\/span><\/li>\n<\/ul>\n<\/li>\n<\/ul>\n<ul>\n<li style=\"list-style-type: none;\">\n<ul>\n<li>Verj\u00fcngte Form f\u00fcr einen bequemen Sitz im Geh\u00f6rgang zur Verringerung von L\u00e4rm<\/li>\n<\/ul>\n<\/li>\n<\/ul>\n<ul>\n<li style=\"list-style-type: none;\">\n<ul>\n<li>Glatte, schmutzabweisende Oberfl\u00e4che<\/li>\n<\/ul>\n<\/li>\n<\/ul>\n<ul>\n<li style=\"list-style-type: none;\">\n<ul>\n<li>Anwendung: Nasenplatz, bei Konzerten, Bauarbeiten, Dreharbeiten oder zum Schlafen<\/li>\n<\/ul>\n<\/li>\n<\/ul>\n<ul>\n<li style=\"list-style-type: none;\">\n<ul>\n<li>Verpackung: \u00fcblicher Opp-Beutel, Unterst\u00fctzung f\u00fcr spezielle Verpackungen wie Blisterbox, Kopfkarte, Farbbox usw.<\/li>\n<\/ul>\n<\/li>\n<\/ul>\n<ul>\n<li style=\"list-style-type: none;\">\n<ul>\n<li>Logo: Unterst\u00fctzung des Kundenlogos durch Druck oder Verwendung eines Aufklebers oder eines speziellen Verpackungsdesigns usw.<\/li>\n<\/ul>\n<\/li>\n<\/ul>\n<table>\n<tbody>\n<tr>\n<td width=\"284\"><strong><b>ART NO. <\/b><\/strong><\/td>\n<td width=\"334\"><strong><b>EP03<\/b><\/strong><\/td>\n<\/tr>\n<tr>\n<td width=\"284\">Material<\/td>\n<td width=\"334\">PU<\/td>\n<\/tr>\n<tr>\n<td width=\"284\">Farbe<\/td>\n<td width=\"334\">Yellow\/orange\/blue or customized<\/td>\n<\/tr>\n<tr>\n<td width=\"284\">Verpacken<\/td>\n<td width=\"334\">Opp-Beutel\/Kunststoffkiste\/Farbkiste usw. Unterst\u00fctzung nach Ma\u00df.<\/td>\n<\/tr>\n<tr>\n<td width=\"284\">Qualit\u00e4tsstandard<\/td>\n<td width=\"334\">CE EN352-2, SNR37dB<\/td>\n<\/tr>\n<tr>\n<td width=\"284\">MOQ<\/td>\n<td width=\"334\">10000 PAARE<\/td>\n<\/tr>\n<\/tbody>\n<\/table>\n<p>TOPRISE unterst\u00fctzt verschiedene Arten der Anpassung von Kapselgeh\u00f6rsch\u00fctzern und Geh\u00f6rschutzst\u00f6pseln; zum Anklicken <a href=\"https:\/\/toprisesafety.com\/de\/product-category\/personal-protective-equipment\/ear-protection\/earmuff-earplug\/\">Weitere Modelle von Kapselgeh\u00f6rsch\u00fctzern und Geh\u00f6rschutzst\u00f6pseln anzeigen.<\/a><\/p>\n<p>Wenn Sie die ben\u00f6tigten Ohrensch\u00fctzer und Ohrst\u00f6psel nicht finden,<a href=\"https:\/\/toprisesafety.com\/de\/contact-us\/\"> Kontaktieren Sie uns<\/a>; wir unterst\u00fctzen spezielle Anpassungen.<\/p>\n<p>&nbsp;<\/p>","protected":false},"excerpt":{"rendered":"<p>Art No.: EP03<\/p>\n<p>Material: PU<\/p>\n<p>Color: yellow\/orange\/blue<\/p>\n<p>MOQ: 10000 Paare pro Farbe<\/p>","protected":false},"featured_media":10988,"template":"","meta":{"_acf_changed":false},"product_brand":[],"product_cat":[354,355],"product_tag":[],"class_list":{"0":"post-10986","1":"product","2":"type-product","3":"status-publish","4":"has-post-thumbnail","6":"product_cat-ear-protection","7":"product_cat-earmuff-earplug","9":"first","10":"instock","11":"shipping-taxable","12":"product-type-simple"},"acf":[],"_links":{"self":[{"href":"https:\/\/toprisesafety.com\/de\/wp-json\/wp\/v2\/product\/10986"}],"collection":[{"href":"https:\/\/toprisesafety.com\/de\/wp-json\/wp\/v2\/product"}],"about":[{"href":"https:\/\/toprisesafety.com\/de\/wp-json\/wp\/v2\/types\/product"}],"wp:featuredmedia":[{"embeddable":true,"href":"https:\/\/toprisesafety.com\/de\/wp-json\/wp\/v2\/media\/10988"}],"wp:attachment":[{"href":"https:\/\/toprisesafety.com\/de\/wp-json\/wp\/v2\/media?parent=10986"}],"wp:term":[{"taxonomy":"product_brand","embeddable":true,"href":"https:\/\/toprisesafety.com\/de\/wp-json\/wp\/v2\/product_brand?post=10986"},{"taxonomy":"product_cat","embeddable":true,"href":"https:\/\/toprisesafety.com\/de\/wp-json\/wp\/v2\/product_cat?post=10986"},{"taxonomy":"product_tag","embeddable":true,"href":"https:\/\/toprisesafety.com\/de\/wp-json\/wp\/v2\/product_tag?post=10986"}],"curies":[{"name":"wp","href":"https:\/\/api.w.org\/{rel}","templated":true}]}}