{"id":10094,"date":"2024-12-06T07:24:17","date_gmt":"2024-12-06T07:24:17","guid":{"rendered":"https:\/\/toprisesafety.com\/?post_type=product&#038;p=10094"},"modified":"2025-03-14T07:17:21","modified_gmt":"2025-03-14T07:17:21","slug":"cycling-goggles","status":"publish","type":"product","link":"https:\/\/toprisesafety.com\/de\/product\/cycling-goggles\/","title":{"rendered":"Radsportbrille"},"content":{"rendered":"<h2><strong><b>C<\/b><\/strong><strong><b>ycling <\/b><\/strong><strong><b>G<\/b><\/strong><strong><b>oggles<\/b><\/strong><\/h2>\n<table>\n<tbody>\n<tr>\n<td width=\"284\">ART NO.<\/td>\n<td width=\"329\">SG28<\/td>\n<\/tr>\n<tr>\n<td width=\"284\">Material<\/td>\n<td width=\"329\">PC-Rahmen + PC-Glas<\/td>\n<\/tr>\n<tr>\n<td width=\"284\">Funktion<\/td>\n<td width=\"329\">Anti-Kratzer<\/td>\n<\/tr>\n<tr>\n<td width=\"284\">Gr\u00f6\u00dfe<\/td>\n<td width=\"329\">Standardgr\u00f6\u00dfe f\u00fcr Erwachsene<\/td>\n<\/tr>\n<tr>\n<td width=\"284\">Farbe<\/td>\n<td width=\"329\">Verschiedene Farben zur Auswahl.<\/td>\n<\/tr>\n<tr>\n<td width=\"284\">Verpacken<\/td>\n<td width=\"329\">Polybeutel, Kopfkarte, Blisterbox, Farbbox usw.<\/td>\n<\/tr>\n<tr>\n<td width=\"284\">Anmeldung<\/td>\n<td width=\"329\">Motorradfahren, Radfahren, Autofahren, Boarden und andere Outdoor-Sportarten<\/td>\n<\/tr>\n<\/tbody>\n<\/table>\n<p>TOPRISE unterst\u00fctzt verschiedene Arten der Anpassung von Schutzbrillen; klicken Sie hier, um <a href=\"https:\/\/toprisesafety.com\/de\/product-category\/personal-protective-equipment\/eye-protection\/safety-goggles\/\">Weitere Modelle von Schutzbrillen anzeigen<\/a>.<\/p>\n<p>Wenn Sie die erforderliche Schutzbrille nicht finden, <a href=\"https:\/\/toprisesafety.com\/de\/contact-us\/\">Kontaktieren Sie uns<\/a>; wir unterst\u00fctzen spezielle Anpassungen.<\/p>","protected":false},"excerpt":{"rendered":"<p>Art.Nr.: SG28<\/p>\n<p>Material: PC-Rahmen + PC-Glas<\/p>\n<p>Farbe: verschiedene Farben zur Auswahl.<\/p>\n<p>Merkmal: Anti-Kratzer<\/p>\n<p>Unterst\u00fctzung kundenspezifischer Pakete<\/p>\n<p>MOQ: 1000PCS, Sonderfarbe 3000PCS<\/p>","protected":false},"featured_media":10095,"template":"","meta":{"_acf_changed":false},"product_brand":[],"product_cat":[357,358],"product_tag":[],"class_list":{"0":"post-10094","1":"product","2":"type-product","3":"status-publish","4":"has-post-thumbnail","6":"product_cat-eye-protection","7":"product_cat-safety-goggles","9":"first","10":"instock","11":"shipping-taxable","12":"product-type-simple"},"acf":[],"_links":{"self":[{"href":"https:\/\/toprisesafety.com\/de\/wp-json\/wp\/v2\/product\/10094"}],"collection":[{"href":"https:\/\/toprisesafety.com\/de\/wp-json\/wp\/v2\/product"}],"about":[{"href":"https:\/\/toprisesafety.com\/de\/wp-json\/wp\/v2\/types\/product"}],"wp:featuredmedia":[{"embeddable":true,"href":"https:\/\/toprisesafety.com\/de\/wp-json\/wp\/v2\/media\/10095"}],"wp:attachment":[{"href":"https:\/\/toprisesafety.com\/de\/wp-json\/wp\/v2\/media?parent=10094"}],"wp:term":[{"taxonomy":"product_brand","embeddable":true,"href":"https:\/\/toprisesafety.com\/de\/wp-json\/wp\/v2\/product_brand?post=10094"},{"taxonomy":"product_cat","embeddable":true,"href":"https:\/\/toprisesafety.com\/de\/wp-json\/wp\/v2\/product_cat?post=10094"},{"taxonomy":"product_tag","embeddable":true,"href":"https:\/\/toprisesafety.com\/de\/wp-json\/wp\/v2\/product_tag?post=10094"}],"curies":[{"name":"wp","href":"https:\/\/api.w.org\/{rel}","templated":true}]}}