{"id":10081,"date":"2024-12-06T07:19:35","date_gmt":"2024-12-06T07:19:35","guid":{"rendered":"https:\/\/toprisesafety.com\/?post_type=product&#038;p=10081"},"modified":"2025-03-17T03:59:24","modified_gmt":"2025-03-17T03:59:24","slug":"skull-face-mask","status":"publish","type":"product","link":"https:\/\/toprisesafety.com\/de\/product\/skull-face-mask\/","title":{"rendered":"Totenkopf-Gesichtsmaske"},"content":{"rendered":"<h2><strong><b>Totenkopf-Gesichtsmaske <\/b><\/strong><\/h2>\n<table>\n<tbody>\n<tr>\n<td width=\"284\">ART NO.<\/td>\n<td width=\"329\">SG25<\/td>\n<\/tr>\n<tr>\n<td width=\"284\">Material<\/td>\n<td width=\"329\">PC+TPU<\/td>\n<\/tr>\n<tr>\n<td width=\"284\">Gr\u00f6\u00dfe<\/td>\n<td width=\"329\">Standardgr\u00f6\u00dfe f\u00fcr Erwachsene, Breite 185 mm \u00d7 H\u00f6he 180mm<\/td>\n<\/tr>\n<tr>\n<td width=\"284\">Farbe<\/td>\n<td width=\"329\">Schwarz<\/p>\n<p>&nbsp;<\/td>\n<\/tr>\n<tr>\n<td width=\"284\">Verpacken<\/td>\n<td width=\"329\">Polybeutel, Kopfkarte, Blisterbox, Farbbox usw.<\/td>\n<\/tr>\n<tr>\n<td width=\"284\">Eigenschaften<\/td>\n<td width=\"329\">Winddicht, staubdicht, sanddicht, UV-best\u00e4ndig, etc.<\/td>\n<\/tr>\n<tr>\n<td width=\"284\">Anwendungen<\/td>\n<td width=\"329\">Wandern, Radfahren, Autofahren, Angeln und andere Outdoor-Aktivit\u00e4ten.<\/td>\n<\/tr>\n<\/tbody>\n<\/table>\n<p>TOPRISE unterst\u00fctzt verschiedene Arten der Anpassung von Schutzbrillen; klicken Sie hier, um <a href=\"https:\/\/toprisesafety.com\/de\/product-category\/personal-protective-equipment\/eye-protection\/safety-goggles\/\">Weitere Modelle von Schutzbrillen anzeigen<\/a>.<\/p>\n<p>Wenn Sie die erforderliche Schutzbrille nicht finden, <a href=\"https:\/\/toprisesafety.com\/de\/contact-us\/\">Kontaktieren Sie uns<\/a>; wir unterst\u00fctzen spezielle Anpassungen.<\/p>","protected":false},"excerpt":{"rendered":"<p>Art.Nr.: SG26<\/p>\n<p>Material: PC+TPU<\/p>\n<p>Gr\u00f6\u00dfe: Standardgr\u00f6\u00dfe f\u00fcr Erwachsene, Breite 185 mm \u00d7 H\u00f6he 180mm<\/p>\n<p>Farbe: Schwarzer Rahmen, verschiedene Farben der Linse zur Auswahl.<\/p>\n<p>Unterst\u00fctzung kundenspezifischer Pakete<\/p>\n<p>MOQ: 1000PCS<\/p>","protected":false},"featured_media":10082,"template":"","meta":{"_acf_changed":false},"product_brand":[],"product_cat":[357,358],"product_tag":[],"class_list":{"0":"post-10081","1":"product","2":"type-product","3":"status-publish","4":"has-post-thumbnail","6":"product_cat-eye-protection","7":"product_cat-safety-goggles","9":"first","10":"instock","11":"shipping-taxable","12":"product-type-simple"},"acf":[],"_links":{"self":[{"href":"https:\/\/toprisesafety.com\/de\/wp-json\/wp\/v2\/product\/10081"}],"collection":[{"href":"https:\/\/toprisesafety.com\/de\/wp-json\/wp\/v2\/product"}],"about":[{"href":"https:\/\/toprisesafety.com\/de\/wp-json\/wp\/v2\/types\/product"}],"wp:featuredmedia":[{"embeddable":true,"href":"https:\/\/toprisesafety.com\/de\/wp-json\/wp\/v2\/media\/10082"}],"wp:attachment":[{"href":"https:\/\/toprisesafety.com\/de\/wp-json\/wp\/v2\/media?parent=10081"}],"wp:term":[{"taxonomy":"product_brand","embeddable":true,"href":"https:\/\/toprisesafety.com\/de\/wp-json\/wp\/v2\/product_brand?post=10081"},{"taxonomy":"product_cat","embeddable":true,"href":"https:\/\/toprisesafety.com\/de\/wp-json\/wp\/v2\/product_cat?post=10081"},{"taxonomy":"product_tag","embeddable":true,"href":"https:\/\/toprisesafety.com\/de\/wp-json\/wp\/v2\/product_tag?post=10081"}],"curies":[{"name":"wp","href":"https:\/\/api.w.org\/{rel}","templated":true}]}}