{"id":10069,"date":"2024-12-06T07:14:24","date_gmt":"2024-12-06T07:14:24","guid":{"rendered":"https:\/\/toprisesafety.com\/?post_type=product&#038;p=10069"},"modified":"2025-03-24T03:33:36","modified_gmt":"2025-03-24T03:33:36","slug":"auto-darkening-welding-goggles","status":"publish","type":"product","link":"https:\/\/toprisesafety.com\/de\/product\/auto-darkening-welding-goggles\/","title":{"rendered":"Automatisch abdunkelnde Schwei\u00dferbrille"},"content":{"rendered":"<h2><strong><b>Automatisch abdunkelnde Schwei\u00dferbrille<\/b><\/strong><\/h2>\n<table>\n<tbody>\n<tr>\n<td width=\"284\">ART NO.<\/td>\n<td width=\"329\">WG03<\/td>\n<\/tr>\n<tr>\n<td width=\"284\">Material<\/td>\n<td width=\"329\">PP<\/td>\n<\/tr>\n<tr>\n<td width=\"284\">Gr\u00f6\u00dfe<\/td>\n<td width=\"329\">108\u00d750\u00d75,5MM<\/td>\n<\/tr>\n<tr>\n<td width=\"284\">Farbe<\/td>\n<td width=\"329\">Schwarz<\/td>\n<\/tr>\n<tr>\n<td width=\"284\">Strom<\/td>\n<td width=\"329\">Feste Lithium-Batterie + Solarzelle<\/p>\n<p>&nbsp;<\/td>\n<\/tr>\n<tr>\n<td width=\"284\">Kapazit\u00e4t der Batterie<\/td>\n<td width=\"329\">60 mah<\/td>\n<\/tr>\n<tr>\n<td width=\"284\">Farbton NO.<\/td>\n<td width=\"329\">DIN3<\/td>\n<\/tr>\n<tr>\n<td width=\"284\">Schaltzeit<\/td>\n<td width=\"329\">1\/1000<\/td>\n<\/tr>\n<tr>\n<td width=\"284\">Verpacken<\/td>\n<td width=\"329\">Polybeutel, Kopfkarte, Blisterbox, Farbbox usw.<\/td>\n<\/tr>\n<tr>\n<td width=\"284\">Anmeldung<\/td>\n<td width=\"329\">Bereich Schwei\u00dfen<\/td>\n<\/tr>\n<\/tbody>\n<\/table>\n<p>TOPRISE unterst\u00fctzt verschiedene Arten der Anpassung von Sicherheits- und Schwei\u00dferbrillen; klicken Sie, um zu sehen<a href=\"https:\/\/toprisesafety.com\/de\/product-category\/personal-protective-equipment\/eye-protection\/safety-glasses\/\"> weitere Arten von Schutzbrillen und Schwei\u00dferbrillen.<\/a><\/p>\n<p>Wenn Sie Ihre ben\u00f6tigte Schutzbrille oder Schwei\u00dferbrille nicht finden k\u00f6nnen, <a href=\"https:\/\/toprisesafety.com\/de\/contact-us\/\">Kontaktieren Sie uns<\/a>; wir unterst\u00fctzen spezielle Anpassungen.<\/p>","protected":false},"excerpt":{"rendered":"<p>Art.Nr.: WG03<\/p>\n<p>Material: PP<\/p>\n<p>Farbe: Schwarz<\/p>\n<p>Gr\u00f6\u00dfe: 108\u00d750\u00d75.5MM<\/p>\n<p>Stromversorgung: feste Lithium-Batterie + Solarzelle<\/p>\n<p>MOQ: 1000PCS<\/p>","protected":false},"featured_media":10070,"template":"","meta":{"_acf_changed":false},"product_brand":[],"product_cat":[357,360],"product_tag":[],"class_list":{"0":"post-10069","1":"product","2":"type-product","3":"status-publish","4":"has-post-thumbnail","6":"product_cat-eye-protection","7":"product_cat-safety-glasses","9":"first","10":"instock","11":"shipping-taxable","12":"product-type-simple"},"acf":[],"_links":{"self":[{"href":"https:\/\/toprisesafety.com\/de\/wp-json\/wp\/v2\/product\/10069","targetHints":{"allow":["GET"]}}],"collection":[{"href":"https:\/\/toprisesafety.com\/de\/wp-json\/wp\/v2\/product"}],"about":[{"href":"https:\/\/toprisesafety.com\/de\/wp-json\/wp\/v2\/types\/product"}],"wp:featuredmedia":[{"embeddable":true,"href":"https:\/\/toprisesafety.com\/de\/wp-json\/wp\/v2\/media\/10070"}],"wp:attachment":[{"href":"https:\/\/toprisesafety.com\/de\/wp-json\/wp\/v2\/media?parent=10069"}],"wp:term":[{"taxonomy":"product_brand","embeddable":true,"href":"https:\/\/toprisesafety.com\/de\/wp-json\/wp\/v2\/product_brand?post=10069"},{"taxonomy":"product_cat","embeddable":true,"href":"https:\/\/toprisesafety.com\/de\/wp-json\/wp\/v2\/product_cat?post=10069"},{"taxonomy":"product_tag","embeddable":true,"href":"https:\/\/toprisesafety.com\/de\/wp-json\/wp\/v2\/product_tag?post=10069"}],"curies":[{"name":"wp","href":"https:\/\/api.w.org\/{rel}","templated":true}]}}