{"id":71,"date":"2023-03-28T14:24:58","date_gmt":"2023-03-28T14:24:58","guid":{"rendered":"https:\/\/toprisesafety.com\/about-us\/"},"modified":"2025-10-29T03:50:19","modified_gmt":"2025-10-29T03:50:19","slug":"about-us","status":"publish","type":"page","link":"https:\/\/toprisesafety.com\/de\/about-us\/","title":{"rendered":"\u00dcber uns"},"content":{"rendered":"<div data-elementor-type=\"wp-page\" data-elementor-id=\"71\" class=\"elementor elementor-71\" data-elementor-post-type=\"page\">\n\t\t\t\t<div class=\"elementor-element elementor-element-33539935 e-flex e-con-boxed e-con e-parent\" data-id=\"33539935\" data-element_type=\"container\" data-settings=\"{&quot;background_background&quot;:&quot;classic&quot;,&quot;shape_divider_bottom&quot;:&quot;arrow&quot;}\">\n\t\t\t\t\t<div class=\"e-con-inner\">\n\t\t\t\t<div class=\"elementor-shape elementor-shape-bottom\" aria-hidden=\"true\" data-negative=\"false\">\n\t\t\t<svg xmlns=\"http:\/\/www.w3.org\/2000\/svg\" viewbox=\"0 0 700 10\" preserveaspectratio=\"none\">\n\t<path class=\"elementor-shape-fill\" d=\"M350,10L340,0h20L350,10z\"\/>\n<\/svg>\t\t<\/div>\n\t\t\t\t<div class=\"elementor-element elementor-element-db32916 elementor-widget__width-initial elementor-widget elementor-widget-text-editor\" data-id=\"db32916\" data-element_type=\"widget\" data-widget_type=\"text-editor.default\">\n\t\t\t\t<div class=\"elementor-widget-container\">\n\t\t\t\t\t\t\t\t\t<h1><a href=\"https:\/\/toprisesafety.com\/de\/\"><span style=\"color: #3366ff;\">Wer ist Toprisesafetey.com?\u00a0<\/span><\/a><\/h1><p><span style=\"color: #ffffff;\">Toprisesafety.com wurde 2009 gegr\u00fcndet und wir sind seit mehr als 15 Jahren in den Bereichen pers\u00f6nliche Schutzausr\u00fcstung, Verkehrssicherheitsprodukte, GFK-Produkte und Outdoor-Produkte t\u00e4tig. <\/span><\/p>\t\t\t\t\t\t\t\t<\/div>\n\t\t\t\t<\/div>\n\t\t\t\t\t<\/div>\n\t\t\t\t<\/div>\n\t\t<div class=\"elementor-element elementor-element-2ec5c26e e-flex e-con-boxed e-con e-parent\" data-id=\"2ec5c26e\" data-element_type=\"container\">\n\t\t\t\t\t<div class=\"e-con-inner\">\n\t\t\t\t<div class=\"elementor-element elementor-element-78d72c6a elementor-widget elementor-widget-heading\" data-id=\"78d72c6a\" data-element_type=\"widget\" data-widget_type=\"heading.default\">\n\t\t\t\t<div class=\"elementor-widget-container\">\n\t\t\t\t\t<h2 class=\"elementor-heading-title elementor-size-default\">NINGBO TOPRISE SECURITY PRODUCTS CO.,LTD<\/h2>\t\t\t\t<\/div>\n\t\t\t\t<\/div>\n\t\t\t\t<div class=\"elementor-element elementor-element-49fa9ae9 elementor-widget elementor-widget-text-editor\" data-id=\"49fa9ae9\" data-element_type=\"widget\" data-widget_type=\"text-editor.default\">\n\t\t\t\t<div class=\"elementor-widget-container\">\n\t\t\t\t\t\t\t\t\t<p><strong>Ningbo Toprise<\/strong> ist bestrebt, ein weltweit f\u00fchrender Anbieter von <strong><b>Integrierte L\u00f6sungen f\u00fcr Sicherheit und \u00f6ffentlichen Raum<\/b><\/strong>Unsere Kernphilosophie lautet: \"Sicherheit, Langlebigkeit, Anpassung an Kundenw\u00fcnsche und mehrere Szenarien\". Unsere Dienstleistungen decken verschiedene Bereiche ab, darunter Industrie, St\u00e4dtebau, Landschaftsbau und \u00f6ffentliche Einrichtungen.<\/p><p>Unser Produktportfolio umfasst vier Hauptkategorien:<\/p><p><strong><b>Pers\u00f6nliche Schutzausr\u00fcstung (PSA)<\/b><\/strong>: Von Kopf-, Augen-, Gesichts-, Geh\u00f6r- und Atemschutz bis hin zu Hand-, Fu\u00df- und K\u00f6rperschutz und Sicherheitskleidung bieten wir umfassende Sicherheitsl\u00f6sungen f\u00fcr ein breites Spektrum von Arbeitsumgebungen.<\/p><p><strong><b>Produkte f\u00fcr die Stra\u00dfenverkehrssicherheit<\/b><\/strong>: Dazu geh\u00f6ren Warnkleidung, Warnband, Sicherheitsz\u00e4une, Warnlampen, Verkehrsleitkegel und reflektierende Warndreiecke, die f\u00fcr Sicherheit im Verkehr und in Baustellenbereichen sorgen.<\/p><p><strong><b>\u00d6ffentliche Einrichtungen im Freien<\/b><\/strong>: B\u00e4nke f\u00fcr den Au\u00dfenbereich, Abfalleimer aus Metall oder Holz, wasserdichte Planen und Abdeckungen, Sofas f\u00fcr den Au\u00dfenbereich, Pergolen mit Aluminiumlamellen, Freizeitm\u00f6bel und Skulpturen aus Edelstahl - eine Kombination aus Funktionalit\u00e4t und \u00c4sthetik zur Aufwertung \u00f6ffentlicher R\u00e4ume.<\/p><p><strong><b>FRP-Produkte<\/b><\/strong>: Dazu geh\u00f6ren B\u00e4nke, Pflanzgef\u00e4\u00dfe, Skulpturen und k\u00fcnstliche B\u00e4ume aus Fiberglas - mit leichten, hochfesten, witterungsbest\u00e4ndigen und hochgradig anpassbaren Eigenschaften f\u00fcr eine breite Palette von k\u00fcnstlerischen und kommerziellen Anwendungen.<\/p><p>Mit <strong><b>kundenspezifische Konstruktionsm\u00f6glichkeiten, strenge Qualit\u00e4tskontrolle in der Produktion und weltweite Logistik- und Installationsdienste<\/b><\/strong>liefern wir mehr als nur Produkte - wir bieten ma\u00dfgeschneiderte End-to-End-L\u00f6sungen vom Konzept bis zur Fertigstellung. Ob es darum geht, Sicherheit zu gew\u00e4hrleisten, \u00f6ffentliche R\u00e4ume zu optimieren oder dauerhafte k\u00fcnstlerische und kulturelle Werte zu schaffen - wir halten die h\u00f6chsten Standards ein, um das Vertrauen von Kunden auf der ganzen Welt zu gewinnen.<\/p>\t\t\t\t\t\t\t\t<\/div>\n\t\t\t\t<\/div>\n\t\t\t\t\t<\/div>\n\t\t\t\t<\/div>\n\t\t<div class=\"elementor-element elementor-element-f15ed69 e-flex e-con-boxed e-con e-parent\" data-id=\"f15ed69\" data-element_type=\"container\">\n\t\t\t\t\t<div class=\"e-con-inner\">\n\t\t\t\t\t<\/div>\n\t\t\t\t<\/div>\n\t\t<div class=\"elementor-element elementor-element-29be7ad8 e-con-full e-flex e-con e-parent\" data-id=\"29be7ad8\" data-element_type=\"container\" data-settings=\"{&quot;background_background&quot;:&quot;classic&quot;}\">\n\t\t<div class=\"elementor-element elementor-element-6dc2b06c e-con-full e-flex e-con e-child\" data-id=\"6dc2b06c\" data-element_type=\"container\">\n\t\t\t\t<div class=\"elementor-element elementor-element-44eacff elementor-widget elementor-widget-heading\" data-id=\"44eacff\" data-element_type=\"widget\" data-widget_type=\"heading.default\">\n\t\t\t\t<div class=\"elementor-widget-container\">\n\t\t\t\t\t<h2 class=\"elementor-heading-title elementor-size-default\">Dienstleistungen, mit denen wir Ihnen helfen k\u00f6nnen:<\/h2>\t\t\t\t<\/div>\n\t\t\t\t<\/div>\n\t\t\t\t<div class=\"elementor-element elementor-element-600432bc elementor-widget elementor-widget-text-editor\" data-id=\"600432bc\" data-element_type=\"widget\" data-widget_type=\"text-editor.default\">\n\t\t\t\t<div class=\"elementor-widget-container\">\n\t\t\t\t\t\t\t\t\t<ul><li data-start=\"72\" data-end=\"186\"><p data-start=\"75\" data-end=\"186\"><strong data-start=\"75\" data-end=\"100\">Kundenspezifisches Produktdesign<\/strong>: Ma\u00dfgeschneiderte L\u00f6sungen und Designs auf der Grundlage von Kundenbed\u00fcrfnissen und Anwendungsszenarien.<\/p><\/li><li data-start=\"187\" data-end=\"298\"><p data-start=\"190\" data-end=\"298\"><strong data-start=\"190\" data-end=\"217\">3D-Modellierung &amp; Rendering<\/strong>: Bereitstellung von 3D-Entw\u00fcrfen und Rendering-Vorschauen zur Best\u00e4tigung vor der Produktion.<\/p><\/li><li data-start=\"299\" data-end=\"443\"><p data-start=\"302\" data-end=\"443\"><strong data-start=\"302\" data-end=\"341\">Multi-Category-Beschaffung aus einer Hand<\/strong>: Abgedeckt wird die gesamte Palette von PSA, Produkten f\u00fcr die Sicherheit im Stra\u00dfenverkehr, \u00f6ffentlichen Einrichtungen im Freien und FRP-Produkten.<\/p><\/li><li data-start=\"444\" data-end=\"584\"><p data-start=\"447\" data-end=\"584\"><strong data-start=\"447\" data-end=\"485\">Empfehlungen zu Material und Verfahren<\/strong>: Vorschl\u00e4ge f\u00fcr die am besten geeigneten Materialien und Herstellungsverfahren auf der Grundlage von Verwendung und Umwelt.<\/p><\/li><li data-start=\"585\" data-end=\"719\"><p data-start=\"588\" data-end=\"719\"><strong data-start=\"588\" data-end=\"617\">Strenge Qualit\u00e4tskontrolle<\/strong>: Umfassende Qualit\u00e4tskontrolle von den Rohstoffen bis zu den fertigen Produkten, um eine gleichbleibende Qualit\u00e4t zu gew\u00e4hrleisten.<\/p><\/li><li data-start=\"720\" data-end=\"849\"><p data-start=\"723\" data-end=\"849\"><strong data-start=\"723\" data-end=\"774\">Internationale Logistik und T\u00fcr-zu-T\u00fcr-Lieferung<\/strong>: Bieten Sie globale Versandl\u00f6sungen an, um den Koordinationsaufwand des Kunden zu verringern.<\/p><\/li><li data-start=\"850\" data-end=\"950\"><p data-start=\"853\" data-end=\"950\"><strong data-start=\"853\" data-end=\"885\">Anleitung zur Ferninstallation<\/strong>: Bereitstellung von Installationsanweisungen per Video oder Dokumentation.<\/p><\/li><li data-start=\"951\" data-end=\"1058\"><p data-start=\"954\" data-end=\"1058\"><strong data-start=\"954\" data-end=\"998\">Kundendienst und Wartungsberatung<\/strong>: Wir bieten langfristige technische Unterst\u00fctzung und Wartungspl\u00e4ne.<\/p><\/li><li data-start=\"1059\" data-end=\"1152\" data-is-last-node=\"\"><p data-start=\"1062\" data-end=\"1152\" data-is-last-node=\"\"><strong data-start=\"1062\" data-end=\"1085\">OEM\/ODM-Zusammenarbeit<\/strong>: Unterst\u00fctzung von Private Labeling und Design- und Entwicklungspartnerschaften.<\/p><\/li><\/ul>\t\t\t\t\t\t\t\t<\/div>\n\t\t\t\t<\/div>\n\t\t\t\t<\/div>\n\t\t<div class=\"elementor-element elementor-element-31134ed1 e-con-full e-flex e-con e-child\" data-id=\"31134ed1\" data-element_type=\"container\" data-settings=\"{&quot;background_background&quot;:&quot;classic&quot;}\">\n\t\t\t\t<div class=\"elementor-element elementor-element-3633db4 elementor-widget elementor-widget-image\" data-id=\"3633db4\" data-element_type=\"widget\" data-widget_type=\"image.default\">\n\t\t\t\t<div class=\"elementor-widget-container\">\n\t\t\t\t\t\t\t\t\t\t\t\t\t\t\t<img fetchpriority=\"high\" decoding=\"async\" width=\"800\" height=\"517\" src=\"https:\/\/toprisesafety.com\/wp-content\/uploads\/2024\/08\/TOPRISE-COMPANY-PHOTOS.jpg\" class=\"attachment-large size-large wp-image-6275\" alt=\"\" srcset=\"https:\/\/toprisesafety.com\/wp-content\/uploads\/2024\/08\/TOPRISE-COMPANY-PHOTOS.jpg 1016w, https:\/\/toprisesafety.com\/wp-content\/uploads\/2024\/08\/TOPRISE-COMPANY-PHOTOS-300x194.jpg 300w, https:\/\/toprisesafety.com\/wp-content\/uploads\/2024\/08\/TOPRISE-COMPANY-PHOTOS-768x496.jpg 768w, https:\/\/toprisesafety.com\/wp-content\/uploads\/2024\/08\/TOPRISE-COMPANY-PHOTOS-600x387.jpg 600w\" sizes=\"(max-width: 800px) 100vw, 800px\" \/>\t\t\t\t\t\t\t\t\t\t\t\t\t\t\t<\/div>\n\t\t\t\t<\/div>\n\t\t\t\t<\/div>\n\t\t\t\t<\/div>\n\t\t<div class=\"elementor-element elementor-element-5b88c2f1 e-flex e-con-boxed e-con e-parent\" data-id=\"5b88c2f1\" data-element_type=\"container\" data-settings=\"{&quot;background_background&quot;:&quot;gradient&quot;}\">\n\t\t\t\t\t<div class=\"e-con-inner\">\n\t\t<div class=\"elementor-element elementor-element-125b2931 e-con-full e-flex e-con e-child\" data-id=\"125b2931\" data-element_type=\"container\">\n\t\t\t\t<div class=\"elementor-element elementor-element-5d33679 elementor-widget elementor-widget-video\" data-id=\"5d33679\" data-element_type=\"widget\" data-settings=\"{&quot;youtube_url&quot;:&quot;https:\\\/\\\/youtu.be\\\/ThJsHLqOQQw&quot;,&quot;video_type&quot;:&quot;youtube&quot;,&quot;controls&quot;:&quot;yes&quot;}\" data-widget_type=\"video.default\">\n\t\t\t\t<div class=\"elementor-widget-container\">\n\t\t\t\t\t\t\t<div class=\"elementor-wrapper elementor-open-inline\">\n\t\t\t<div class=\"elementor-video\"><\/div>\t\t<\/div>\n\t\t\t\t\t\t<\/div>\n\t\t\t\t<\/div>\n\t\t\t\t<\/div>\n\t\t<div class=\"elementor-element elementor-element-f4ef7b3 e-con-full e-flex e-con e-child\" data-id=\"f4ef7b3\" data-element_type=\"container\">\n\t\t\t\t<div class=\"elementor-element elementor-element-63a62b49 elementor-widget elementor-widget-heading\" data-id=\"63a62b49\" data-element_type=\"widget\" data-widget_type=\"heading.default\">\n\t\t\t\t<div class=\"elementor-widget-container\">\n\t\t\t\t\t<h2 class=\"elementor-heading-title elementor-size-default\">Was wir produzieren?<\/h2>\t\t\t\t<\/div>\n\t\t\t\t<\/div>\n\t\t\t\t<div class=\"elementor-element elementor-element-110f76e0 elementor-widget elementor-widget-text-editor\" data-id=\"110f76e0\" data-element_type=\"widget\" data-widget_type=\"text-editor.default\">\n\t\t\t\t<div class=\"elementor-widget-container\">\n\t\t\t\t\t\t\t\t\t<p data-pm-slice=\"1 1 []\"><strong>Ningbo TOPRISE<\/strong> ist ein professioneller Hersteller, der sich auf die Produktion von hochwertigen <strong>pers\u00f6nliche Schutzausr\u00fcstung (PSA),<\/strong> <strong>Produkte f\u00fcr die Stra\u00dfensicherheit, \u00f6ffentliche Au\u00dfenanlagen, Produkte aus Edelstahl und FRP<\/strong><\/p><ul><li data-start=\"106\" data-end=\"296\"><p data-start=\"109\" data-end=\"150\"><strong data-start=\"109\" data-end=\"148\">Pers\u00f6nliche Schutzausr\u00fcstung (PSA)<\/strong><\/p><ul data-start=\"154\" data-end=\"296\"><li data-start=\"154\" data-end=\"202\"><p data-start=\"156\" data-end=\"202\">Schutz f\u00fcr Kopf, Augen, Gesicht, Ohren und Atemwege<\/p><\/li><li data-start=\"206\" data-end=\"241\"><p data-start=\"208\" data-end=\"241\">Hand-, Fu\u00df- und K\u00f6rperschutz<\/p><\/li><li data-start=\"245\" data-end=\"296\"><p data-start=\"247\" data-end=\"296\">Sicherheitsbekleidung f\u00fcr Industrie und Baugewerbe<\/p><\/li><\/ul><\/li><li data-start=\"298\" data-end=\"455\"><p data-start=\"301\" data-end=\"327\"><strong data-start=\"301\" data-end=\"325\">Produkte f\u00fcr die Stra\u00dfenverkehrssicherheit<\/strong><\/p><ul data-start=\"331\" data-end=\"455\"><li data-start=\"331\" data-end=\"389\"><p data-start=\"333\" data-end=\"389\">Sicherheitswesten, Warnb\u00e4nder, Verkehrsleitkegel, Barrikaden<\/p><\/li><li data-start=\"393\" data-end=\"455\"><p data-start=\"395\" data-end=\"455\">Reflektierende Schilder, Warnlampen, Verkehrsleiteinrichtungen<\/p><\/li><\/ul><\/li><li data-start=\"457\" data-end=\"605\"><p data-start=\"460\" data-end=\"491\"><strong data-start=\"460\" data-end=\"489\">\u00d6ffentliche Einrichtungen im Freien<\/strong><\/p><ul data-start=\"495\" data-end=\"605\"><li data-start=\"495\" data-end=\"539\"><p data-start=\"497\" data-end=\"539\">B\u00e4nke im Freien, M\u00fclleimer aus Metall\/Holz<\/p><\/li><li data-start=\"543\" data-end=\"605\"><p data-start=\"545\" data-end=\"605\">Wasserdichte Planen, Abdeckungen, Freizeitm\u00f6bel, Pergolen<\/p><\/li><\/ul><\/li><li data-start=\"607\" data-end=\"769\"><p data-start=\"610\" data-end=\"646\"><strong data-start=\"610\" data-end=\"644\">Produkte aus Edelstahl und FRP<\/strong><\/p><ul data-start=\"650\" data-end=\"769\"><li data-start=\"650\" data-end=\"703\"><p data-start=\"652\" data-end=\"703\">Skulpturen aus rostfreiem Stahl, Installationen im Freien<\/p><\/li><li data-start=\"707\" data-end=\"769\"><p data-start=\"709\" data-end=\"769\">B\u00e4nke, Pflanzgef\u00e4\u00dfe, Skulpturen und k\u00fcnstliche B\u00e4ume aus Fiberglas<\/p><\/li><\/ul><\/li><\/ul>\t\t\t\t\t\t\t\t<\/div>\n\t\t\t\t<\/div>\n\t\t\t\t<\/div>\n\t\t\t\t\t<\/div>\n\t\t\t\t<\/div>\n\t\t<div class=\"elementor-element elementor-element-0250a8e e-flex e-con-boxed e-con e-parent\" data-id=\"0250a8e\" data-element_type=\"container\">\n\t\t\t\t\t<div class=\"e-con-inner\">\n\t\t\t\t<div class=\"elementor-element elementor-element-8381f24 elementor-widget elementor-widget-heading\" data-id=\"8381f24\" data-element_type=\"widget\" data-widget_type=\"heading.default\">\n\t\t\t\t<div class=\"elementor-widget-container\">\n\t\t\t\t\t<h2 class=\"elementor-heading-title elementor-size-default\">Mehr als 15 Jahre Erfahrung mit dem Export unserer Produkte in die ganze Welt<\/h2>\t\t\t\t<\/div>\n\t\t\t\t<\/div>\n\t\t\t\t<div class=\"elementor-element elementor-element-f8f21e7 elementor-widget elementor-widget-text-editor\" data-id=\"f8f21e7\" data-element_type=\"widget\" data-widget_type=\"text-editor.default\">\n\t\t\t\t<div class=\"elementor-widget-container\">\n\t\t\t\t\t\t\t\t\t<p><strong>Toprise<\/strong> ist ein weltweiter Anbieter von integrierten L\u00f6sungen f\u00fcr die Sicherheit und den \u00f6ffentlichen Raum, der hochwertige Produkte und Dienstleistungen anbietet, die Funktionalit\u00e4t, Langlebigkeit und \u00c4sthetik miteinander verbinden. <br \/>Seit unserer Gr\u00fcndung im Jahr 2009 haben wir uns von einem kleinen Hersteller zu einem zuverl\u00e4ssigen Partner f\u00fcr Kunden in \u00fcber 30 L\u00e4ndern weltweit entwickelt.<br \/><br \/>Unser Produktportfolio umfasst <strong>Pers\u00f6nliche Schutzausr\u00fcstung (PSA), Verkehrssicherheitsprodukte, \u00f6ffentliche Einrichtungen f\u00fcr den Au\u00dfenbereich und kundenspezifische Produkte aus Edelstahl und FRP<\/strong>. <br \/>Wir bieten L\u00f6sungen aus einer Hand, von der Konzeption \u00fcber die Materialauswahl und die Produktion bis hin zur globalen Logistik und dem Kundendienst.<br \/><br \/>Mit hochmodernen Produktionsanlagen und einem qualifizierten Forschungs- und Entwicklungsteam wickeln wir sowohl Standard- als auch hochgradig kundenspezifische Projekte ab und erf\u00fcllen so die Anforderungen von Industrie, Kommunen, Gewerbebetrieben und Kunstinstallationen. <br \/>Unser strenger Qualit\u00e4tskontrollprozess, der durch Zertifizierungen wie [ISO\/CE\/SGS] unterst\u00fctzt wird, gew\u00e4hrleistet, dass jedes Produkt internationalen Standards entspricht.<br \/><br \/>Toprise hat es sich zur Aufgabe gemacht, eine sicherere, bessere und sch\u00f6nere Umwelt zu schaffen. <br \/>Wir legen Wert auf Innovation, Zuverl\u00e4ssigkeit und langfristige Partnerschaften und arbeiten eng mit unseren Kunden zusammen, um ma\u00dfgeschneiderte L\u00f6sungen anzubieten, die die Erwartungen \u00fcbertreffen.<br \/><br \/>Wir haben unsere Produkte in \u00fcber 30 L\u00e4nder in Afrika, Nordamerika, S\u00fcdamerika, dem Nahen Osten und Europa exportiert und damit eine starke globale Pr\u00e4senz aufgebaut.<\/p>\t\t\t\t\t\t\t\t<\/div>\n\t\t\t\t<\/div>\n\t\t<div class=\"elementor-element elementor-element-7e1a652 e-grid e-con-full e-con e-child\" data-id=\"7e1a652\" data-element_type=\"container\">\n\t\t\t\t<div class=\"elementor-element elementor-element-e2c54fa elementor-widget elementor-widget-text-editor\" data-id=\"e2c54fa\" data-element_type=\"widget\" data-widget_type=\"text-editor.default\">\n\t\t\t\t<div class=\"elementor-widget-container\">\n\t\t\t\t\t\t\t\t\t<p><strong><u>PSA\u00a0<\/u><\/strong><strong><u>Produkte:<\/u><\/strong><\/p><ul><li data-start=\"79\" data-end=\"98\"><p data-start=\"81\" data-end=\"98\">Kopfschutz<\/p><\/li><li data-start=\"102\" data-end=\"127\"><p data-start=\"104\" data-end=\"127\">Schutz f\u00fcr Augen und Gesicht<\/p><\/li><li data-start=\"131\" data-end=\"153\"><p data-start=\"133\" data-end=\"153\">Geh\u00f6rschutz<\/p><\/li><li data-start=\"157\" data-end=\"183\"><p data-start=\"159\" data-end=\"183\">Schutz der Atemwege<\/p><\/li><li data-start=\"187\" data-end=\"206\"><p data-start=\"189\" data-end=\"206\">Handschutz<\/p><\/li><li data-start=\"210\" data-end=\"229\"><p data-start=\"212\" data-end=\"229\">Fu\u00dfschutz<\/p><\/li><li data-start=\"233\" data-end=\"266\"><p data-start=\"235\" data-end=\"266\">K\u00f6rperschutz &amp; Sicherheitskleidung<\/p><\/li><\/ul><p>\u00a0<\/p>\t\t\t\t\t\t\t\t<\/div>\n\t\t\t\t<\/div>\n\t\t\t\t<div class=\"elementor-element elementor-element-40ac4e6 elementor-widget elementor-widget-text-editor\" data-id=\"40ac4e6\" data-element_type=\"widget\" data-widget_type=\"text-editor.default\">\n\t\t\t\t<div class=\"elementor-widget-container\">\n\t\t\t\t\t\t\t\t\t<p><strong><u><b>Produkte f\u00fcr die Stra\u00dfenverkehrssicherheit:<\/b><\/u><\/strong><\/p><ul><li data-start=\"301\" data-end=\"328\"><p data-start=\"303\" data-end=\"328\">Sicherheitswesten &amp; Kleidung<\/p><\/li><li data-start=\"332\" data-end=\"357\"><p data-start=\"334\" data-end=\"357\">Warnb\u00e4nder und Leitkegel<\/p><\/li><li data-start=\"361\" data-end=\"394\"><p data-start=\"363\" data-end=\"394\">Verkehrsbarrikaden und Absperrungen<\/p><\/li><li data-start=\"398\" data-end=\"418\"><p data-start=\"400\" data-end=\"418\">Reflektierende Schilder<\/p><\/li><li data-start=\"422\" data-end=\"448\"><p data-start=\"424\" data-end=\"448\">Warnlampen und Lichter<\/p><\/li><\/ul>\t\t\t\t\t\t\t\t<\/div>\n\t\t\t\t<\/div>\n\t\t\t\t<div class=\"elementor-element elementor-element-80bd508 elementor-widget elementor-widget-text-editor\" data-id=\"80bd508\" data-element_type=\"widget\" data-widget_type=\"text-editor.default\">\n\t\t\t\t<div class=\"elementor-widget-container\">\n\t\t\t\t\t\t\t\t\t<p><strong><u><b>\u00d6ffentliche Einrichtungen im Freien<\/b><\/u><\/strong><\/p><ul><li data-start=\"488\" data-end=\"507\"><p data-start=\"490\" data-end=\"507\">B\u00e4nke f\u00fcr drau\u00dfen<\/p><\/li><li data-start=\"511\" data-end=\"538\"><p data-start=\"513\" data-end=\"538\">Papierk\u00f6rbe aus Metall\/Holz<\/p><\/li><li data-start=\"542\" data-end=\"576\"><p data-start=\"544\" data-end=\"576\">Wasserdichte Planen und Abdeckungen<\/p><\/li><li data-start=\"580\" data-end=\"617\"><p data-start=\"582\" data-end=\"617\">Outdoor-Sofas &amp; Freizeitm\u00f6bel<\/p><\/li><li data-start=\"621\" data-end=\"651\"><p data-start=\"623\" data-end=\"651\">Aluminium-Lamellen-Pergolen<\/p><\/li><\/ul>\t\t\t\t\t\t\t\t<\/div>\n\t\t\t\t<\/div>\n\t\t\t\t<div class=\"elementor-element elementor-element-68ca41f elementor-widget elementor-widget-text-editor\" data-id=\"68ca41f\" data-element_type=\"widget\" data-widget_type=\"text-editor.default\">\n\t\t\t\t<div class=\"elementor-widget-container\">\n\t\t\t\t\t\t\t\t\t<p><span style=\"text-decoration: underline;\"><strong>Produkte aus Edelstahl und FRP<\/strong><\/span><\/p><ul><li data-start=\"696\" data-end=\"726\"><p data-start=\"698\" data-end=\"726\">Edelstahl-Skulpturen<\/p><\/li><li data-start=\"730\" data-end=\"755\"><p data-start=\"732\" data-end=\"755\">Fiberglas-Skulpturen<\/p><\/li><li data-start=\"759\" data-end=\"792\"><p data-start=\"761\" data-end=\"792\">B\u00e4nke und Pflanzgef\u00e4\u00dfe aus Fiberglas<\/p><\/li><li data-start=\"796\" data-end=\"816\"><p data-start=\"798\" data-end=\"816\">K\u00fcnstliche B\u00e4ume<\/p><\/li><\/ul>\t\t\t\t\t\t\t\t<\/div>\n\t\t\t\t<\/div>\n\t\t\t\t<\/div>\n\t\t\t\t\t<\/div>\n\t\t\t\t<\/div>\n\t\t<div class=\"elementor-element elementor-element-362e5ef e-flex e-con-boxed e-con e-parent\" data-id=\"362e5ef\" data-element_type=\"container\">\n\t\t\t\t\t<div class=\"e-con-inner\">\n\t\t\t\t<div class=\"elementor-element elementor-element-36107aa elementor-widget elementor-widget-heading\" data-id=\"36107aa\" data-element_type=\"widget\" data-widget_type=\"heading.default\">\n\t\t\t\t<div class=\"elementor-widget-container\">\n\t\t\t\t\t<h2 class=\"elementor-heading-title elementor-size-default\">Vorteile der Wahl von NINGBO TOPRISE<\/h2>\t\t\t\t<\/div>\n\t\t\t\t<\/div>\n\t\t\t\t\t<\/div>\n\t\t\t\t<\/div>\n\t\t<div class=\"elementor-element elementor-element-bcc7b74 e-flex e-con-boxed e-con e-parent\" data-id=\"bcc7b74\" data-element_type=\"container\">\n\t\t\t\t\t<div class=\"e-con-inner\">\n\t\t\t\t<div class=\"elementor-element elementor-element-81b20d1 elementor-widget elementor-widget-text-editor\" data-id=\"81b20d1\" data-element_type=\"widget\" data-widget_type=\"text-editor.default\">\n\t\t\t\t<div class=\"elementor-widget-container\">\n\t\t\t\t\t\t\t\t\t<p data-start=\"76\" data-end=\"263\"><strong data-start=\"76\" data-end=\"111\">\ud83c\udfed Umfassende Branchenkenntnisse<\/strong><br data-start=\"111\" data-end=\"114\" \/>Jahrelange Erfahrung in den Bereichen Sicherheitsschutz, Stra\u00dfensicherheit, \u00f6ffentliche Einrichtungen und kundenspezifische Skulpturen, mit starken Design- und Fertigungsf\u00e4higkeiten.<\/p><p data-start=\"265\" data-end=\"409\"><strong data-start=\"265\" data-end=\"303\">\ud83c\udfa8 Starke Anpassungsf\u00e4higkeit<\/strong><br data-start=\"303\" data-end=\"306\" \/>Von Zeichnungen und Fotos bis hin zu kreativen Konzepten bieten wir ma\u00dfgeschneiderte L\u00f6sungen f\u00fcr unterschiedliche Szenarien.<\/p><p data-start=\"411\" data-end=\"573\"><strong data-start=\"411\" data-end=\"449\">\ud83d\udce6 Umfassendes Produktportfolio<\/strong><br data-start=\"449\" data-end=\"452\" \/>Beschaffung von PSA, Sicherheitsausr\u00fcstungen f\u00fcr den Stra\u00dfenverkehr, \u00f6ffentlichen Einrichtungen f\u00fcr den Au\u00dfenbereich und kundenspezifischen Produkten aus Edelstahl und GFK aus einer Hand.<\/p><p data-start=\"575\" data-end=\"711\"><strong data-start=\"575\" data-end=\"607\">\u2705 Strenge Qualit\u00e4tssicherung<\/strong><br data-start=\"607\" data-end=\"610\" \/>Vollst\u00e4ndige Prozesskontrolle, um sicherzustellen, dass jedes Produkt den internationalen Normen (ISO, CE, SGS usw.) entspricht.<\/p><p data-start=\"713\" data-end=\"852\"><strong data-start=\"713\" data-end=\"739\">\ud83c\udf0d Globale Marktreichweite<\/strong><br data-start=\"739\" data-end=\"742\" \/>Die Produkte werden in \u00fcber 30 L\u00e4nder in Afrika, Nordamerika, S\u00fcdamerika, dem Nahen Osten und Europa exportiert.<\/p><p data-start=\"854\" data-end=\"978\"><strong data-start=\"854\" data-end=\"894\">\ud83d\udcac Effiziente Kommunikation und Service<\/strong><br data-start=\"894\" data-end=\"897\" \/>Professionelles Exportteam, das schnell reagiert, um einen reibungslosen Projektablauf zu gew\u00e4hrleisten.<\/p><p data-start=\"980\" data-end=\"1111\"><strong data-start=\"980\" data-end=\"1016\">\ud83d\ude9a Flexible Lieferung und Logistik<\/strong><br data-start=\"1016\" data-end=\"1019\" \/>Internationaler Versand und T\u00fcr-zu-T\u00fcr-Lieferung zur Minimierung des Koordinationsaufwands f\u00fcr den Kunden.<\/p><p data-start=\"1113\" data-end=\"1233\"><strong data-start=\"1113\" data-end=\"1149\">\ud83d\udd27 Langfristige Unterst\u00fctzung nach dem Kauf<\/strong><br data-start=\"1149\" data-end=\"1152\" \/>Installationsanleitung, Wartungshinweise und kontinuierliche technische Unterst\u00fctzung.<\/p>\t\t\t\t\t\t\t\t<\/div>\n\t\t\t\t<\/div>\n\t\t\t\t\t<\/div>\n\t\t\t\t<\/div>\n\t\t\t\t<\/div>","protected":false},"excerpt":{"rendered":"<p>Who is Toprisesafetey.com?\u00a0 Toprisesafety.com was founded in 2009, and we have been in the personal protective equipment, road safety products, FRP products and outdoor goods business for more than 15 years. NINGBO TOPRISE SECURITY PRODUCTS CO.,LTD Ningbo Toprise is committed to becoming a global leader in safety and public space integrated solutions, with \u201cSafety, Durability, [&hellip;]<\/p>","protected":false},"author":1,"featured_media":13034,"parent":0,"menu_order":0,"comment_status":"closed","ping_status":"closed","template":"","meta":{"_acf_changed":false,"footnotes":""},"class_list":["post-71","page","type-page","status-publish","has-post-thumbnail","hentry"],"acf":[],"_links":{"self":[{"href":"https:\/\/toprisesafety.com\/de\/wp-json\/wp\/v2\/pages\/71"}],"collection":[{"href":"https:\/\/toprisesafety.com\/de\/wp-json\/wp\/v2\/pages"}],"about":[{"href":"https:\/\/toprisesafety.com\/de\/wp-json\/wp\/v2\/types\/page"}],"author":[{"embeddable":true,"href":"https:\/\/toprisesafety.com\/de\/wp-json\/wp\/v2\/users\/1"}],"replies":[{"embeddable":true,"href":"https:\/\/toprisesafety.com\/de\/wp-json\/wp\/v2\/comments?post=71"}],"version-history":[{"count":184,"href":"https:\/\/toprisesafety.com\/de\/wp-json\/wp\/v2\/pages\/71\/revisions"}],"predecessor-version":[{"id":15557,"href":"https:\/\/toprisesafety.com\/de\/wp-json\/wp\/v2\/pages\/71\/revisions\/15557"}],"wp:featuredmedia":[{"embeddable":true,"href":"https:\/\/toprisesafety.com\/de\/wp-json\/wp\/v2\/media\/13034"}],"wp:attachment":[{"href":"https:\/\/toprisesafety.com\/de\/wp-json\/wp\/v2\/media?parent=71"}],"curies":[{"name":"wp","href":"https:\/\/api.w.org\/{rel}","templated":true}]}}