{"id":9206,"date":"2024-11-12T06:44:21","date_gmt":"2024-11-12T06:44:21","guid":{"rendered":"https:\/\/toprisesafety.com\/?post_type=product&#038;p=9206"},"modified":"2025-03-24T04:41:50","modified_gmt":"2025-03-24T04:41:50","slug":"best-welding-mask-auto-darkening","status":"publish","type":"product","link":"https:\/\/toprisesafety.com\/ar\/product\/best-welding-mask-auto-darkening\/","title":{"rendered":"\u0623\u0641\u0636\u0644 \u0642\u0646\u0627\u0639 \u0644\u062d\u0627\u0645 \u0627\u0644\u062a\u0639\u062a\u064a\u0645 \u0627\u0644\u062a\u0644\u0642\u0627\u0626\u064a"},"content":{"rendered":"<h2><strong><b>\u0623\u0641\u0636\u0644 \u0642\u0646\u0627\u0639 \u0644\u062d\u0627\u0645 \u0627\u0644\u062a\u0639\u062a\u064a\u0645 \u0627\u0644\u062a\u0644\u0642\u0627\u0626\u064a<\/b><\/strong><\/h2>\n<table>\n<tbody>\n<tr>\n<td width=\"284\">\u0631\u0642\u0645 \u0627\u0644\u0641\u0646<\/td>\n<td width=\"284\">WMA08<\/td>\n<\/tr>\n<tr>\n<td width=\"284\">\u062d\u062c\u0645 \u0627\u0644\u0645\u0631\u0634\u062d<\/td>\n<td width=\"284\">110\u00d790\u00d710 \u0645\u0645<\/td>\n<\/tr>\n<tr>\n<td width=\"284\">\u0645\u0646\u0637\u0642\u0629 \u0627\u0644\u0645\u0634\u0627\u0647\u062f\u0629 \u0627\u0644\u0646\u0634\u0637\u0629<\/td>\n<td width=\"284\">93\u00d743 \u0645\u0645<\/td>\n<\/tr>\n<tr>\n<td width=\"284\">\u0638\u0644 \u062e\u0641\u064a\u0641 \u0627\u0644\u0638\u0644<\/td>\n<td width=\"284\">DIN3<\/td>\n<\/tr>\n<tr>\n<td width=\"284\">\u0627\u0644\u0638\u0644 \u0627\u0644\u062f\u0627\u0643\u0646<\/td>\n<td width=\"284\">DIN9-13<\/td>\n<\/tr>\n<tr>\n<td width=\"284\">\u062a\u0639\u062f\u064a\u0644 \u0627\u0644\u062d\u0627\u0644\u0629 \u0627\u0644\u0645\u0638\u0644\u0645\u0629<\/td>\n<td width=\"284\">\u0646\u0639\u0645<\/td>\n<\/tr>\n<tr>\n<td width=\"284\">\u062a\u0639\u062f\u064a\u0644 \u0627\u0644\u062d\u0633\u0627\u0633\u064a\u0629 \u0627\u0644\u062d\u0633\u0627\u0633\u0629<\/td>\n<td width=\"284\">\u0646\u0639\u0645<\/td>\n<\/tr>\n<tr>\n<td width=\"284\">\u0648\u0642\u062a \u0627\u0644\u062a\u062d\u0648\u064a\u0644<\/td>\n<td width=\"284\">1\/25000S<\/td>\n<\/tr>\n<tr>\n<td width=\"284\">\u0648\u0642\u062a \u0627\u0644\u062a\u0623\u062e\u064a\u0631<\/td>\n<td width=\"284\">0.01 \u0645\u0644\u0644\u064a \u062b\u0627\u0646\u064a\u0629<\/td>\n<\/tr>\n<tr>\n<td width=\"284\">\u0645\u0632\u0648\u062f \u0627\u0644\u0637\u0627\u0642\u0629<\/td>\n<td width=\"284\">\u0628\u0637\u0627\u0631\u064a\u0629 \u0644\u064a\u062b\u064a\u0648\u0645 \u0648\u0625\u0645\u062f\u0627\u062f\u0627\u062a \u0627\u0644\u0637\u0627\u0642\u0629 \u0627\u0644\u0634\u0645\u0633\u064a\u0629<\/td>\n<\/tr>\n<tr>\n<td width=\"284\">\u0642\u062f\u0631\u0627\u062a \u0628\u0637\u0627\u0631\u064a\u0629 \u0627\u0644\u0644\u064a\u062b\u064a\u0648\u0645 \u0630\u0627\u062a \u0627\u0644\u0635\u0644\u0629<\/td>\n<td width=\"284\">60 \u0645\u0644\u0644\u064a \u0623\u0645\u0628\u064a\u0631\/\u0633\u0627\u0639\u0629<\/td>\n<\/tr>\n<tr>\n<td width=\"284\">\u062f\u0631\u062c\u0629 \u0627\u0644\u062a\u0634\u063a\u064a\u0644\u0623\u0634\u0639\u0629 \u0641\u0648\u0642 \u0627\u0644\u0628\u0646\u0641\u0633\u062c\u064a\u0629 \u0641\u0648\u0642 \u0627\u0644\u0628\u0646\u0641\u0633\u062c\u064a\u0629<\/td>\n<td width=\"284\">DIN16<\/td>\n<\/tr>\n<tr>\n<td width=\"284\">\u0627\u0644\u0648\u0632\u0646<\/td>\n<td width=\"284\">400 \u062c\u0631\u0627\u0645\/\u0643\u0645\u0628\u064a\u0648\u062a\u0631 \u0634\u062e\u0635\u064a<\/td>\n<\/tr>\n<tr>\n<td width=\"284\">\u0627\u0644\u062a\u0639\u0628\u0626\u0629<\/td>\n<td width=\"284\">\u0643\u0644 \u062c\u0647\u0627\u0632 \u0643\u0645\u0628\u064a\u0648\u062a\u0631 \u0644\u0643\u0644 \u0635\u0646\u062f\u0648\u0642 \u0623\u0644\u0648\u0627\u0646 \u0627\u0644\u062a\u0639\u0628\u0626\u0629 \u0648\u0627\u0644\u062a\u063a\u0644\u064a\u0641\u060c 20 \u0642\u0637\u0639\u0629\/\u0639\u0644\u0628\u0629 \u0645\u0639\u0628\u0623\u0629<\/td>\n<\/tr>\n<tr>\n<td width=\"284\">\u062d\u062c\u0645 \u0627\u0644\u0643\u0631\u062a\u0648\u0646<\/td>\n<td width=\"284\">53 \u00d7 50 \u00d7 50 \u00d7 50 \u0633\u0645<\/td>\n<\/tr>\n<tr>\n<td width=\"284\">\u0646\/\u063a.\u0648<\/td>\n<td width=\"284\">8\/10 \u0643\u062c\u0645<\/td>\n<\/tr>\n<tr>\n<td width=\"284\">\u062e\u062f\u0645\u0629 \u062a\u0635\u0646\u064a\u0639 \u0627\u0644\u0645\u0639\u062f\u0627\u062a \u0627\u0644\u0623\u0635\u0644\u064a\u0629<\/td>\n<td width=\"284\">\u0646\u0639\u0645<\/td>\n<\/tr>\n<\/tbody>\n<\/table>\n<p>\u062a\u062f\u0639\u0645 TOPRISE \u0623\u0646\u0645\u0627\u0637\u064b\u0627 \u0645\u062e\u062a\u0644\u0641\u0629 \u0645\u0646 \u0623\u0642\u0646\u0639\u0629 \u0627\u0644\u0644\u062d\u0627\u0645 \u0648\u062a\u062e\u0635\u064a\u0635 \u062e\u0648\u0630\u0627\u062a \u0627\u0644\u0644\u062d\u0627\u0645\u061b \u0627\u0646\u0642\u0631 \u0639\u0644\u0649<a href=\"https:\/\/toprisesafety.com\/ar\/product-category\/personal-protective-equipment\/face-protection\/welding-helmet\/\"> \u0634\u0627\u0647\u062f \u0627\u0644\u0645\u0632\u064a\u062f \u0645\u0646 \u0623\u0646\u0645\u0627\u0637 \u0623\u0642\u0646\u0639\u0629 \u0627\u0644\u0644\u062d\u0627\u0645 \u0648\u062e\u0648\u0630\u0627\u062a \u0627\u0644\u0644\u062d\u0627\u0645.<\/a><\/p>\n<p>\u0625\u0630\u0627 \u0644\u0645 \u062a\u062c\u062f \u0623\u0642\u0646\u0639\u0629 \u0627\u0644\u0644\u062d\u0627\u0645 \u0648\u062e\u0648\u0630\u0627\u062a \u0627\u0644\u0644\u062d\u0627\u0645 \u0627\u0644\u0645\u0637\u0644\u0648\u0628\u0629, <a href=\"https:\/\/toprisesafety.com\/ar\/contact-us\/\">\u0627\u062a\u0635\u0644 \u0628\u0646\u0627<\/a>\u0646\u062f\u0639\u0645 \u0627\u0644\u062a\u062e\u0635\u064a\u0635 \u0627\u0644\u062e\u0627\u0635\u061b \u062d\u064a\u062b \u0646\u062f\u0639\u0645 \u0627\u0644\u062a\u062e\u0635\u064a\u0635 \u0627\u0644\u062e\u0627\u0635.<\/p>","protected":false},"excerpt":{"rendered":"<p>Best Welding Mask Auto Darkening ART NO. WMA08 Filter Size 110\u00d790\u00d710mm Active Viewing Area 93\u00d743MM Light Shade DIN3 Dark Shade DIN9-13 Dark State Adjustment Yes SenSitivity Adjustment Yes Switching Time 1\/25000S Delay Time 0.01ms Power Supply Lithium battery &amp; Solar Supply Related Capcity of Lithium Battery 60mAh Operating Gradeaginst UVB DIN16 Weight 400G\/PC Packing Each [&hellip;]<\/p>","protected":false},"featured_media":9207,"template":"","meta":{"_acf_changed":false},"product_brand":[],"product_cat":[361,363,362],"product_tag":[],"class_list":{"0":"post-9206","1":"product","2":"type-product","3":"status-publish","4":"has-post-thumbnail","6":"product_cat-face-protection","7":"product_cat-auto-welding-helmet","8":"product_cat-welding-helmet","10":"first","11":"instock","12":"shipping-taxable","13":"product-type-simple"},"acf":[],"_links":{"self":[{"href":"https:\/\/toprisesafety.com\/ar\/wp-json\/wp\/v2\/product\/9206"}],"collection":[{"href":"https:\/\/toprisesafety.com\/ar\/wp-json\/wp\/v2\/product"}],"about":[{"href":"https:\/\/toprisesafety.com\/ar\/wp-json\/wp\/v2\/types\/product"}],"wp:featuredmedia":[{"embeddable":true,"href":"https:\/\/toprisesafety.com\/ar\/wp-json\/wp\/v2\/media\/9207"}],"wp:attachment":[{"href":"https:\/\/toprisesafety.com\/ar\/wp-json\/wp\/v2\/media?parent=9206"}],"wp:term":[{"taxonomy":"product_brand","embeddable":true,"href":"https:\/\/toprisesafety.com\/ar\/wp-json\/wp\/v2\/product_brand?post=9206"},{"taxonomy":"product_cat","embeddable":true,"href":"https:\/\/toprisesafety.com\/ar\/wp-json\/wp\/v2\/product_cat?post=9206"},{"taxonomy":"product_tag","embeddable":true,"href":"https:\/\/toprisesafety.com\/ar\/wp-json\/wp\/v2\/product_tag?post=9206"}],"curies":[{"name":"\u062f\u0628\u0644\u064a\u0648 \u0628\u064a","href":"https:\/\/api.w.org\/{rel}","templated":true}]}}